{"id":4562,"date":"2023-03-18T15:00:33","date_gmt":"2023-03-18T15:00:33","guid":{"rendered":"https:\/\/muziek-karine.be\/location-piano\/"},"modified":"2024-03-12T10:26:12","modified_gmt":"2024-03-12T10:26:12","slug":"location-piano","status":"publish","type":"page","link":"https:\/\/muziek-karine.be\/fr\/location-piano\/","title":{"rendered":"Location piano"},"content":{"rendered":"\t\t<div data-elementor-type=\"wp-page\" data-elementor-id=\"4562\" class=\"elementor elementor-4562 elementor-2648\" data-elementor-post-type=\"page\">\n\t\t\t\t\t\t<section class=\"elementor-section elementor-top-section elementor-element elementor-element-4d1eaf4 elementor-section-boxed elementor-section-height-default elementor-section-height-default\" data-id=\"4d1eaf4\" data-element_type=\"section\" data-settings=\"{&quot;background_background&quot;:&quot;classic&quot;}\">\n\t\t\t\t\t\t\t<div class=\"elementor-background-overlay\"><\/div>\n\t\t\t\t\t\t\t<div class=\"elementor-container elementor-column-gap-default\">\n\t\t\t\t\t<div class=\"elementor-column elementor-col-100 elementor-top-column elementor-element elementor-element-6077b15b\" data-id=\"6077b15b\" data-element_type=\"column\">\n\t\t\t<div class=\"elementor-widget-wrap elementor-element-populated\">\n\t\t\t\t\t\t<div class=\"elementor-element elementor-element-380e160c elementor-widget elementor-widget-heading\" data-id=\"380e160c\" data-element_type=\"widget\" data-widget_type=\"heading.default\">\n\t\t\t\t\t<h1 class=\"elementor-heading-title elementor-size-default\">Piano's en location<\/h1>\t\t\t\t<\/div>\n\t\t\t\t\t<\/div>\n\t\t<\/div>\n\t\t\t\t\t<\/div>\n\t\t<\/section>\n\t\t\t\t<section class=\"elementor-section elementor-top-section elementor-element elementor-element-46d4946b elementor-reverse-tablet elementor-reverse-mobile elementor-section-boxed elementor-section-height-default elementor-section-height-default\" data-id=\"46d4946b\" data-element_type=\"section\" data-settings=\"{&quot;background_background&quot;:&quot;classic&quot;}\">\n\t\t\t\t\t\t<div class=\"elementor-container elementor-column-gap-default\">\n\t\t\t\t\t<div class=\"elementor-column elementor-col-50 elementor-top-column elementor-element elementor-element-480989fc\" data-id=\"480989fc\" data-element_type=\"column\">\n\t\t\t<div class=\"elementor-widget-wrap elementor-element-populated\">\n\t\t\t\t\t\t<div class=\"elementor-element elementor-element-56a45aec elementor-widget elementor-widget-image\" data-id=\"56a45aec\" data-element_type=\"widget\" data-widget_type=\"image.default\">\n\t\t\t\t\t\t\t\t\t\t\t\t\t\t\t<img fetchpriority=\"high\" decoding=\"async\" width=\"800\" height=\"534\" src=\"https:\/\/muziek-karine.be\/wp-content\/uploads\/2023\/03\/Verhuur-Pianos-1024x683.jpg\" class=\"attachment-large size-large wp-image-4364\" alt=\"\" srcset=\"https:\/\/muziek-karine.be\/wp-content\/uploads\/2023\/03\/Verhuur-Pianos-1024x683.jpg 1024w, https:\/\/muziek-karine.be\/wp-content\/uploads\/2023\/03\/Verhuur-Pianos-300x200.jpg 300w, https:\/\/muziek-karine.be\/wp-content\/uploads\/2023\/03\/Verhuur-Pianos-768x512.jpg 768w, https:\/\/muziek-karine.be\/wp-content\/uploads\/2023\/03\/Verhuur-Pianos-1536x1024.jpg 1536w, https:\/\/muziek-karine.be\/wp-content\/uploads\/2023\/03\/Verhuur-Pianos-600x400.jpg 600w, https:\/\/muziek-karine.be\/wp-content\/uploads\/2023\/03\/Verhuur-Pianos.jpg 1920w\" sizes=\"(max-width: 800px) 100vw, 800px\" \/>\t\t\t\t\t\t\t\t\t\t\t\t\t\t\t<\/div>\n\t\t\t\t\t<\/div>\n\t\t<\/div>\n\t\t\t\t<div class=\"elementor-column elementor-col-50 elementor-top-column elementor-element elementor-element-158f6445\" data-id=\"158f6445\" data-element_type=\"column\">\n\t\t\t<div class=\"elementor-widget-wrap elementor-element-populated\">\n\t\t\t\t\t\t<div class=\"elementor-element elementor-element-3915bcc6 elementor-widget elementor-widget-heading\" data-id=\"3915bcc6\" data-element_type=\"widget\" data-widget_type=\"heading.default\">\n\t\t\t\t\t<h2 class=\"elementor-heading-title elementor-size-default\">Vous \u00eates pianiste d\u00e9butant (ou confirm\u00e9) et recherchez un piano l\u00e9ger mais de qualit\u00e9 ?<\/h2>\t\t\t\t<\/div>\n\t\t\t\t<div class=\"elementor-element elementor-element-377baac3 elementor-widget elementor-widget-text-editor\" data-id=\"377baac3\" data-element_type=\"widget\" data-widget_type=\"text-editor.default\">\n\t\t\t\t\t\t\t\t\t<p>Alors notre formule d\u2019achat de location de pianos pourrait \u00eatre faite pour vous. Pour seulement \u20ac 250 par an, vous pouvez louer un Medeli DP280K avec clavier K8 de haute qualit\u00e9 ou un GEWA PP-3. Si vous achetez le piano, un an de loyer sera d\u00e9duit. Le moyen id\u00e9al et le moins cher pour savoir, par exemple, si votre fils ou votre fille continuera les cours.<\/p>\n<p>Dans un rayon de 10 km autour de notre magasin \u00e0 Westmalle ou de notre atelier \u00e0 Meigem, nous livrons le piano \u00e0 votre domicile gratuitement.(*)<\/p>\n<p>En dehors de ce rayon, nous facturons des frais de transport ou vous pouvez r\u00e9cup\u00e9rer le piano sur place.<\/p>\n\t\t\t\t\t\t\t\t<\/div>\n\t\t\t\t<div class=\"elementor-element elementor-element-47e82f7 elementor-tablet-align-center elementor-icon-list--layout-traditional elementor-list-item-link-full_width elementor-widget elementor-widget-icon-list\" data-id=\"47e82f7\" data-element_type=\"widget\" data-widget_type=\"icon-list.default\">\n\t\t\t\t\t\t\t<ul class=\"elementor-icon-list-items\">\n\t\t\t\t\t\t\t<li class=\"elementor-icon-list-item\">\n\t\t\t\t\t\t\t\t\t\t<span class=\"elementor-icon-list-text\">* Vous fournissez une personne qui pourra aider \u00e0 d\u00e9charger le piano. <\/span>\n\t\t\t\t\t\t\t\t\t<\/li>\n\t\t\t\t\t\t\t\t<li class=\"elementor-icon-list-item\">\n\t\t\t\t\t\t\t\t\t\t<span class=\"elementor-icon-list-text\">D\u00e9lai appropri\u00e9 pour la livraison en consultation.<\/span>\n\t\t\t\t\t\t\t\t\t<\/li>\n\t\t\t\t\t\t\t\t<li class=\"elementor-icon-list-item\">\n\t\t\t\t\t\t\t\t\t\t<span class=\"elementor-icon-list-text\">Lors du retour du piano apr\u00e8s la location, nous vous demanderons des frais de transport si vous ne pouvez pas restituer le piano vous-m\u00eame.<\/span>\n\t\t\t\t\t\t\t\t\t<\/li>\n\t\t\t\t\t\t<\/ul>\n\t\t\t\t\t\t<\/div>\n\t\t\t\t<section class=\"elementor-section elementor-inner-section elementor-element elementor-element-9e8742d elementor-section-boxed elementor-section-height-default elementor-section-height-default\" data-id=\"9e8742d\" data-element_type=\"section\">\n\t\t\t\t\t\t<div class=\"elementor-container elementor-column-gap-no\">\n\t\t\t\t\t<div class=\"elementor-column elementor-col-50 elementor-inner-column elementor-element elementor-element-ca39201\" data-id=\"ca39201\" data-element_type=\"column\">\n\t\t\t<div class=\"elementor-widget-wrap elementor-element-populated\">\n\t\t\t\t\t\t<div class=\"elementor-element elementor-element-6b00616 elementor-widget elementor-widget-image\" data-id=\"6b00616\" data-element_type=\"widget\" data-widget_type=\"image.default\">\n\t\t\t\t\t\t\t\t\t\t\t\t\t\t\t\t<a href=\"https:\/\/muziek-karine.be\/wp-content\/uploads\/2023\/03\/Regio-Malle.jpg\" data-elementor-open-lightbox=\"yes\" data-e-action-hash=\"#elementor-action%3Aaction%3Dlightbox%26settings%3DeyJpZCI6NDM2NywidXJsIjoiaHR0cHM6XC9cL211emllay1rYXJpbmUuYmVcL3dwLWNvbnRlbnRcL3VwbG9hZHNcLzIwMjNcLzAzXC9SZWdpby1NYWxsZS5qcGcifQ%3D%3D\">\n\t\t\t\t\t\t\t<img decoding=\"async\" width=\"739\" height=\"443\" src=\"https:\/\/muziek-karine.be\/wp-content\/uploads\/2023\/03\/Regio-Malle.jpg\" class=\"attachment-large size-large wp-image-4367\" alt=\"\" srcset=\"https:\/\/muziek-karine.be\/wp-content\/uploads\/2023\/03\/Regio-Malle.jpg 739w, https:\/\/muziek-karine.be\/wp-content\/uploads\/2023\/03\/Regio-Malle-300x180.jpg 300w, https:\/\/muziek-karine.be\/wp-content\/uploads\/2023\/03\/Regio-Malle-600x360.jpg 600w\" sizes=\"(max-width: 739px) 100vw, 739px\" \/>\t\t\t\t\t\t\t\t<\/a>\n\t\t\t\t\t\t\t\t\t\t\t\t\t\t\t<\/div>\n\t\t\t\t\t<\/div>\n\t\t<\/div>\n\t\t\t\t<div class=\"elementor-column elementor-col-50 elementor-inner-column elementor-element elementor-element-674183a\" data-id=\"674183a\" data-element_type=\"column\">\n\t\t\t<div class=\"elementor-widget-wrap elementor-element-populated\">\n\t\t\t\t\t\t<div class=\"elementor-element elementor-element-5c0ad3e elementor-widget elementor-widget-image\" data-id=\"5c0ad3e\" data-element_type=\"widget\" data-widget_type=\"image.default\">\n\t\t\t\t\t\t\t\t\t\t\t\t\t\t\t\t<a href=\"https:\/\/muziek-karine.be\/wp-content\/uploads\/2023\/03\/Regio-Meigem.jpg\" data-elementor-open-lightbox=\"yes\" data-e-action-hash=\"#elementor-action%3Aaction%3Dlightbox%26settings%3DeyJpZCI6NDM2NiwidXJsIjoiaHR0cHM6XC9cL211emllay1rYXJpbmUuYmVcL3dwLWNvbnRlbnRcL3VwbG9hZHNcLzIwMjNcLzAzXC9SZWdpby1NZWlnZW0uanBnIn0%3D\">\n\t\t\t\t\t\t\t<img decoding=\"async\" width=\"732\" height=\"439\" src=\"https:\/\/muziek-karine.be\/wp-content\/uploads\/2023\/03\/Regio-Meigem.jpg\" class=\"attachment-large size-large wp-image-4366\" alt=\"\" srcset=\"https:\/\/muziek-karine.be\/wp-content\/uploads\/2023\/03\/Regio-Meigem.jpg 732w, https:\/\/muziek-karine.be\/wp-content\/uploads\/2023\/03\/Regio-Meigem-300x180.jpg 300w, https:\/\/muziek-karine.be\/wp-content\/uploads\/2023\/03\/Regio-Meigem-600x360.jpg 600w\" sizes=\"(max-width: 732px) 100vw, 732px\" \/>\t\t\t\t\t\t\t\t<\/a>\n\t\t\t\t\t\t\t\t\t\t\t\t\t\t\t<\/div>\n\t\t\t\t\t<\/div>\n\t\t<\/div>\n\t\t\t\t\t<\/div>\n\t\t<\/section>\n\t\t\t\t\t<\/div>\n\t\t<\/div>\n\t\t\t\t\t<\/div>\n\t\t<\/section>\n\t\t\t\t<section class=\"elementor-section elementor-top-section elementor-element elementor-element-297733e3 elementor-section-boxed elementor-section-height-default elementor-section-height-default\" data-id=\"297733e3\" data-element_type=\"section\" data-settings=\"{&quot;background_background&quot;:&quot;classic&quot;}\">\n\t\t\t\t\t\t<div class=\"elementor-container elementor-column-gap-default\">\n\t\t\t\t\t<div class=\"elementor-column elementor-col-100 elementor-top-column elementor-element elementor-element-2a3cfbf\" data-id=\"2a3cfbf\" data-element_type=\"column\">\n\t\t\t<div class=\"elementor-widget-wrap elementor-element-populated\">\n\t\t\t\t\t\t<div class=\"elementor-element elementor-element-199d78f6 elementor-widget elementor-widget-heading\" data-id=\"199d78f6\" data-element_type=\"widget\" data-widget_type=\"heading.default\">\n\t\t\t\t\t<h2 class=\"elementor-heading-title elementor-size-default\">Nos instruments de piano en location<\/h2>\t\t\t\t<\/div>\n\t\t\t\t<div class=\"elementor-element elementor-element-10dcd348 elementor-widget elementor-widget-jet-woo-products\" data-id=\"10dcd348\" data-element_type=\"widget\" data-settings=\"{&quot;columns&quot;:&quot;4&quot;,&quot;columns_tablet&quot;:&quot;3&quot;,&quot;columns_mobile&quot;:&quot;2&quot;}\" data-widget_type=\"jet-woo-products.default\">\n\t\t\t\t<div class=\"elementor-widget-container\">\n\t\t\t\t\t<div class=\"elementor-jet-woo-products jet-woo-builder\"><div class=\"jet-woo-products jet-woo-products--preset-3 col-row  jet-equal-cols\" data-mobile-hover=\"\" >\n<div class=\"jet-woo-products__item jet-woo-builder-product\" data-product-id=\"2770\">\n\t<div class=\"jet-woo-products__inner-box\"  >\n\t\t\n<div class=\"jet-woo-products__thumb-wrap\">\n\t\n<div class=\"jet-woo-product-thumbnail\">\n\t\n\t<a href=\"https:\/\/muziek-karine.be\/fr\/produit\/gewa-portable-piano-pp-3\/\"><img loading=\"lazy\" decoding=\"async\" width=\"300\" height=\"300\" src=\"https:\/\/muziek-karine.be\/wp-content\/uploads\/2023\/04\/91767-300x300.jpg\" class=\"attachment-woocommerce_thumbnail size-woocommerce_thumbnail\" alt=\"91767\" \/><\/a>\n\t<div class=\"jet-woo-product-img-overlay\"><\/div>\n\n\t\n\t<\/div><\/div>\n\n<div class=\"jet-woo-products__item-content\">\n\t\n<div class=\"jet-woo-product-categories\">\n\t<ul><li><a href=\"https:\/\/muziek-karine.be\/product-categorie\/instrumenten\/\" rel=\"tag\">Instrumenten<\/a><span class=\"separator\">&#044;&nbsp;<\/span><\/li><li><a href=\"https:\/\/muziek-karine.be\/product-categorie\/instrumenten\/keyboard-en-piano\/\" rel=\"tag\">Keyboard en piano<\/a><span class=\"separator\">&#044;&nbsp;<\/span><\/li><li><a href=\"https:\/\/muziek-karine.be\/fr\/product-categorie\/verhuur\/\" rel=\"tag\">Verhuur<\/a><\/li><\/ul>\n<\/div><h5 class=\"jet-woo-product-title\"><a href=\"https:\/\/muziek-karine.be\/fr\/produit\/gewa-portable-piano-pp-3\/\">GEWA Portable Piano PP-3<\/a><\/h5>\n\t<div class=\"hovered-content\">\n\t\t\n<div class=\"jet-woo-product-button\">\n\t<a href=\"https:\/\/muziek-karine.be\/fr\/produit\/gewa-portable-piano-pp-3\/\" aria-describedby=\"woocommerce_loop_add_to_cart_link_describedby_2770\" data-quantity=\"1\" class=\"button product_type_simple\" data-product_id=\"2770\" data-product_sku=\"\" aria-label=\"En savoir plus sur &ldquo;GEWA Portable Piano PP-3&rdquo;\" rel=\"nofollow\">Lire la suite<\/a>\t<span id=\"woocommerce_loop_add_to_cart_link_describedby_2770\" class=\"screen-reader-text\">\n\t\t\t<\/span>\n<\/div>\n\t\t<div class=\"jet-woo-products-cqw-wrapper cqw-horizontal-view\">\n\t\t\t\t\t<\/div>\n\t<\/div>\n<\/div>\t<\/div>\n\n\t<\/div>\n<div class=\"jet-woo-products__item jet-woo-builder-product\" data-product-id=\"2216\">\n\t<div class=\"jet-woo-products__inner-box\"  >\n\t\t\n<div class=\"jet-woo-products__thumb-wrap\">\n\t\n<div class=\"jet-woo-product-thumbnail\">\n\t\n\t<a href=\"https:\/\/muziek-karine.be\/fr\/produit\/dp280k\/\"><img loading=\"lazy\" decoding=\"async\" width=\"300\" height=\"300\" src=\"https:\/\/muziek-karine.be\/wp-content\/uploads\/2023\/01\/44324-300x300.jpg\" class=\"attachment-woocommerce_thumbnail size-woocommerce_thumbnail\" alt=\"44324\" \/><\/a>\n\t<div class=\"jet-woo-product-img-overlay\"><\/div>\n\n\t\n\t<\/div><\/div>\n\n<div class=\"jet-woo-products__item-content\">\n\t\n<div class=\"jet-woo-product-categories\">\n\t<ul><li><a href=\"https:\/\/muziek-karine.be\/fr\/product-categorie\/verhuur\/\" rel=\"tag\">Verhuur<\/a><span class=\"separator\">&#044;&nbsp;<\/span><\/li><li><a href=\"https:\/\/muziek-karine.be\/product-categorie\/instrumenten\/\" rel=\"tag\">Instrumenten<\/a><span class=\"separator\">&#044;&nbsp;<\/span><\/li><li><a href=\"https:\/\/muziek-karine.be\/product-categorie\/instrumenten\/keyboard-en-piano\/\" rel=\"tag\">Keyboard en piano<\/a><\/li><\/ul>\n<\/div><h5 class=\"jet-woo-product-title\"><a href=\"https:\/\/muziek-karine.be\/fr\/produit\/dp280k\/\">Medeli DP280K<\/a><\/h5>\n\t<div class=\"hovered-content\">\n\t\t\n<div class=\"jet-woo-product-button\">\n\t<a href=\"https:\/\/muziek-karine.be\/fr\/produit\/dp280k\/\" aria-describedby=\"woocommerce_loop_add_to_cart_link_describedby_2216\" data-quantity=\"1\" class=\"button product_type_simple\" data-product_id=\"2216\" data-product_sku=\"\" aria-label=\"En savoir plus sur &ldquo;Medeli DP280K&rdquo;\" rel=\"nofollow\">Lire la suite<\/a>\t<span id=\"woocommerce_loop_add_to_cart_link_describedby_2216\" class=\"screen-reader-text\">\n\t\t\t<\/span>\n<\/div>\n\t\t<div class=\"jet-woo-products-cqw-wrapper cqw-horizontal-view\">\n\t\t\t\t\t<\/div>\n\t<\/div>\n<\/div>\t<\/div>\n\n\t<\/div><\/div>\n<\/div>\t\t\t\t<\/div>\n\t\t\t\t<\/div>\n\t\t\t\t<div class=\"elementor-element elementor-element-3c5a94a7 elementor-widget elementor-widget-jet-smart-filters-pagination\" data-id=\"3c5a94a7\" data-element_type=\"widget\" data-widget_type=\"jet-smart-filters-pagination.default\">\n\t\t\t\t<div class=\"elementor-widget-container\">\n\t\t\t\t\t<div\n\t\t\t\tclass=\"jet-smart-filters-pagination jet-filter\"\n\t\t\t\tdata-apply-provider=\"jet-woo-products-grid\"\n\t\t\t\tdata-content-provider=\"jet-woo-products-grid\"\n\t\t\t\tdata-query-id=\"default\"\n\t\t\t\tdata-controls=\"{&quot;items_enabled&quot;:true,&quot;pages_mid_size&quot;:5,&quot;pages_end_size&quot;:0,&quot;nav_enabled&quot;:true,&quot;prev&quot;:&quot;&lt;&quot;,&quot;next&quot;:&quot;&gt;&quot;,&quot;hide_inactive_nav&quot;:true,&quot;load_more_enabled&quot;:false,&quot;provider_top_offset&quot;:0}\"\n\t\t\t\tdata-apply-type=\"ajax\"\n\t\t\t><\/div>\t\t\t\t<\/div>\n\t\t\t\t<\/div>\n\t\t\t\t\t<\/div>\n\t\t<\/div>\n\t\t\t\t\t<\/div>\n\t\t<\/section>\n\t\t\t\t<section class=\"elementor-section elementor-top-section elementor-element elementor-element-30f28b69 elementor-section-height-min-height elementor-section-boxed elementor-section-height-default elementor-section-items-middle\" data-id=\"30f28b69\" data-element_type=\"section\" data-settings=\"{&quot;background_background&quot;:&quot;classic&quot;}\">\n\t\t\t\t\t\t\t<div class=\"elementor-background-overlay\"><\/div>\n\t\t\t\t\t\t\t<div class=\"elementor-container elementor-column-gap-default\">\n\t\t\t\t\t<div class=\"elementor-column elementor-col-100 elementor-top-column elementor-element elementor-element-60700b90\" data-id=\"60700b90\" data-element_type=\"column\">\n\t\t\t<div class=\"elementor-widget-wrap elementor-element-populated\">\n\t\t\t\t\t\t<div class=\"elementor-element elementor-element-797f9eb elementor-widget elementor-widget-heading\" data-id=\"797f9eb\" data-element_type=\"widget\" data-widget_type=\"heading.default\">\n\t\t\t\t\t<h3 class=\"elementor-heading-title elementor-size-default\">Vous envisagez de louer un piano ?<\/h3>\t\t\t\t<\/div>\n\t\t\t\t<div class=\"elementor-element elementor-element-5e86d4cc elementor-widget elementor-widget-heading\" data-id=\"5e86d4cc\" data-element_type=\"widget\" data-widget_type=\"heading.default\">\n\t\t\t\t\t<span class=\"elementor-heading-title elementor-size-default\">Nous aimerions vous inviter dans notre magasin de musique \u00e0 Malle ou prenez rendez-vous \u00e0 Deinze !<\/span>\t\t\t\t<\/div>\n\t\t\t\t<div class=\"elementor-element elementor-element-63ae8ba4 elementor-align-center elementor-widget elementor-widget-button\" data-id=\"63ae8ba4\" data-element_type=\"widget\" data-widget_type=\"button.default\">\n\t\t\t\t\t\t\t\t\t\t<a class=\"elementor-button elementor-button-link elementor-size-md\" href=\"https:\/\/muziek-karine.be\/contact\/\">\n\t\t\t\t\t\t<span class=\"elementor-button-content-wrapper\">\n\t\t\t\t\t\t\t\t\t<span class=\"elementor-button-text\">Contactez-nous<\/span>\n\t\t\t\t\t<\/span>\n\t\t\t\t\t<\/a>\n\t\t\t\t\t\t\t\t<\/div>\n\t\t\t\t\t<\/div>\n\t\t<\/div>\n\t\t\t\t\t<\/div>\n\t\t<\/section>\n\t\t\t\t<\/div>\n\t\t","protected":false},"excerpt":{"rendered":"<p>Piano&rsquo;s en location Vous \u00eates pianiste d\u00e9butant (ou confirm\u00e9) et recherchez un piano l\u00e9ger mais de qualit\u00e9 ? Alors notre formule d\u2019achat de location de pianos pourrait \u00eatre faite pour vous. Pour seulement \u20ac 250 par an, vous pouvez louer un Medeli DP280K avec clavier K8 de haute qualit\u00e9 ou un GEWA PP-3. Si vous [&hellip;]<\/p>\n","protected":false},"author":1,"featured_media":0,"parent":0,"menu_order":0,"comment_status":"closed","ping_status":"closed","template":"","meta":{"footnotes":""},"class_list":["post-4562","page","type-page","status-publish","hentry"],"_links":{"self":[{"href":"https:\/\/muziek-karine.be\/fr\/wp-json\/wp\/v2\/pages\/4562","targetHints":{"allow":["GET"]}}],"collection":[{"href":"https:\/\/muziek-karine.be\/fr\/wp-json\/wp\/v2\/pages"}],"about":[{"href":"https:\/\/muziek-karine.be\/fr\/wp-json\/wp\/v2\/types\/page"}],"author":[{"embeddable":true,"href":"https:\/\/muziek-karine.be\/fr\/wp-json\/wp\/v2\/users\/1"}],"replies":[{"embeddable":true,"href":"https:\/\/muziek-karine.be\/fr\/wp-json\/wp\/v2\/comments?post=4562"}],"version-history":[{"count":0,"href":"https:\/\/muziek-karine.be\/fr\/wp-json\/wp\/v2\/pages\/4562\/revisions"}],"wp:attachment":[{"href":"https:\/\/muziek-karine.be\/fr\/wp-json\/wp\/v2\/media?parent=4562"}],"curies":[{"name":"wp","href":"https:\/\/api.w.org\/{rel}","templated":true}]}}