{"id":4581,"date":"2022-07-21T06:00:19","date_gmt":"2022-07-21T06:00:19","guid":{"rendered":"https:\/\/muziek-karine.be\/notre-histoire\/"},"modified":"2024-03-17T01:15:54","modified_gmt":"2024-03-17T01:15:54","slug":"notre-histoire","status":"publish","type":"page","link":"https:\/\/muziek-karine.be\/fr\/notre-histoire\/","title":{"rendered":"Notre histoire"},"content":{"rendered":"\t\t<div data-elementor-type=\"wp-page\" data-elementor-id=\"4581\" class=\"elementor elementor-4581 elementor-567\" data-elementor-post-type=\"page\">\n\t\t\t\t\t\t<section class=\"elementor-section elementor-top-section elementor-element elementor-element-5fd76aeb elementor-section-boxed elementor-section-height-default elementor-section-height-default\" data-id=\"5fd76aeb\" data-element_type=\"section\" data-settings=\"{&quot;background_background&quot;:&quot;classic&quot;}\">\n\t\t\t\t\t\t\t<div class=\"elementor-background-overlay\"><\/div>\n\t\t\t\t\t\t\t<div class=\"elementor-container elementor-column-gap-default\">\n\t\t\t\t\t<div class=\"elementor-column elementor-col-100 elementor-top-column elementor-element elementor-element-7efaa304\" data-id=\"7efaa304\" data-element_type=\"column\">\n\t\t\t<div class=\"elementor-widget-wrap elementor-element-populated\">\n\t\t\t\t\t\t<div class=\"elementor-element elementor-element-612d091a elementor-widget elementor-widget-heading\" data-id=\"612d091a\" data-element_type=\"widget\" data-widget_type=\"heading.default\">\n\t\t\t\t\t<h1 class=\"elementor-heading-title elementor-size-default\">Notre histoire<\/h1>\t\t\t\t<\/div>\n\t\t\t\t\t<\/div>\n\t\t<\/div>\n\t\t\t\t\t<\/div>\n\t\t<\/section>\n\t\t\t\t<section class=\"elementor-section elementor-top-section elementor-element elementor-element-380dc648 elementor-section-boxed elementor-section-height-default elementor-section-height-default\" data-id=\"380dc648\" data-element_type=\"section\">\n\t\t\t\t\t\t<div class=\"elementor-container elementor-column-gap-default\">\n\t\t\t\t\t<div class=\"elementor-column elementor-col-50 elementor-top-column elementor-element elementor-element-74eed4b6\" data-id=\"74eed4b6\" data-element_type=\"column\" data-settings=\"{&quot;background_background&quot;:&quot;classic&quot;}\">\n\t\t\t<div class=\"elementor-widget-wrap elementor-element-populated\">\n\t\t\t\t\t\t<div class=\"elementor-element elementor-element-61280050 elementor-widget elementor-widget-heading\" data-id=\"61280050\" data-element_type=\"widget\" data-widget_type=\"heading.default\">\n\t\t\t\t\t<h2 class=\"elementor-heading-title elementor-size-default\">Notre histoire commence en 1988<\/h2>\t\t\t\t<\/div>\n\t\t\t\t<div class=\"elementor-element elementor-element-7efad1fb elementor-widget elementor-widget-text-editor\" data-id=\"7efad1fb\" data-element_type=\"widget\" data-widget_type=\"text-editor.default\">\n\t\t\t\t\t\t\t\t\t<p>Saxophoniste passionn\u00e9e, Karine souhaite r\u00e9aliser son r\u00eave d&rsquo;enfant : diriger un magasin de musique. Elle d\u00e9marre prudemment en am\u00e9nageant une pi\u00e8ce de sa maison en boutique, et &lsquo;Muziekhandel Karine&rsquo; est n\u00e9. Apr\u00e8s deux ans, Karine et Pierre ont l&rsquo;opportunit\u00e9 d&#8217;emm\u00e9nager avec le petit Bart \u00e0 l&rsquo;Antwerpsesteenweg \u00e0 Westmalle, en face de la mairie. Ils franchissent le pas et le magasin se remplit d&rsquo;une trompette, saxophone, trombone, fl\u00fbte, violon, quelques guitares,&#8230; et des accord\u00e9ons ! Depuis le d\u00e9but, la devise est \u00ab La musique pour tous, pas seulement pour ceux qui en ont les moyens \u00bb. C&rsquo;est pour cette raison qu&rsquo;elle prend \u00e9galement la direction de l&rsquo;\u00e9cole de musique local, car les b\u00e9n\u00e9voles qui donnent des cours de musique co\u00fbtent moins cher que les enseignants professionnels \u00e0 l&rsquo; acad\u00e9mie. Depuis plus de 20 ans, 400 jeunes y re\u00e7oivent chaque ann\u00e9e des cours de musique. Karine note qu&rsquo;en Belgique on peut d\u00e9j\u00e0 louer tous les instruments, sauf les accord\u00e9ons. Ainsi, les parents d&rsquo;un enfant int\u00e9ress\u00e9 par l&rsquo;accord\u00e9on sont oblig\u00e9s d&rsquo;acheter imm\u00e9diatement un instrument co\u00fbteux. Il fallait faire quelque chose car, trop souvent, ces enfants \u00e9taient oblig\u00e9s de choisir un autre instrument pour des raisons budg\u00e9taires ! Toutes les \u00e9conomies ont \u00e9t\u00e9 rassembl\u00e9es pour acheter des accord\u00e9ons pour d\u00e9butants, qui ont ensuite \u00e9t\u00e9 lou\u00e9s. Le beau-p\u00e8re Louis, accord\u00e9oniste talentueux, s&rsquo;occupe des r\u00e9parations et de l&rsquo;entretien. Au fil des ann\u00e9es, de nouveaux mod\u00e8les viennent compl\u00e9ter la gamme. Aujourd&rsquo;hui nous sommes fiers de dire que nous louons des accord\u00e9ons pour les enfants de quatre ans jusqu&rsquo;\u00e0 un mod\u00e8le adapt\u00e9 \u00e0 la premi\u00e8re ann\u00e9e de l&rsquo;universit\u00e9.<\/p>\n<p>Malheureusement, Karine est frapp\u00e9e bien trop jeune par une maladie incurable. Son mari Pierre et son fils Bart sortent ainsi de l&rsquo;ombre pour poursuivre l&rsquo;\u0153uvre de sa vie.<\/p>\n<p>Avec la m\u00eame passion et le m\u00eame dynamisme, nous faisons tout notre possible pour que chaque client reparte chez lui avec l&rsquo;accord\u00e9on le plus adapt\u00e9. Cela peut \u00eatre avec un instrument de location ou un accord\u00e9on achet\u00e9 neuf ou d&rsquo;occasion. Tr\u00e8s int\u00e9ressante est notre formule d&rsquo;achat de location, qui est la m\u00eame depuis 30 ans : lors de l&rsquo;achat d&rsquo;un accord\u00e9on apr\u00e8s la p\u00e9riode de location, un an de loyer est toujours d\u00e9duit. Ceci pourra \u00eatre un accord\u00e9on neuf ou d&rsquo;occasion. Et n&rsquo;oubliez pas : vous pouvez louer aussi longtemps que vous le souhaitez, vous n&rsquo;\u00eates jamais oblig\u00e9 d&rsquo;acheter.<\/p>\n\t\t\t\t\t\t\t\t<\/div>\n\t\t\t\t\t<\/div>\n\t\t<\/div>\n\t\t\t\t<div class=\"elementor-column elementor-col-50 elementor-top-column elementor-element elementor-element-06a9f93\" data-id=\"06a9f93\" data-element_type=\"column\" data-settings=\"{&quot;background_background&quot;:&quot;classic&quot;}\">\n\t\t\t<div class=\"elementor-widget-wrap elementor-element-populated\">\n\t\t\t\t\t\t<div class=\"elementor-element elementor-element-7d04ae2 elementor-widget elementor-widget-spacer\" data-id=\"7d04ae2\" data-element_type=\"widget\" data-widget_type=\"spacer.default\">\n\t\t\t\t\t\t\t<div class=\"elementor-spacer\">\n\t\t\t<div class=\"elementor-spacer-inner\"><\/div>\n\t\t<\/div>\n\t\t\t\t\t\t<\/div>\n\t\t\t\t\t<\/div>\n\t\t<\/div>\n\t\t\t\t\t<\/div>\n\t\t<\/section>\n\t\t\t\t<\/div>\n\t\t","protected":false},"excerpt":{"rendered":"<p>Notre histoire commence en 1988 Saxophoniste passionn\u00e9e, Karine souhaite r\u00e9aliser son r\u00eave d&rsquo;enfant : diriger un magasin de musique. Elle d\u00e9marre prudemment en am\u00e9nageant une pi\u00e8ce de sa maison en boutique, et &lsquo;Muziekhandel Karine&rsquo; est n\u00e9. Apr\u00e8s deux ans, Karine et Pierre ont l&rsquo;opportunit\u00e9 d&#8217;emm\u00e9nager avec le petit Bart \u00e0 l&rsquo;Antwerpsesteenweg \u00e0 Westmalle, en face [&hellip;]<\/p>\n","protected":false},"author":1,"featured_media":0,"parent":0,"menu_order":0,"comment_status":"closed","ping_status":"closed","template":"","meta":{"footnotes":""},"class_list":["post-4581","page","type-page","status-publish","hentry"],"_links":{"self":[{"href":"https:\/\/muziek-karine.be\/fr\/wp-json\/wp\/v2\/pages\/4581","targetHints":{"allow":["GET"]}}],"collection":[{"href":"https:\/\/muziek-karine.be\/fr\/wp-json\/wp\/v2\/pages"}],"about":[{"href":"https:\/\/muziek-karine.be\/fr\/wp-json\/wp\/v2\/types\/page"}],"author":[{"embeddable":true,"href":"https:\/\/muziek-karine.be\/fr\/wp-json\/wp\/v2\/users\/1"}],"replies":[{"embeddable":true,"href":"https:\/\/muziek-karine.be\/fr\/wp-json\/wp\/v2\/comments?post=4581"}],"version-history":[{"count":0,"href":"https:\/\/muziek-karine.be\/fr\/wp-json\/wp\/v2\/pages\/4581\/revisions"}],"wp:attachment":[{"href":"https:\/\/muziek-karine.be\/fr\/wp-json\/wp\/v2\/media?parent=4581"}],"curies":[{"name":"wp","href":"https:\/\/api.w.org\/{rel}","templated":true}]}}