{"id":4585,"date":"2022-06-17T05:42:20","date_gmt":"2022-06-17T05:42:20","guid":{"rendered":"https:\/\/muziek-karine.be\/politique-de-confidentialite\/"},"modified":"2024-03-17T01:34:06","modified_gmt":"2024-03-17T01:34:06","slug":"politique-de-confidentialite","status":"publish","type":"page","link":"https:\/\/muziek-karine.be\/fr\/politique-de-confidentialite\/","title":{"rendered":"Politique de confidentialit\u00e9"},"content":{"rendered":"\t\t<div data-elementor-type=\"wp-page\" data-elementor-id=\"4585\" class=\"elementor elementor-4585 elementor-3\" data-elementor-post-type=\"page\">\n\t\t\t\t\t\t<section class=\"elementor-section elementor-top-section elementor-element elementor-element-45793f00 elementor-section-boxed elementor-section-height-default elementor-section-height-default\" data-id=\"45793f00\" data-element_type=\"section\">\n\t\t\t\t\t\t<div class=\"elementor-container elementor-column-gap-default\">\n\t\t\t\t\t<div class=\"elementor-column elementor-col-100 elementor-top-column elementor-element elementor-element-11f98fe7\" data-id=\"11f98fe7\" data-element_type=\"column\">\n\t\t\t<div class=\"elementor-widget-wrap elementor-element-populated\">\n\t\t\t\t\t\t<div class=\"elementor-element elementor-element-dfe7e0e elementor-widget elementor-widget-heading\" data-id=\"dfe7e0e\" data-element_type=\"widget\" data-widget_type=\"heading.default\">\n\t\t\t\t\t<h1 class=\"elementor-heading-title elementor-size-default\">Politique de confidentialit\u00e9<\/h1>\t\t\t\t<\/div>\n\t\t\t\t<div class=\"elementor-element elementor-element-39da9c1 elementor-widget elementor-widget-heading\" data-id=\"39da9c1\" data-element_type=\"widget\" data-widget_type=\"heading.default\">\n\t\t\t\t\t<span class=\"elementor-heading-title elementor-size-default\">Dernier ajustement du texte : 30-01-2023<\/span>\t\t\t\t<\/div>\n\t\t\t\t<div class=\"elementor-element elementor-element-27a799c elementor-widget elementor-widget-heading\" data-id=\"27a799c\" data-element_type=\"widget\" data-widget_type=\"heading.default\">\n\t\t\t\t\t<h2 class=\"elementor-heading-title elementor-size-default\">1. Coordonn\u00e9es du responsable du traitement<\/h2>\t\t\t\t<\/div>\n\t\t\t\t<div class=\"elementor-element elementor-element-b24e2c2 elementor-widget elementor-widget-text-editor\" data-id=\"b24e2c2\" data-element_type=\"widget\" data-widget_type=\"text-editor.default\">\n\t\t\t\t\t\t\t\t\t<p>Le responsable du traitement des donn\u00e9es personnelles est gcv KARINE. Vous pouvez nous joindre \u00e0 l&rsquo;adresse ci-dessous, par e-mail ou par t\u00e9l\u00e9phone :<\/p>\n<p>Antwerpsesteenweg 251, 2390 Malle, <a href=\"mailto:info@muziek-karine.be\">info@muziek-karine.be<\/a>, <a href=\"tel:033116443\">03 311 64 43<\/a><\/p>\t\t\t\t\t\t\t\t<\/div>\n\t\t\t\t<div class=\"elementor-element elementor-element-c6b74d7 elementor-widget elementor-widget-heading\" data-id=\"c6b74d7\" data-element_type=\"widget\" data-widget_type=\"heading.default\">\n\t\t\t\t\t<h2 class=\"elementor-heading-title elementor-size-default\">2. Finalit\u00e9s de la collecte de donn\u00e9es personnelles<\/h2>\t\t\t\t<\/div>\n\t\t\t\t<div class=\"elementor-element elementor-element-b31255e elementor-widget elementor-widget-text-editor\" data-id=\"b31255e\" data-element_type=\"widget\" data-widget_type=\"text-editor.default\">\n\t\t\t\t\t\t\t\t\t<p>Nous collectons des donn\u00e9es personnelles aux fins suivantes : nos activit\u00e9s de magasin de musique et de location d&rsquo;instruments, l&rsquo;administration et la gestion du personnel, la facturation et la comptabilit\u00e9, la gestion des clients et des fournisseurs, des fins publicitaires, la s\u00e9curit\u00e9, la coop\u00e9ration avec divers prestataires de services, le recrutement et la s\u00e9lection, la construction et la gestion des connaissances.<\/p>\n\t\t\t\t\t\t\t\t<\/div>\n\t\t\t\t<div class=\"elementor-element elementor-element-24d49c4 elementor-widget elementor-widget-heading\" data-id=\"24d49c4\" data-element_type=\"widget\" data-widget_type=\"heading.default\">\n\t\t\t\t\t<h2 class=\"elementor-heading-title elementor-size-default\">3. Base juridique du traitement<\/h2>\t\t\t\t<\/div>\n\t\t\t\t<div class=\"elementor-element elementor-element-815b44a elementor-widget elementor-widget-text-editor\" data-id=\"815b44a\" data-element_type=\"widget\" data-widget_type=\"text-editor.default\">\n\t\t\t\t\t\t\t\t\t<p>Nous traitons les donn\u00e9es personnelles uniquement lorsque le traitement s&rsquo;appuie sur une base l\u00e9gale, \u00e0 savoir : lorsque la personne concern\u00e9e a donn\u00e9 son consentement, lorsque le traitement des donn\u00e9es est n\u00e9cessaire \u00e0 la fourniture de nos services, lorsque le traitement est n\u00e9cessaire pour se conformer \u00e0 une obligation l\u00e9gale, lorsque le traitement est n\u00e9cessaire \u00e0 une mission effectu\u00e9e dans l&rsquo;int\u00e9r\u00eat public ou \u00e0 la protection des int\u00e9r\u00eats vitaux de la personne concern\u00e9e. <\/p>\n<p>Les donn\u00e9es personnelles de ceux qui ont une relation contractuelle avec nous (y compris les clients, le personnel, les prestataires de services, etc.) sont trait\u00e9es car cela est n\u00e9cessaire \u00e0 l&rsquo;ex\u00e9cution de cet accord. La communication de donn\u00e9es personnelles peut \u00eatre une condition n\u00e9cessaire pour conclure un accord. Le fait de ne pas fournir ces informations peut emp\u00eacher ou limiter la fourniture de nos services. <\/p>\n<p>Les donn\u00e9es personnelles de tiers sont trait\u00e9es si le traitement est n\u00e9cessaire \u00e0 l&rsquo;accomplissement d&rsquo;une mission d&rsquo;int\u00e9r\u00eat g\u00e9n\u00e9ral d&rsquo;une part et \u00e0 la repr\u00e9sentation des int\u00e9r\u00eats l\u00e9gitimes de nos clients d&rsquo;autre part. Ces int\u00e9r\u00eats l\u00e9gitimes consistent dans l\u2019ex\u00e9cution de nos prestations pour le client concern\u00e9.<\/p>\n<p>Des cat\u00e9gories particuli\u00e8res de donn\u00e9es personnelles (relatives \u00e0 l&rsquo;origine raciale ou ethnique, aux opinions politiques, aux convictions religieuses ou philosophiques, \u00e0 l&rsquo;appartenance syndicale, \u00e0 la sant\u00e9, au comportement sexuel ou \u00e0 l&rsquo;orientation sexuelle) ne seront trait\u00e9es que si la personne concern\u00e9e a donn\u00e9 son consentement explicite, le traitement est n\u00e9cessaire pour l&rsquo;\u00e9tablissement, l&rsquo;exercice ou la justification du droit en justice, ou l&rsquo;une des autres conditions incluses dans le RGPD.<\/p>\t\t\t\t\t\t\t\t<\/div>\n\t\t\t\t<div class=\"elementor-element elementor-element-af1c469 elementor-widget elementor-widget-heading\" data-id=\"af1c469\" data-element_type=\"widget\" data-widget_type=\"heading.default\">\n\t\t\t\t\t<h2 class=\"elementor-heading-title elementor-size-default\">4. Cat\u00e9gories de donn\u00e9es personnelles collect\u00e9es<\/h2>\t\t\t\t<\/div>\n\t\t\t\t<div class=\"elementor-element elementor-element-45a7902 elementor-widget elementor-widget-text-editor\" data-id=\"45a7902\" data-element_type=\"widget\" data-widget_type=\"text-editor.default\">\n\t\t\t\t\t\t\t\t\t<p>Les cat\u00e9gories de donn\u00e9es personnelles suivantes peuvent \u00eatre collect\u00e9es : nom, adresse (analogique et num\u00e9rique), donn\u00e9es de t\u00e9l\u00e9communications, donn\u00e9es comptables comprenant le num\u00e9ro de compte et les informations financi\u00e8res, sexe, \u00e2ge, num\u00e9ro de registre national, num\u00e9ro de TVA et\/ou d&rsquo;entreprise, informations relatives \u00e0 situation de travail, statut de s\u00e9curit\u00e9 sociale et informations connexes, donn\u00e9es salariales, situation familiale, \u00e9tat civil, images, enregistrements vid\u00e9o et sonores.<\/p>\n\t\t\t\t\t\t\t\t<\/div>\n\t\t\t\t<div class=\"elementor-element elementor-element-c0c134b elementor-widget elementor-widget-heading\" data-id=\"c0c134b\" data-element_type=\"widget\" data-widget_type=\"heading.default\">\n\t\t\t\t\t<h2 class=\"elementor-heading-title elementor-size-default\">5. Destinataires ou cat\u00e9gories de destinataires des donn\u00e9es personnelles<\/h2>\t\t\t\t<\/div>\n\t\t\t\t<div class=\"elementor-element elementor-element-c7dd5ec elementor-widget elementor-widget-text-editor\" data-id=\"c7dd5ec\" data-element_type=\"widget\" data-widget_type=\"text-editor.default\">\n\t\t\t\t\t\t\t\t\t<p>Les cat\u00e9gories de destinataires des donn\u00e9es personnelles sont les suivantes : autorit\u00e9s judiciaires, services gouvernementaux, entreprises et particuliers, prestataires informatiques, agences de communication, traducteurs, secr\u00e9tariat social, service externe de pr\u00e9vention et autres prestataires de services. <\/p>\n<p>Les donn\u00e9es peuvent \u00eatre trait\u00e9es par nos soins dans un pays en dehors de l&rsquo;Espace \u00e9conomique europ\u00e9en, \u00e0 tel point que et dans la mesure o\u00f9 cela est strictement n\u00e9cessaire dans le cadre de la prestation de services.<\/p>\t\t\t\t\t\t\t\t<\/div>\n\t\t\t\t<div class=\"elementor-element elementor-element-d370d2f elementor-widget elementor-widget-heading\" data-id=\"d370d2f\" data-element_type=\"widget\" data-widget_type=\"heading.default\">\n\t\t\t\t\t<h2 class=\"elementor-heading-title elementor-size-default\">6. Vos droits en tant que personne concern\u00e9e dans le traitement des donn\u00e9es personnelles<\/h2>\t\t\t\t<\/div>\n\t\t\t\t<div class=\"elementor-element elementor-element-beb4dff elementor-widget elementor-widget-text-editor\" data-id=\"beb4dff\" data-element_type=\"widget\" data-widget_type=\"text-editor.default\">\n\t\t\t\t\t\t\t\t\t<p>Vous avez le droit de demander \u00e0 tout moment des informations sur les donn\u00e9es personnelles que nous d\u00e9tenons \u00e0 votre sujet. <\/p>\n<p>Vous pouvez modifier des donn\u00e9es incorrectes et compl\u00e9ter des donn\u00e9es incompl\u00e8tes. Vous avez le droit de nous demander d&rsquo;effacer vos donn\u00e9es personnelles, sauf lorsque le traitement est n\u00e9cessaire au droit \u00e0 la libert\u00e9 d&rsquo;expression et d&rsquo;information, au respect d&rsquo;une obligation l\u00e9gale de traitement ou \u00e0 une mission d&rsquo;int\u00e9r\u00eat public \u00e0 laquelle nous sommes soumis. <\/p>\n<p>Vous avez le droit de demander que nous limitions le traitement de vos donn\u00e9es personnelles dans les cas suivants : si vous pensez que vos donn\u00e9es personnelles sont incorrectes, si vous pensez qu&rsquo;il n&rsquo;y a pas d&rsquo;int\u00e9r\u00eat l\u00e9gitime au traitement de vos donn\u00e9es personnelles, si nous n&rsquo; avons plus besoin des donn\u00e9es mais vous en avez besoin pour la constatation, l&rsquo;exercice ou la d\u00e9fense de droits en justice, et si vous vous opposez au traitement de vos donn\u00e9es personnelles parce que le traitement par le responsable du traitement \u00e9tait fond\u00e9 \u00e0 tort sur la n\u00e9cessit\u00e9 d&rsquo;accomplir une mission d&rsquo;int\u00e9r\u00eat g\u00e9n\u00e9ral , ou la promotion de nos int\u00e9r\u00eats l\u00e9gitimes ou de ceux d\u2019un tiers. <\/p>\n<p>Vous pouvez demander que vos donn\u00e9es personnelles soient transf\u00e9r\u00e9es \u00e0 vous-m\u00eame ou \u00e0 un tiers. Le RGPD pr\u00e9voit un certain nombre de restrictions \u00e0 ce droit. <\/p>\n<p>Vous avez le droit de vous opposer au traitement de vos donn\u00e9es personnelles parce que le traitement par le responsable du traitement \u00e9tait fond\u00e9 \u00e0 tort sur la n\u00e9cessit\u00e9 de l&rsquo;ex\u00e9cution d&rsquo;une mission effectu\u00e9e dans l&rsquo;int\u00e9r\u00eat public, ou sur la poursuite de nos int\u00e9r\u00eats l\u00e9gitimes ou de ceux d&rsquo;un tiers. f\u00eate et marketing direct. Vous pouvez exercer tous ces droits en nous contactant via les coordonn\u00e9es indiqu\u00e9es au titre 1. Sur la base de votre message, nous devons \u00eatre en mesure de v\u00e9rifier votre identit\u00e9 afin qu&rsquo;une autre personne ne puisse exercer vos droits. Nous traiterons votre plainte dans les plus brefs d\u00e9lais. Vous pouvez \u00e9galement nous contacter si vous avez des questions ou des commentaires concernant vos donn\u00e9es personnelles ou notre politique de confidentialit\u00e9.<\/p>\t\t\t\t\t\t\t\t<\/div>\n\t\t\t\t<div class=\"elementor-element elementor-element-7568a2d elementor-widget elementor-widget-heading\" data-id=\"7568a2d\" data-element_type=\"widget\" data-widget_type=\"heading.default\">\n\t\t\t\t\t<h2 class=\"elementor-heading-title elementor-size-default\">7. Infraction<\/h2>\t\t\t\t<\/div>\n\t\t\t\t<div class=\"elementor-element elementor-element-8c2466b elementor-widget elementor-widget-text-editor\" data-id=\"8c2466b\" data-element_type=\"widget\" data-widget_type=\"text-editor.default\">\n\t\t\t\t\t\t\t\t\tEn cas de violation relative aux donn\u00e9es personnelles, nous le signalerons \u00e0 l&rsquo; autorit\u00e9 de contr\u00f4le mentionn\u00e9e au titre 9.\n La notification comprendra toutes les donn\u00e9es obligatoires en vertu du RGPD\n Toutes les infractions, leurs cons\u00e9quences et les mesures correctives prises sont document\u00e9es par nos soins.\n Si l\u2019infraction est susceptible de pr\u00e9senter un risque \u00e9lev\u00e9 pour vos droits et libert\u00e9s, vous en serez inform\u00e9 sans d\u00e9lai.\n\t\t\t\t\t\t\t\t<\/div>\n\t\t\t\t<div class=\"elementor-element elementor-element-88a9e79 elementor-widget elementor-widget-heading\" data-id=\"88a9e79\" data-element_type=\"widget\" data-widget_type=\"heading.default\">\n\t\t\t\t\t<h2 class=\"elementor-heading-title elementor-size-default\">8. P\u00e9riode de stockage<\/h2>\t\t\t\t<\/div>\n\t\t\t\t<div class=\"elementor-element elementor-element-cc55432 elementor-widget elementor-widget-text-editor\" data-id=\"cc55432\" data-element_type=\"widget\" data-widget_type=\"text-editor.default\">\n\t\t\t\t\t\t\t\t\t<p>Compte tenu des d\u00e9lais de responsabilit\u00e9, des dur\u00e9es de conservation des pi\u00e8ces comptables et dans l&rsquo;int\u00e9r\u00eat de la client\u00e8le, vos donn\u00e9es personnelles seront conserv\u00e9es pendant dix ans apr\u00e8s la date de cl\u00f4ture du dernier dossier auquel se rapportent les donn\u00e9es personnelles. Les donn\u00e9es personnelles qui ne sont pas li\u00e9es \u00e0 un fichier seront conserv\u00e9es aussi longtemps que n\u00e9cessaire pour mener \u00e0 bien les activit\u00e9s indiqu\u00e9es dans cette politique.<\/p>\n\t\t\t\t\t\t\t\t<\/div>\n\t\t\t\t<div class=\"elementor-element elementor-element-eb25aa4 elementor-widget elementor-widget-heading\" data-id=\"eb25aa4\" data-element_type=\"widget\" data-widget_type=\"heading.default\">\n\t\t\t\t\t<h2 class=\"elementor-heading-title elementor-size-default\">9. Autorit\u00e9 de surveillance<\/h2>\t\t\t\t<\/div>\n\t\t\t\t<div class=\"elementor-element elementor-element-3413d5e elementor-widget elementor-widget-text-editor\" data-id=\"3413d5e\" data-element_type=\"widget\" data-widget_type=\"text-editor.default\">\n\t\t\t\t\t\t\t\t\t<p>Vous pouvez adresser toute r\u00e9clamation \u00e0 la Commission pour la Protection de la Vie Priv\u00e9e,<\/p>\n<p>Drukpersstraat 35, 1000 Brussel, <a href=\"http:\/\/www.privacycommission.be\" target=\"_blank\" rel=\"noopener\">www.privacycommission.be<\/a>.<\/p>\t\t\t\t\t\t\t\t<\/div>\n\t\t\t\t\t<\/div>\n\t\t<\/div>\n\t\t\t\t\t<\/div>\n\t\t<\/section>\n\t\t\t\t<\/div>\n\t\t","protected":false},"excerpt":{"rendered":"<p>Dernier ajustement du texte : 30-01-2023 1. Coordonn\u00e9es du responsable du traitement Le responsable du traitement des donn\u00e9es personnelles est gcv KARINE. Vous pouvez nous joindre \u00e0 l&rsquo;adresse ci-dessous, par e-mail ou par t\u00e9l\u00e9phone : Antwerpsesteenweg 251, 2390 Malle, info@muziek-karine.be, 03 311 64 43 2. Finalit\u00e9s de la collecte de donn\u00e9es personnelles Nous collectons des [&hellip;]<\/p>\n","protected":false},"author":1,"featured_media":0,"parent":0,"menu_order":0,"comment_status":"closed","ping_status":"open","template":"","meta":{"footnotes":""},"class_list":["post-4585","page","type-page","status-publish","hentry"],"_links":{"self":[{"href":"https:\/\/muziek-karine.be\/fr\/wp-json\/wp\/v2\/pages\/4585","targetHints":{"allow":["GET"]}}],"collection":[{"href":"https:\/\/muziek-karine.be\/fr\/wp-json\/wp\/v2\/pages"}],"about":[{"href":"https:\/\/muziek-karine.be\/fr\/wp-json\/wp\/v2\/types\/page"}],"author":[{"embeddable":true,"href":"https:\/\/muziek-karine.be\/fr\/wp-json\/wp\/v2\/users\/1"}],"replies":[{"embeddable":true,"href":"https:\/\/muziek-karine.be\/fr\/wp-json\/wp\/v2\/comments?post=4585"}],"version-history":[{"count":0,"href":"https:\/\/muziek-karine.be\/fr\/wp-json\/wp\/v2\/pages\/4585\/revisions"}],"wp:attachment":[{"href":"https:\/\/muziek-karine.be\/fr\/wp-json\/wp\/v2\/media?parent=4585"}],"curies":[{"name":"wp","href":"https:\/\/api.w.org\/{rel}","templated":true}]}}