{"id":1001,"date":"2022-11-09T21:13:49","date_gmt":"2022-11-09T21:13:49","guid":{"rendered":"https:\/\/muziek-karine.be\/?post_type=product&#038;p=1001"},"modified":"2023-12-13T01:24:25","modified_gmt":"2023-12-13T01:24:25","slug":"schlager-parade-ii","status":"publish","type":"product","link":"https:\/\/muziek-karine.be\/fr\/produit\/schlager-parade-ii\/","title":{"rendered":"Schlager Parade II"},"content":{"rendered":"<p>Moeilijkheidsgraad: 1-2<\/p>\n<ol>\n<li>Amboss Polka<\/li>\n<li><strong>Anita &#8211; Costa Cordalis<\/strong><\/li>\n<li>Beim Kronenwirt<\/li>\n<li>Berliner Luft<\/li>\n<li>Blau bl\u00fcht der Enzian &#8211; Heino<\/li>\n<li>Dann heirat&rsquo; doch dein B\u00fcro &#8211; Katja Ebstein<\/li>\n<li>Der Junge mit der Mundharmonica &#8211; Bernd Cl\u00fcver<\/li>\n<li>Der Winter ist vergangen<\/li>\n<li>Die Morit\u00e4t von Macky Messer<\/li>\n<li>Die Seer\u00e4uber<\/li>\n<li>Die zw\u00f6lf R\u00e4uber<\/li>\n<li><strong>Du &#8211; Peter Maffay<\/strong><\/li>\n<li><strong>Du kannst nicht immer siebzehn sein &#8211; Chris Roberts<\/strong><\/li>\n<li>Dunkelrote Rosen<\/li>\n<li>Ein Festival der Liebe &#8211; J\u00fcrgen Marcus<\/li>\n<li>Es geht eine Tr\u00e4ne auf Reisen &#8211; Adamo<\/li>\n<li>Feierabend<\/li>\n<li><strong>Fiesta Mexicana &#8211; Rex Gildo<\/strong><\/li>\n<li>Geh&rsquo; nicht in die Stadt heut&rsquo; Nacht &#8211; Juliane Werding<\/li>\n<li>Griechischer Wein &#8211; Udo J\u00fcrgens<\/li>\n<li>Guten Abend, gut&rsquo; Nacht<\/li>\n<li>Guter Mond<\/li>\n<li>Hab&rsquo; mein Wage<\/li>\n<li>Heimatlos &#8211; Freddy Quinn<\/li>\n<li>Heut&rsquo; kommt der Hans zu mir (Oberammergau)<\/li>\n<li>Ich bin der Doktor Eisenbart<\/li>\n<li>Ich bin ein Musikante<\/li>\n<li>In einem k\u00fchlen Grunde<\/li>\n<li><strong>La Paloma &#8211; Freddy Quinn<\/strong><\/li>\n<li>La Pastorella &#8211; Vico Torriani<\/li>\n<li>Lang, lang ist&rsquo;s her<\/li>\n<li>Macky Messer<\/li>\n<li>Mariandel<\/li>\n<li><strong>Marmor,Stein und Eisen bricht &#8211; Drafi Deutscher<\/strong><\/li>\n<li>Mein Lebenslauf ist Lieb&rsquo; und Lust<\/li>\n<li>Monica &#8211; Peter Bentheim<\/li>\n<li>O du lieber Augustin<\/li>\n<li>Oberammergau<\/li>\n<li><strong>Santa Maria &#8211; Roland Kaiser<\/strong><\/li>\n<li>Schenkt man sich Rosen in Tirol<\/li>\n<li>Schnaderh\u00fcpfl<\/li>\n<li>Schneewalzer<\/li>\n<li>So ein Tag<\/li>\n<li>So viele Lieder sind in mir &#8211; Nicole<\/li>\n<li>Theo, wir fahren nach Lodz &#8211; Vicky Leandros<\/li>\n<li>Von der Bergen rauscht ein Wasser<\/li>\n<li>Wenn der Pott aber nur ein Loch hat<\/li>\n<li>Wir versaufen uns&rsquo;re Oma ihr klein H\u00e4uschen<\/li>\n<\/ol>\n","protected":false},"excerpt":{"rendered":"<p>Moeilijkheidsgraad: 1-2 Amboss Polka Anita &#8211; Costa Cordalis Beim Kronenwirt Berliner Luft Blau bl\u00fcht der Enzian &#8211; Heino Dann heirat&rsquo; doch dein B\u00fcro &#8211; Katja Ebstein Der Junge mit der Mundharmonica &#8211; Bernd Cl\u00fcver Der Winter ist vergangen Die Morit\u00e4t von Macky Messer Die Seer\u00e4uber Die zw\u00f6lf R\u00e4uber Du &#8211; Peter Maffay Du kannst nicht [&hellip;]<\/p>\n","protected":false},"featured_media":1002,"comment_status":"open","ping_status":"closed","template":"","meta":[],"product_brand":[],"product_cat":[23,34,35,36],"product_tag":[],"merken":[],"class_list":{"0":"post-1001","1":"product","2":"type-product","3":"status-publish","4":"has-post-thumbnail","6":"product_cat-boeken","7":"product_cat-accordeon","8":"product_cat-keyboard","9":"product_cat-gitaar","11":"first","12":"instock","13":"taxable","14":"shipping-taxable","15":"purchasable","16":"product-type-simple"},"_links":{"self":[{"href":"https:\/\/muziek-karine.be\/fr\/wp-json\/wp\/v2\/product\/1001","targetHints":{"allow":["GET"]}}],"collection":[{"href":"https:\/\/muziek-karine.be\/fr\/wp-json\/wp\/v2\/product"}],"about":[{"href":"https:\/\/muziek-karine.be\/fr\/wp-json\/wp\/v2\/types\/product"}],"replies":[{"embeddable":true,"href":"https:\/\/muziek-karine.be\/fr\/wp-json\/wp\/v2\/comments?post=1001"}],"wp:featuredmedia":[{"embeddable":true,"href":"https:\/\/muziek-karine.be\/fr\/wp-json\/wp\/v2\/media\/1002"}],"wp:attachment":[{"href":"https:\/\/muziek-karine.be\/fr\/wp-json\/wp\/v2\/media?parent=1001"}],"wp:term":[{"taxonomy":"product_brand","embeddable":true,"href":"https:\/\/muziek-karine.be\/fr\/wp-json\/wp\/v2\/product_brand?post=1001"},{"taxonomy":"product_cat","embeddable":true,"href":"https:\/\/muziek-karine.be\/fr\/wp-json\/wp\/v2\/product_cat?post=1001"},{"taxonomy":"product_tag","embeddable":true,"href":"https:\/\/muziek-karine.be\/fr\/wp-json\/wp\/v2\/product_tag?post=1001"},{"taxonomy":"merken","embeddable":true,"href":"https:\/\/muziek-karine.be\/fr\/wp-json\/wp\/v2\/merken?post=1001"}],"curies":[{"name":"wp","href":"https:\/\/api.w.org\/{rel}","templated":true}]}}