{"id":1173,"date":"2022-12-06T20:44:35","date_gmt":"2022-12-06T20:44:35","guid":{"rendered":"https:\/\/muziek-karine.be\/product\/akkordeon-power-2\/"},"modified":"2024-03-22T14:35:38","modified_gmt":"2024-03-22T14:35:38","slug":"akkordeon-power-2","status":"publish","type":"product","link":"https:\/\/muziek-karine.be\/fr\/produit\/akkordeon-power-2\/","title":{"rendered":"Akkordeon Power 2"},"content":{"rendered":"<p>Inhoud<\/p>\n<p>Moeilijkheidsgraad: 3<\/p>\n<p>\u00c0 demain mon amour (Valse Musette)<br \/>\nAccordion Rag (Ragtime)<br \/>\nAde zur guten Nacht (aus Deutschland)<br \/>\nAll the pretty little Horses (aus Amerika)<br \/>\nAllegretto (Romantik)<br \/>\nBackwater Blues (Blues)<br \/>\nBanana Boat Song (aus Jamaica)<br \/>\nBasket of Turf (Irish Folk)<br \/>\nBulgar aus Odessa (Klezmer)<br \/>\nC&rsquo;est bien connu (Valse Musette)<br \/>\nColorado Trail (aus Amerika)<br \/>\nCome back Liza (aus Jamaica)<br \/>\nCome Landlord fill the fl. B. (aus England)<br \/>\nDe Hamborger Veermaster (aus Deutschland)<br \/>\nDedok (Klezmer)<br \/>\nDeutscher Tanz Nr. 1 (Klassik)<br \/>\nDixie-Power (Dixieland)<br \/>\nEcossaise (Klassik)<br \/>\nEl Choclo (Tango)<br \/>\nEs war im B\u00f6hmerwald (aus Tschechien)<br \/>\nGavotta (Barock)<br \/>\nGive me that old time religion (Gospelsong)<br \/>\nGuter Mond (aus Deutschland)<br \/>\nHevenu Shalom Alejchem (aus Israel)<br \/>\nHorch, was kommt (aus Deutschland)<br \/>\nHorgal\u00e5ten (aus Schweden)<br \/>\nJamaica Farewell (aus Jamaica)<br \/>\nJovano, Jovanke (aus Mazedonien)<br \/>\nKlappdans (aus Schweden)<br \/>\nKnockabout Polka (Irish Folk)<br \/>\nKrakowiaczek (aus Polen)<br \/>\nLa jeune blonde (Valse Musette)<br \/>\nLa Bamba (aus Mexico)<br \/>\nL\u00e4ndler Nr. 4 (Klassik)<br \/>\nLausbuben-Polka (Polka)<br \/>\nMenuett (Barock)<br \/>\nMinek a sz\u00f6ke \u00e9nn\u00e9kem Czardas (aus Ungarn)<br \/>\nNun zignu brutta (aus Italien)<br \/>\nOh Freedom (Gospelsong)<br \/>\nOh happy Day (Gospelsong)<br \/>\nPretty Maggie Morrissey (Irish Folk)<br \/>\nRakes of Mallow (Irish Folk)<br \/>\nRumba pasi\u00f3n (Rumba)<br \/>\nSammy&rsquo;s Freilach (Klezmer)<br \/>\nSiyahamba (aus Afrika)<br \/>\nStern Polka (aus \u00d6sterreich)<br \/>\nSwing low sweet Chariot (Gospelsong)<br \/>\nTango desvelado (Tango)<br \/>\nTarantella Tortarella (aus Italien)<br \/>\nThe Irish Washerwoman (Irish Folk)<br \/>\nThe Sloop John B. (Westindische Inseln)<br \/>\nVue sur Tour Eiffel (Valse Musette)<br \/>\nWiener Blut (Walzer)<br \/>\nWohl ist die Welt so gro\u00df (aus S\u00fcdtirol)<br \/>\nYankele (Klezmer)<\/p>\n","protected":false},"excerpt":{"rendered":"<p>Inhoud Moeilijkheidsgraad: 3 \u00c0 demain mon amour (Valse Musette) Accordion Rag (Ragtime) Ade zur guten Nacht (aus Deutschland) All the pretty little Horses (aus Amerika) Allegretto (Romantik) Backwater Blues (Blues) Banana Boat Song (aus Jamaica) Basket of Turf (Irish Folk) Bulgar aus Odessa (Klezmer) C&rsquo;est bien connu (Valse Musette) Colorado Trail (aus Amerika) Come back [&hellip;]<\/p>\n","protected":false},"featured_media":1174,"comment_status":"closed","ping_status":"closed","template":"","meta":[],"product_brand":[],"product_cat":[23,34],"product_tag":[],"merken":[],"class_list":{"0":"post-1173","1":"product","2":"type-product","3":"status-publish","4":"has-post-thumbnail","6":"product_cat-boeken","7":"product_cat-accordeon","9":"first","10":"instock","11":"taxable","12":"shipping-taxable","13":"purchasable","14":"product-type-simple"},"_links":{"self":[{"href":"https:\/\/muziek-karine.be\/fr\/wp-json\/wp\/v2\/product\/1173","targetHints":{"allow":["GET"]}}],"collection":[{"href":"https:\/\/muziek-karine.be\/fr\/wp-json\/wp\/v2\/product"}],"about":[{"href":"https:\/\/muziek-karine.be\/fr\/wp-json\/wp\/v2\/types\/product"}],"replies":[{"embeddable":true,"href":"https:\/\/muziek-karine.be\/fr\/wp-json\/wp\/v2\/comments?post=1173"}],"wp:featuredmedia":[{"embeddable":true,"href":"https:\/\/muziek-karine.be\/fr\/wp-json\/wp\/v2\/media\/1174"}],"wp:attachment":[{"href":"https:\/\/muziek-karine.be\/fr\/wp-json\/wp\/v2\/media?parent=1173"}],"wp:term":[{"taxonomy":"product_brand","embeddable":true,"href":"https:\/\/muziek-karine.be\/fr\/wp-json\/wp\/v2\/product_brand?post=1173"},{"taxonomy":"product_cat","embeddable":true,"href":"https:\/\/muziek-karine.be\/fr\/wp-json\/wp\/v2\/product_cat?post=1173"},{"taxonomy":"product_tag","embeddable":true,"href":"https:\/\/muziek-karine.be\/fr\/wp-json\/wp\/v2\/product_tag?post=1173"},{"taxonomy":"merken","embeddable":true,"href":"https:\/\/muziek-karine.be\/fr\/wp-json\/wp\/v2\/merken?post=1173"}],"curies":[{"name":"wp","href":"https:\/\/api.w.org\/{rel}","templated":true}]}}