{"id":1211,"date":"2022-12-06T20:45:07","date_gmt":"2022-12-06T20:45:07","guid":{"rendered":"https:\/\/muziek-karine.be\/product\/balkan-collection-vol-3\/"},"modified":"2024-03-19T13:06:18","modified_gmt":"2024-03-19T13:06:18","slug":"balkan-collection-vol-3","status":"publish","type":"product","link":"https:\/\/muziek-karine.be\/fr\/produit\/balkan-collection-vol-3\/","title":{"rendered":"Balkan Collection &#8211; Vol 3"},"content":{"rendered":"<p>Inhoud<\/p>\n<p>            Moeilijkheidsgraad: 2<\/p>\n<p>\tPrelaz Kolo<br \/>\n\tOj golube, moi golube<br \/>\n\tJe\u010dam \u017enjela, Kosovka devojka<br \/>\n\t\u010carlama<br \/>\n\tAjde Kato<br \/>\n\tSimbil cve\u0107e<br \/>\n\t\u010ca\u010dak Nr. 1<br \/>\n\tAj berem gro\u017edje<br \/>\n\tSino\u0107 kad je pao mrak<br \/>\n\tZapevala sojka ptica<br \/>\n\t\u010ca\u010dak Nr. 2<br \/>\n\tAjde Jano<\/p>\n","protected":false},"excerpt":{"rendered":"<p>Inhoud Moeilijkheidsgraad: 2 Prelaz Kolo Oj golube, moi golube Je\u010dam \u017enjela, Kosovka devojka \u010carlama Ajde Kato Simbil cve\u0107e \u010ca\u010dak Nr. 1 Aj berem gro\u017edje Sino\u0107 kad je pao mrak Zapevala sojka ptica \u010ca\u010dak Nr. 2 Ajde Jano<\/p>\n","protected":false},"featured_media":1212,"comment_status":"closed","ping_status":"closed","template":"","meta":[],"product_brand":[],"product_cat":[23,34],"product_tag":[],"merken":[],"class_list":{"0":"post-1211","1":"product","2":"type-product","3":"status-publish","4":"has-post-thumbnail","6":"product_cat-boeken","7":"product_cat-accordeon","9":"first","10":"instock","11":"taxable","12":"shipping-taxable","13":"purchasable","14":"product-type-simple"},"_links":{"self":[{"href":"https:\/\/muziek-karine.be\/fr\/wp-json\/wp\/v2\/product\/1211","targetHints":{"allow":["GET"]}}],"collection":[{"href":"https:\/\/muziek-karine.be\/fr\/wp-json\/wp\/v2\/product"}],"about":[{"href":"https:\/\/muziek-karine.be\/fr\/wp-json\/wp\/v2\/types\/product"}],"replies":[{"embeddable":true,"href":"https:\/\/muziek-karine.be\/fr\/wp-json\/wp\/v2\/comments?post=1211"}],"wp:featuredmedia":[{"embeddable":true,"href":"https:\/\/muziek-karine.be\/fr\/wp-json\/wp\/v2\/media\/1212"}],"wp:attachment":[{"href":"https:\/\/muziek-karine.be\/fr\/wp-json\/wp\/v2\/media?parent=1211"}],"wp:term":[{"taxonomy":"product_brand","embeddable":true,"href":"https:\/\/muziek-karine.be\/fr\/wp-json\/wp\/v2\/product_brand?post=1211"},{"taxonomy":"product_cat","embeddable":true,"href":"https:\/\/muziek-karine.be\/fr\/wp-json\/wp\/v2\/product_cat?post=1211"},{"taxonomy":"product_tag","embeddable":true,"href":"https:\/\/muziek-karine.be\/fr\/wp-json\/wp\/v2\/product_tag?post=1211"},{"taxonomy":"merken","embeddable":true,"href":"https:\/\/muziek-karine.be\/fr\/wp-json\/wp\/v2\/merken?post=1211"}],"curies":[{"name":"wp","href":"https:\/\/api.w.org\/{rel}","templated":true}]}}