{"id":1213,"date":"2022-12-06T20:45:07","date_gmt":"2022-12-06T20:45:07","guid":{"rendered":"https:\/\/muziek-karine.be\/product\/balkan-collection-vol-2\/"},"modified":"2024-03-19T13:06:33","modified_gmt":"2024-03-19T13:06:33","slug":"balkan-collection-vol-2","status":"publish","type":"product","link":"https:\/\/muziek-karine.be\/fr\/produit\/balkan-collection-vol-2\/","title":{"rendered":"Balkan Collection &#8211; Vol 2"},"content":{"rendered":"<p>Inhoud<\/p>\n<p>            Moeilijkheidsgraad: 2<\/p>\n<p>\t\u0106iribiri bela &#8211; Volkslied uit Kroati\u00eb<br \/>\n\tOj lijepa majska zoro &#8211; Volkslied uit Montenegro<br \/>\n\tBana\u0107ansko Kolo &#8211; Servische dans uit Vojvodina<br \/>\n\tBolujem ja &#8211; Volkslied uit Servi\u00eb<br \/>\n\tVino piju nane &#8211; Volkslied uit Bosni\u00eb<br \/>\n\tDrme\u0161 &#8211; Volksdans uit Kroati\u00eb<br \/>\n\tJa sam Jovicu &#8211; Servisch volkslied uit Vojvodina<br \/>\n\tTekla reka &#8211; Volkslied uit Servi\u00eb<br \/>\n\tKaranfil &#8211; Servisch volkslied uit Kosovo<br \/>\n\t\u010cetri konja debela &#8211; Servisch lied uit Vojvodina<br \/>\n\tLjubav nas ve\u017ee -Volkslied uit Kroati\u00eb<br \/>\n\tJos ne svi\u0107e &#8211; Volkslied uit Montenegro<br \/>\n\tMoravac &#8211; Volksdans uit Servi\u00eb<br \/>\n\tI dodji Lolo &#8211; Volkslied uit Vojvodina<\/p>\n","protected":false},"excerpt":{"rendered":"<p>Inhoud Moeilijkheidsgraad: 2 \u0106iribiri bela &#8211; Volkslied uit Kroati\u00eb Oj lijepa majska zoro &#8211; Volkslied uit Montenegro Bana\u0107ansko Kolo &#8211; Servische dans uit Vojvodina Bolujem ja &#8211; Volkslied uit Servi\u00eb Vino piju nane &#8211; Volkslied uit Bosni\u00eb Drme\u0161 &#8211; Volksdans uit Kroati\u00eb Ja sam Jovicu &#8211; Servisch volkslied uit Vojvodina Tekla reka &#8211; Volkslied uit [&hellip;]<\/p>\n","protected":false},"featured_media":1214,"comment_status":"closed","ping_status":"closed","template":"","meta":[],"product_brand":[],"product_cat":[23,34],"product_tag":[],"merken":[],"class_list":{"0":"post-1213","1":"product","2":"type-product","3":"status-publish","4":"has-post-thumbnail","6":"product_cat-boeken","7":"product_cat-accordeon","9":"first","10":"instock","11":"taxable","12":"shipping-taxable","13":"purchasable","14":"product-type-simple"},"_links":{"self":[{"href":"https:\/\/muziek-karine.be\/fr\/wp-json\/wp\/v2\/product\/1213","targetHints":{"allow":["GET"]}}],"collection":[{"href":"https:\/\/muziek-karine.be\/fr\/wp-json\/wp\/v2\/product"}],"about":[{"href":"https:\/\/muziek-karine.be\/fr\/wp-json\/wp\/v2\/types\/product"}],"replies":[{"embeddable":true,"href":"https:\/\/muziek-karine.be\/fr\/wp-json\/wp\/v2\/comments?post=1213"}],"wp:featuredmedia":[{"embeddable":true,"href":"https:\/\/muziek-karine.be\/fr\/wp-json\/wp\/v2\/media\/1214"}],"wp:attachment":[{"href":"https:\/\/muziek-karine.be\/fr\/wp-json\/wp\/v2\/media?parent=1213"}],"wp:term":[{"taxonomy":"product_brand","embeddable":true,"href":"https:\/\/muziek-karine.be\/fr\/wp-json\/wp\/v2\/product_brand?post=1213"},{"taxonomy":"product_cat","embeddable":true,"href":"https:\/\/muziek-karine.be\/fr\/wp-json\/wp\/v2\/product_cat?post=1213"},{"taxonomy":"product_tag","embeddable":true,"href":"https:\/\/muziek-karine.be\/fr\/wp-json\/wp\/v2\/product_tag?post=1213"},{"taxonomy":"merken","embeddable":true,"href":"https:\/\/muziek-karine.be\/fr\/wp-json\/wp\/v2\/merken?post=1213"}],"curies":[{"name":"wp","href":"https:\/\/api.w.org\/{rel}","templated":true}]}}