{"id":1215,"date":"2022-12-06T20:45:07","date_gmt":"2022-12-06T20:45:07","guid":{"rendered":"https:\/\/muziek-karine.be\/product\/balkan-collection-vol-1\/"},"modified":"2024-03-19T13:08:47","modified_gmt":"2024-03-19T13:08:47","slug":"balkan-collection-vol-1","status":"publish","type":"product","link":"https:\/\/muziek-karine.be\/fr\/produit\/balkan-collection-vol-1\/","title":{"rendered":"Balkan Collection &#8211; Vol 1"},"content":{"rendered":"<p>Inhoud<\/p>\n<p>            Moeilijkheidsgraad: 2<\/p>\n<p>Met genoteerde versieringen.<\/p>\n<p>\tDivan je ki\u0107eni Srem &#8211; Servisch volkslied uit Vojvodina<br \/>\n\tKad si bila mala Mara &#8211; Volkslied uit Kroati\u00eb<br \/>\n\tNa brigu ku\u0107a mala &#8211; Volkslied uit Kroati\u00eb<br \/>\n\tVolim diku -Volkslied uit Kroati\u00eb<br \/>\n\tBiljana platno bele\u0161e &#8211; Volkslied uit Macedoni\u00eb<br \/>\n\tOj Coko, crno oko &#8211; Servisch lied uit Kosovo<br \/>\n\tAjde Kato, ajde zlato &#8211; Servisch lied uit Vojvodina<br \/>\n\tDjevoja\u010dko Kolo &#8211; Volksdans uit Kroati\u00eb<br \/>\n\tBunjeva\u010dko Kolo &#8211; Servische dans uit Vojvodina<br \/>\n\tCrven fesi\u0107 &#8211; Volkslied uit Servi\u00eb<br \/>\n\tTiho no\u0107i &#8211; Volkslied uit Kroati\u00eb<br \/>\n\tBrankovo Kolo &#8211; Volksdans uit Servi\u00eb<br \/>\n\tS one strane plive &#8211; Volkslied uit Servi\u00eb<br \/>\n\t\u0160kripi djeram &#8211; Servisch volkslied uit Vojvodina<br \/>\n\tIgraj Kolo &#8211; Volksdans uit Kroati\u00eb<\/p>\n","protected":false},"excerpt":{"rendered":"<p>Inhoud Moeilijkheidsgraad: 2 Met genoteerde versieringen. Divan je ki\u0107eni Srem &#8211; Servisch volkslied uit Vojvodina Kad si bila mala Mara &#8211; Volkslied uit Kroati\u00eb Na brigu ku\u0107a mala &#8211; Volkslied uit Kroati\u00eb Volim diku -Volkslied uit Kroati\u00eb Biljana platno bele\u0161e &#8211; Volkslied uit Macedoni\u00eb Oj Coko, crno oko &#8211; Servisch lied uit Kosovo Ajde Kato, [&hellip;]<\/p>\n","protected":false},"featured_media":1216,"comment_status":"closed","ping_status":"closed","template":"","meta":[],"product_brand":[],"product_cat":[23,34],"product_tag":[],"merken":[],"class_list":{"0":"post-1215","1":"product","2":"type-product","3":"status-publish","4":"has-post-thumbnail","6":"product_cat-boeken","7":"product_cat-accordeon","9":"first","10":"instock","11":"taxable","12":"shipping-taxable","13":"purchasable","14":"product-type-simple"},"_links":{"self":[{"href":"https:\/\/muziek-karine.be\/fr\/wp-json\/wp\/v2\/product\/1215","targetHints":{"allow":["GET"]}}],"collection":[{"href":"https:\/\/muziek-karine.be\/fr\/wp-json\/wp\/v2\/product"}],"about":[{"href":"https:\/\/muziek-karine.be\/fr\/wp-json\/wp\/v2\/types\/product"}],"replies":[{"embeddable":true,"href":"https:\/\/muziek-karine.be\/fr\/wp-json\/wp\/v2\/comments?post=1215"}],"wp:featuredmedia":[{"embeddable":true,"href":"https:\/\/muziek-karine.be\/fr\/wp-json\/wp\/v2\/media\/1216"}],"wp:attachment":[{"href":"https:\/\/muziek-karine.be\/fr\/wp-json\/wp\/v2\/media?parent=1215"}],"wp:term":[{"taxonomy":"product_brand","embeddable":true,"href":"https:\/\/muziek-karine.be\/fr\/wp-json\/wp\/v2\/product_brand?post=1215"},{"taxonomy":"product_cat","embeddable":true,"href":"https:\/\/muziek-karine.be\/fr\/wp-json\/wp\/v2\/product_cat?post=1215"},{"taxonomy":"product_tag","embeddable":true,"href":"https:\/\/muziek-karine.be\/fr\/wp-json\/wp\/v2\/product_tag?post=1215"},{"taxonomy":"merken","embeddable":true,"href":"https:\/\/muziek-karine.be\/fr\/wp-json\/wp\/v2\/merken?post=1215"}],"curies":[{"name":"wp","href":"https:\/\/api.w.org\/{rel}","templated":true}]}}