{"id":1241,"date":"2022-12-06T20:45:07","date_gmt":"2022-12-06T20:45:07","guid":{"rendered":"https:\/\/muziek-karine.be\/product\/bunt-gemischt-27\/"},"modified":"2024-03-22T10:59:51","modified_gmt":"2024-03-22T10:59:51","slug":"bunt-gemischt-27","status":"publish","type":"product","link":"https:\/\/muziek-karine.be\/fr\/produit\/bunt-gemischt-27\/","title":{"rendered":"Bunt Gemischt 27"},"content":{"rendered":"<p>Inhoud<\/p>\n<p>            Voor akkordeon solo, duo of groep<\/p>\n<p>Bundel met aparte tweede stem.<\/p>\n<p>\tIch war noch niemals in New York (Udo J\u00fcrgens)<br \/>\n\tFernando (ABBA)<br \/>\n\t\u00dcber sieben Br\u00fccken musst du gehn (Peter Maffay)<br \/>\n\tJanette (Musette Walzer)<br \/>\n\tLa mer (Nachkriegs-Welterfolg v. Charles Trenet)<br \/>\n\tOh, happy day (Der Gospel Song)<br \/>\n\tZirkus Renz (Instumental-Solo)<\/p>\n","protected":false},"excerpt":{"rendered":"<p>Inhoud Voor akkordeon solo, duo of groep Bundel met aparte tweede stem. Ich war noch niemals in New York (Udo J\u00fcrgens) Fernando (ABBA) \u00dcber sieben Br\u00fccken musst du gehn (Peter Maffay) Janette (Musette Walzer) La mer (Nachkriegs-Welterfolg v. Charles Trenet) Oh, happy day (Der Gospel Song) Zirkus Renz (Instumental-Solo)<\/p>\n","protected":false},"featured_media":1242,"comment_status":"closed","ping_status":"closed","template":"","meta":[],"product_brand":[],"product_cat":[23,34],"product_tag":[],"merken":[],"class_list":{"0":"post-1241","1":"product","2":"type-product","3":"status-publish","4":"has-post-thumbnail","6":"product_cat-boeken","7":"product_cat-accordeon","9":"first","10":"instock","11":"taxable","12":"shipping-taxable","13":"purchasable","14":"product-type-simple"},"_links":{"self":[{"href":"https:\/\/muziek-karine.be\/fr\/wp-json\/wp\/v2\/product\/1241","targetHints":{"allow":["GET"]}}],"collection":[{"href":"https:\/\/muziek-karine.be\/fr\/wp-json\/wp\/v2\/product"}],"about":[{"href":"https:\/\/muziek-karine.be\/fr\/wp-json\/wp\/v2\/types\/product"}],"replies":[{"embeddable":true,"href":"https:\/\/muziek-karine.be\/fr\/wp-json\/wp\/v2\/comments?post=1241"}],"wp:featuredmedia":[{"embeddable":true,"href":"https:\/\/muziek-karine.be\/fr\/wp-json\/wp\/v2\/media\/1242"}],"wp:attachment":[{"href":"https:\/\/muziek-karine.be\/fr\/wp-json\/wp\/v2\/media?parent=1241"}],"wp:term":[{"taxonomy":"product_brand","embeddable":true,"href":"https:\/\/muziek-karine.be\/fr\/wp-json\/wp\/v2\/product_brand?post=1241"},{"taxonomy":"product_cat","embeddable":true,"href":"https:\/\/muziek-karine.be\/fr\/wp-json\/wp\/v2\/product_cat?post=1241"},{"taxonomy":"product_tag","embeddable":true,"href":"https:\/\/muziek-karine.be\/fr\/wp-json\/wp\/v2\/product_tag?post=1241"},{"taxonomy":"merken","embeddable":true,"href":"https:\/\/muziek-karine.be\/fr\/wp-json\/wp\/v2\/merken?post=1241"}],"curies":[{"name":"wp","href":"https:\/\/api.w.org\/{rel}","templated":true}]}}