{"id":1305,"date":"2022-12-06T20:45:49","date_gmt":"2022-12-06T20:45:49","guid":{"rendered":"https:\/\/muziek-karine.be\/product\/fur-fest-und-feier-21-stucke-fur-akkordeon\/"},"modified":"2022-12-07T11:51:03","modified_gmt":"2022-12-07T11:51:03","slug":"fur-fest-und-feier-21-stucke-fur-akkordeon","status":"publish","type":"product","link":"https:\/\/muziek-karine.be\/fr\/produit\/fur-fest-und-feier-21-stucke-fur-akkordeon\/","title":{"rendered":"F\u00fcr Fest und Feier (21 St\u00fccke f\u00fcr Akkordeon)"},"content":{"rendered":"<p>Inhoud<\/p>\n<p>            Moeilijkheidsgraad: overwegend 2<\/p>\n<p>F\u00fcr Feierstunden<\/p>\n<p>Die Himmel r\u00fchmen des Ewigen Ehre\u00a0L. v. Beethoven<\/p>\n<p>Das ist der Tag des Herrn\u00a0C. Kreutzer<\/p>\n<p>Largo\u00a0G. F. H\u00e4ndel<\/p>\n<p>Caro mio ben\u00a0T. Giordani<\/p>\n<p>\u00a0<\/p>\n<p>Kirchliche Weisen<\/p>\n<p>Sanctus\u00a0F. Schubert<\/p>\n<p>Ave verum\u00a0W. A. Mozart<\/p>\n<p>Gro\u00dfer Gott, wir loben Dich\u00a0Wien um 1774<\/p>\n<p>Nun danket alle Gott\u00a0J. Cr\u00fcger<\/p>\n<p>Lobe den Herren\u00a0Vor 1650<\/p>\n<p>\u00a0<\/p>\n<p>Hochzeitslieder<\/p>\n<p>So nimm denn meine H\u00e4nde\u00a0F. Silcher<\/p>\n<p>Ich liebe dich\u00a0L. v. Beethoven<\/p>\n<p>Still wie die Nacht\u00a0C. Bohm<\/p>\n<p>Brautchor aus der Oper Lohengrin\u00a0R. Wagner<\/p>\n<p>\u00a0<\/p>\n<p>Hymnen<\/p>\n<p>Lied der Deutschen\u00a0J. Haydn<\/p>\n<p>Schweizerpsalm\u00a0I. A. Zwyssig<\/p>\n<p>La Marseillaise\u00a0R. de Lisle<\/p>\n<p>\u00d6sterreichische Bundeshymne\u00a0W. A. Mozart<\/p>\n<p>\u00a0<\/p>\n<p>Aus dem gro\u00dfen Zapfenstreich<\/p>\n<p>Wir treten zum Beten\u00a0A. Valerius<\/p>\n<p>Ich bete an die Macht der Liebe\u00a0D. Bortnianski<\/p>\n<p>\u00a0<\/p>\n<p>In memorian<\/p>\n<p>Es ist bestimmt in Gottes Rat\u00a0F. Mendelssohn-Bartholdy<\/p>\n<p>Ich hatt` einen Kameraden\u00a0Volksweise<\/p>\n","protected":false},"excerpt":{"rendered":"<p>Inhoud Moeilijkheidsgraad: overwegend 2 F\u00fcr Feierstunden Die Himmel r\u00fchmen des Ewigen Ehre\u00a0L. v. Beethoven Das ist der Tag des Herrn\u00a0C. Kreutzer Largo\u00a0G. F. H\u00e4ndel Caro mio ben\u00a0T. Giordani \u00a0 Kirchliche Weisen Sanctus\u00a0F. Schubert Ave verum\u00a0W. A. Mozart Gro\u00dfer Gott, wir loben Dich\u00a0Wien um 1774 Nun danket alle Gott\u00a0J. Cr\u00fcger Lobe den Herren\u00a0Vor 1650 \u00a0 Hochzeitslieder [&hellip;]<\/p>\n","protected":false},"featured_media":1306,"comment_status":"closed","ping_status":"open","template":"","meta":[],"product_brand":[],"product_cat":[86],"product_tag":[],"merken":[],"class_list":{"0":"post-1305","1":"product","2":"type-product","3":"status-publish","4":"has-post-thumbnail","6":"product_cat-partitions","8":"first","9":"instock","10":"taxable","11":"shipping-taxable","12":"purchasable","13":"product-type-simple"},"_links":{"self":[{"href":"https:\/\/muziek-karine.be\/fr\/wp-json\/wp\/v2\/product\/1305","targetHints":{"allow":["GET"]}}],"collection":[{"href":"https:\/\/muziek-karine.be\/fr\/wp-json\/wp\/v2\/product"}],"about":[{"href":"https:\/\/muziek-karine.be\/fr\/wp-json\/wp\/v2\/types\/product"}],"replies":[{"embeddable":true,"href":"https:\/\/muziek-karine.be\/fr\/wp-json\/wp\/v2\/comments?post=1305"}],"wp:featuredmedia":[{"embeddable":true,"href":"https:\/\/muziek-karine.be\/fr\/wp-json\/wp\/v2\/media\/1306"}],"wp:attachment":[{"href":"https:\/\/muziek-karine.be\/fr\/wp-json\/wp\/v2\/media?parent=1305"}],"wp:term":[{"taxonomy":"product_brand","embeddable":true,"href":"https:\/\/muziek-karine.be\/fr\/wp-json\/wp\/v2\/product_brand?post=1305"},{"taxonomy":"product_cat","embeddable":true,"href":"https:\/\/muziek-karine.be\/fr\/wp-json\/wp\/v2\/product_cat?post=1305"},{"taxonomy":"product_tag","embeddable":true,"href":"https:\/\/muziek-karine.be\/fr\/wp-json\/wp\/v2\/product_tag?post=1305"},{"taxonomy":"merken","embeddable":true,"href":"https:\/\/muziek-karine.be\/fr\/wp-json\/wp\/v2\/merken?post=1305"}],"curies":[{"name":"wp","href":"https:\/\/api.w.org\/{rel}","templated":true}]}}