{"id":1313,"date":"2022-12-06T20:45:49","date_gmt":"2022-12-06T20:45:49","guid":{"rendered":"https:\/\/muziek-karine.be\/product\/meine-ersten-klassiker-fur-akkordeon\/"},"modified":"2025-10-24T22:52:33","modified_gmt":"2025-10-24T22:52:33","slug":"meine-ersten-klassiker-fur-akkordeon","status":"publish","type":"product","link":"https:\/\/muziek-karine.be\/fr\/produit\/meine-ersten-klassiker-fur-akkordeon\/","title":{"rendered":"Meine ersten Klassiker f\u00fcr Akkordeon"},"content":{"rendered":"<p>Inhoud<\/p>\n<p>            Moeilijkheidsgraad: 1-2<\/p>\n<p>Adagio cantabile<\/p>\n<p>Ah! Vous dirai-je, Maman<\/p>\n<p>An die Freude<\/p>\n<p>Aus der neuen Welt<\/p>\n<p>Brautchor<\/p>\n<p>Cancan<\/p>\n<p>Danke f\u00fcr diesen guten Morgen<\/p>\n<p>Der Fr\u00fchling<\/p>\n<p>Die Forelle<\/p>\n<p>Die Moldau<\/p>\n<p>Eine kleine Nachtmusik<\/p>\n<p>Gefangenenchor<\/p>\n<p>Menuett G-Dur<\/p>\n<p>Morgenstimmung<\/p>\n<p>Ouvert\u00fcre (Wilhelm Tell)<\/p>\n<p>Pomp and Circumstance<\/p>\n<p>Reich mir die Hand, mein Leben<\/p>\n<p>Salut d\u2019amour<\/p>\n<p>Schwanensee<\/p>\n<p>Vilja-Lied<\/p>\n<p>Vois sur ton chemin<\/p>\n<p>Walzer Nr. 2<\/p>\n","protected":false},"excerpt":{"rendered":"<p>Inhoud Moeilijkheidsgraad: 1-2 Adagio cantabile Ah! Vous dirai-je, Maman An die Freude Aus der neuen Welt Brautchor Cancan Danke f\u00fcr diesen guten Morgen Der Fr\u00fchling Die Forelle Die Moldau Eine kleine Nachtmusik Gefangenenchor Menuett G-Dur Morgenstimmung Ouvert\u00fcre (Wilhelm Tell) Pomp and Circumstance Reich mir die Hand, mein Leben Salut d\u2019amour Schwanensee Vilja-Lied Vois sur ton [&hellip;]<\/p>\n","protected":false},"featured_media":1314,"comment_status":"closed","ping_status":"closed","template":"","meta":[],"product_brand":[],"product_cat":[82],"product_tag":[],"merken":[],"class_list":{"0":"post-1313","1":"product","2":"type-product","3":"status-publish","4":"has-post-thumbnail","6":"product_cat-geen-onderdeel-van-een-categorie","8":"first","9":"instock","10":"taxable","11":"shipping-taxable","12":"purchasable","13":"product-type-simple"},"_links":{"self":[{"href":"https:\/\/muziek-karine.be\/fr\/wp-json\/wp\/v2\/product\/1313","targetHints":{"allow":["GET"]}}],"collection":[{"href":"https:\/\/muziek-karine.be\/fr\/wp-json\/wp\/v2\/product"}],"about":[{"href":"https:\/\/muziek-karine.be\/fr\/wp-json\/wp\/v2\/types\/product"}],"replies":[{"embeddable":true,"href":"https:\/\/muziek-karine.be\/fr\/wp-json\/wp\/v2\/comments?post=1313"}],"wp:featuredmedia":[{"embeddable":true,"href":"https:\/\/muziek-karine.be\/fr\/wp-json\/wp\/v2\/media\/1314"}],"wp:attachment":[{"href":"https:\/\/muziek-karine.be\/fr\/wp-json\/wp\/v2\/media?parent=1313"}],"wp:term":[{"taxonomy":"product_brand","embeddable":true,"href":"https:\/\/muziek-karine.be\/fr\/wp-json\/wp\/v2\/product_brand?post=1313"},{"taxonomy":"product_cat","embeddable":true,"href":"https:\/\/muziek-karine.be\/fr\/wp-json\/wp\/v2\/product_cat?post=1313"},{"taxonomy":"product_tag","embeddable":true,"href":"https:\/\/muziek-karine.be\/fr\/wp-json\/wp\/v2\/product_tag?post=1313"},{"taxonomy":"merken","embeddable":true,"href":"https:\/\/muziek-karine.be\/fr\/wp-json\/wp\/v2\/merken?post=1313"}],"curies":[{"name":"wp","href":"https:\/\/api.w.org\/{rel}","templated":true}]}}