{"id":1389,"date":"2022-12-06T20:46:35","date_gmt":"2022-12-06T20:46:35","guid":{"rendered":"https:\/\/muziek-karine.be\/product\/complete-accordion-method-by-lucien-and-richard-galliano-audio-access-included\/"},"modified":"2024-03-22T14:01:49","modified_gmt":"2024-03-22T14:01:49","slug":"complete-accordion-method-by-lucien-and-richard-galliano-audio-access-included","status":"publish","type":"product","link":"https:\/\/muziek-karine.be\/fr\/produit\/complete-accordion-method-by-lucien-and-richard-galliano-audio-access-included\/","title":{"rendered":"Complete accordion method by Lucien and Richard Galliano (audio access included)"},"content":{"rendered":"<p>Inhoud<\/p>\n<p>            Cursus voor pianoklavier en do eerste rij, engelse taal. Met toegang tot online audio.<\/p>\n<p>M\u00e9thode (livre en anglais) pour clavier piano et do premi\u00e8re rang\u00e9e, basses internationales. acc\u00e8s audio en ligne<\/p>\n","protected":false},"excerpt":{"rendered":"<p>Inhoud Cursus voor pianoklavier en do eerste rij, engelse taal. Met toegang tot online audio. M\u00e9thode (livre en anglais) pour clavier piano et do premi\u00e8re rang\u00e9e, basses internationales. acc\u00e8s audio en ligne<\/p>\n","protected":false},"featured_media":1390,"comment_status":"closed","ping_status":"closed","template":"","meta":[],"product_brand":[],"product_cat":[23,34],"product_tag":[],"merken":[],"class_list":{"0":"post-1389","1":"product","2":"type-product","3":"status-publish","4":"has-post-thumbnail","6":"product_cat-boeken","7":"product_cat-accordeon","9":"first","10":"instock","11":"taxable","12":"shipping-taxable","13":"purchasable","14":"product-type-simple"},"_links":{"self":[{"href":"https:\/\/muziek-karine.be\/fr\/wp-json\/wp\/v2\/product\/1389","targetHints":{"allow":["GET"]}}],"collection":[{"href":"https:\/\/muziek-karine.be\/fr\/wp-json\/wp\/v2\/product"}],"about":[{"href":"https:\/\/muziek-karine.be\/fr\/wp-json\/wp\/v2\/types\/product"}],"replies":[{"embeddable":true,"href":"https:\/\/muziek-karine.be\/fr\/wp-json\/wp\/v2\/comments?post=1389"}],"wp:featuredmedia":[{"embeddable":true,"href":"https:\/\/muziek-karine.be\/fr\/wp-json\/wp\/v2\/media\/1390"}],"wp:attachment":[{"href":"https:\/\/muziek-karine.be\/fr\/wp-json\/wp\/v2\/media?parent=1389"}],"wp:term":[{"taxonomy":"product_brand","embeddable":true,"href":"https:\/\/muziek-karine.be\/fr\/wp-json\/wp\/v2\/product_brand?post=1389"},{"taxonomy":"product_cat","embeddable":true,"href":"https:\/\/muziek-karine.be\/fr\/wp-json\/wp\/v2\/product_cat?post=1389"},{"taxonomy":"product_tag","embeddable":true,"href":"https:\/\/muziek-karine.be\/fr\/wp-json\/wp\/v2\/product_tag?post=1389"},{"taxonomy":"merken","embeddable":true,"href":"https:\/\/muziek-karine.be\/fr\/wp-json\/wp\/v2\/merken?post=1389"}],"curies":[{"name":"wp","href":"https:\/\/api.w.org\/{rel}","templated":true}]}}