{"id":1448,"date":"2022-12-06T20:47:02","date_gmt":"2022-12-06T20:47:02","guid":{"rendered":"https:\/\/muziek-karine.be\/product\/aimable-accordeon\/"},"modified":"2024-03-22T14:38:40","modified_gmt":"2024-03-22T14:38:40","slug":"aimable-accordeon","status":"publish","type":"product","link":"https:\/\/muziek-karine.be\/fr\/produit\/aimable-accordeon\/","title":{"rendered":"Aimable (accordeon)"},"content":{"rendered":"<p>Inhoud<\/p>\n<p>            Moeilijkheidsgraad: 2-3<\/p>\n<p>Bouchon \u00e0 la Bastille<\/p>\n<p>C&rsquo;est un soupir d&rsquo;accord\u00e9on<\/p>\n<p>Cha-cha cool<\/p>\n<p>Farandole biguine<\/p>\n<p>J&rsquo;ai le coeur Tango<\/p>\n<p>Je suis Taxi-boy<\/p>\n<p>Mais au fait qu&rsquo;est-ce qu&rsquo;on f\u00eate?<\/p>\n<p>Merci Aimable<\/p>\n<p>Musette \u00e0 tout va<\/p>\n<p>Pas de fronti\u00e8res pour l&rsquo;accord\u00e9on<\/p>\n<p>Plaza de Segovia<\/p>\n<p>Les plus belles valses musette<\/p>\n<p>Les roses de Marrakech<\/p>\n<p>Tzigane mon ami<\/p>\n","protected":false},"excerpt":{"rendered":"<p>Inhoud Moeilijkheidsgraad: 2-3 Bouchon \u00e0 la Bastille C&rsquo;est un soupir d&rsquo;accord\u00e9on Cha-cha cool Farandole biguine J&rsquo;ai le coeur Tango Je suis Taxi-boy Mais au fait qu&rsquo;est-ce qu&rsquo;on f\u00eate? Merci Aimable Musette \u00e0 tout va Pas de fronti\u00e8res pour l&rsquo;accord\u00e9on Plaza de Segovia Les plus belles valses musette Les roses de Marrakech Tzigane mon ami<\/p>\n","protected":false},"featured_media":1449,"comment_status":"closed","ping_status":"closed","template":"","meta":[],"product_brand":[],"product_cat":[23,34],"product_tag":[],"merken":[],"class_list":{"0":"post-1448","1":"product","2":"type-product","3":"status-publish","4":"has-post-thumbnail","6":"product_cat-boeken","7":"product_cat-accordeon","9":"first","10":"instock","11":"taxable","12":"shipping-taxable","13":"purchasable","14":"product-type-simple"},"_links":{"self":[{"href":"https:\/\/muziek-karine.be\/fr\/wp-json\/wp\/v2\/product\/1448","targetHints":{"allow":["GET"]}}],"collection":[{"href":"https:\/\/muziek-karine.be\/fr\/wp-json\/wp\/v2\/product"}],"about":[{"href":"https:\/\/muziek-karine.be\/fr\/wp-json\/wp\/v2\/types\/product"}],"replies":[{"embeddable":true,"href":"https:\/\/muziek-karine.be\/fr\/wp-json\/wp\/v2\/comments?post=1448"}],"wp:featuredmedia":[{"embeddable":true,"href":"https:\/\/muziek-karine.be\/fr\/wp-json\/wp\/v2\/media\/1449"}],"wp:attachment":[{"href":"https:\/\/muziek-karine.be\/fr\/wp-json\/wp\/v2\/media?parent=1448"}],"wp:term":[{"taxonomy":"product_brand","embeddable":true,"href":"https:\/\/muziek-karine.be\/fr\/wp-json\/wp\/v2\/product_brand?post=1448"},{"taxonomy":"product_cat","embeddable":true,"href":"https:\/\/muziek-karine.be\/fr\/wp-json\/wp\/v2\/product_cat?post=1448"},{"taxonomy":"product_tag","embeddable":true,"href":"https:\/\/muziek-karine.be\/fr\/wp-json\/wp\/v2\/product_tag?post=1448"},{"taxonomy":"merken","embeddable":true,"href":"https:\/\/muziek-karine.be\/fr\/wp-json\/wp\/v2\/merken?post=1448"}],"curies":[{"name":"wp","href":"https:\/\/api.w.org\/{rel}","templated":true}]}}