{"id":1511,"date":"2022-12-06T20:47:46","date_gmt":"2022-12-06T20:47:46","guid":{"rendered":"https:\/\/muziek-karine.be\/product\/play-vienna-10-accordion-solos-with-orchestrated-backing-cd-incl\/"},"modified":"2023-12-13T01:17:09","modified_gmt":"2023-12-13T01:17:09","slug":"play-vienna-10-accordion-solos-with-orchestrated-backing-cd-incl","status":"publish","type":"product","link":"https:\/\/muziek-karine.be\/fr\/produit\/play-vienna-10-accordion-solos-with-orchestrated-backing-cd-incl\/","title":{"rendered":"Play Vienna &#8211; 10 accordion solos with orchestrated backing (CD incl.)"},"content":{"rendered":"<p>Inhoud<\/p>\n<p>            Moeilijkheidsgraad: 2<\/p>\n<p>10 Strauss klassiekers gearrangeerd voor solo accordeon (met orkest op CD)<\/p>\n<p>\tArtist&rsquo;s Life &#8211; K\u00fcnstler Leben<br \/>\n\tThe Blue Danube &#8211; An der sch\u00f6nen blauen Donau<br \/>\n\tEmperor Waltz &#8211; Kaiserwalzer<br \/>\n\tMorning Journals &#8211; Morgenbl\u00e4tter<br \/>\n\tPizzicato Polka<br \/>\n\tRadetzky March<br \/>\n\tRoses from the South &#8211; Rosen aus den S\u00fcden<br \/>\n\tTales from the Vienna Woods &#8211; Geschichten aus dem Wiener Wald<br \/>\n\tViennese Blood &#8211; Wiener Blut<br \/>\n\tWine, Woman and Song &#8211; Wein, Weib und Gesang<\/p>\n","protected":false},"excerpt":{"rendered":"<p>Inhoud Moeilijkheidsgraad: 2 10 Strauss klassiekers gearrangeerd voor solo accordeon (met orkest op CD) Artist&rsquo;s Life &#8211; K\u00fcnstler Leben The Blue Danube &#8211; An der sch\u00f6nen blauen Donau Emperor Waltz &#8211; Kaiserwalzer Morning Journals &#8211; Morgenbl\u00e4tter Pizzicato Polka Radetzky March Roses from the South &#8211; Rosen aus den S\u00fcden Tales from the Vienna Woods &#8211; [&hellip;]<\/p>\n","protected":false},"featured_media":1512,"comment_status":"closed","ping_status":"closed","template":"","meta":[],"product_brand":[],"product_cat":[23,34],"product_tag":[],"merken":[],"class_list":{"0":"post-1511","1":"product","2":"type-product","3":"status-publish","4":"has-post-thumbnail","6":"product_cat-boeken","7":"product_cat-accordeon","9":"first","10":"instock","11":"taxable","12":"shipping-taxable","13":"purchasable","14":"product-type-simple"},"_links":{"self":[{"href":"https:\/\/muziek-karine.be\/fr\/wp-json\/wp\/v2\/product\/1511","targetHints":{"allow":["GET"]}}],"collection":[{"href":"https:\/\/muziek-karine.be\/fr\/wp-json\/wp\/v2\/product"}],"about":[{"href":"https:\/\/muziek-karine.be\/fr\/wp-json\/wp\/v2\/types\/product"}],"replies":[{"embeddable":true,"href":"https:\/\/muziek-karine.be\/fr\/wp-json\/wp\/v2\/comments?post=1511"}],"wp:featuredmedia":[{"embeddable":true,"href":"https:\/\/muziek-karine.be\/fr\/wp-json\/wp\/v2\/media\/1512"}],"wp:attachment":[{"href":"https:\/\/muziek-karine.be\/fr\/wp-json\/wp\/v2\/media?parent=1511"}],"wp:term":[{"taxonomy":"product_brand","embeddable":true,"href":"https:\/\/muziek-karine.be\/fr\/wp-json\/wp\/v2\/product_brand?post=1511"},{"taxonomy":"product_cat","embeddable":true,"href":"https:\/\/muziek-karine.be\/fr\/wp-json\/wp\/v2\/product_cat?post=1511"},{"taxonomy":"product_tag","embeddable":true,"href":"https:\/\/muziek-karine.be\/fr\/wp-json\/wp\/v2\/product_tag?post=1511"},{"taxonomy":"merken","embeddable":true,"href":"https:\/\/muziek-karine.be\/fr\/wp-json\/wp\/v2\/merken?post=1511"}],"curies":[{"name":"wp","href":"https:\/\/api.w.org\/{rel}","templated":true}]}}