{"id":1539,"date":"2022-12-06T20:48:23","date_gmt":"2022-12-06T20:48:23","guid":{"rendered":"https:\/\/muziek-karine.be\/product\/tango-melodien-fur-akkordeon\/"},"modified":"2023-12-13T00:45:38","modified_gmt":"2023-12-13T00:45:38","slug":"tango-melodien-fur-akkordeon","status":"publish","type":"product","link":"https:\/\/muziek-karine.be\/fr\/produit\/tango-melodien-fur-akkordeon\/","title":{"rendered":"Holzschuh Exclusiv Tango Melodien f\u00fcr akkordeon"},"content":{"rendered":"<p>Inhoud<\/p>\n<p>            Moeilijkheidsgraad: 3<\/p>\n<p>Addio Donna Grazia<\/p>\n<p>A Media Luz<\/p>\n<p>Am Rio Negro<\/p>\n<p>Capri-Fischer<\/p>\n<p>Du schwarzer Zigeuner<\/p>\n<p>Egon<\/p>\n<p>Eine Nacht in Monte Carlo<\/p>\n<p>El Choclo<\/p>\n<p>Es muss was Wunderbares sein, von dir geliebt zu werden!<\/p>\n<p>Florentinische N\u00e4chte<\/p>\n<p>Gitarrenserenade<\/p>\n<p>In einer kleinen Konditorei<\/p>\n<p>Kein Schwein ruft mich an<\/p>\n<p>Kriminal-Tango<\/p>\n<p>La Paloma<\/p>\n<p>Man m\u00fcsste Klavier spielen k\u00f6nnen<\/p>\n<p>Oh Donna Clara<\/p>\n<p>Regentropfen<\/p>\n<p>Sch\u00f6ner Gigolo, armer Gigolo<\/p>\n<p>Tanze mit mir in den Morgen<\/p>\n","protected":false},"excerpt":{"rendered":"<p>Inhoud Moeilijkheidsgraad: 3 Addio Donna Grazia A Media Luz Am Rio Negro Capri-Fischer Du schwarzer Zigeuner Egon Eine Nacht in Monte Carlo El Choclo Es muss was Wunderbares sein, von dir geliebt zu werden! Florentinische N\u00e4chte Gitarrenserenade In einer kleinen Konditorei Kein Schwein ruft mich an Kriminal-Tango La Paloma Man m\u00fcsste Klavier spielen k\u00f6nnen Oh [&hellip;]<\/p>\n","protected":false},"featured_media":1540,"comment_status":"closed","ping_status":"closed","template":"","meta":[],"product_brand":[],"product_cat":[23],"product_tag":[],"merken":[],"class_list":{"0":"post-1539","1":"product","2":"type-product","3":"status-publish","4":"has-post-thumbnail","6":"product_cat-boeken","8":"first","9":"instock","10":"taxable","11":"shipping-taxable","12":"purchasable","13":"product-type-simple"},"_links":{"self":[{"href":"https:\/\/muziek-karine.be\/fr\/wp-json\/wp\/v2\/product\/1539","targetHints":{"allow":["GET"]}}],"collection":[{"href":"https:\/\/muziek-karine.be\/fr\/wp-json\/wp\/v2\/product"}],"about":[{"href":"https:\/\/muziek-karine.be\/fr\/wp-json\/wp\/v2\/types\/product"}],"replies":[{"embeddable":true,"href":"https:\/\/muziek-karine.be\/fr\/wp-json\/wp\/v2\/comments?post=1539"}],"wp:featuredmedia":[{"embeddable":true,"href":"https:\/\/muziek-karine.be\/fr\/wp-json\/wp\/v2\/media\/1540"}],"wp:attachment":[{"href":"https:\/\/muziek-karine.be\/fr\/wp-json\/wp\/v2\/media?parent=1539"}],"wp:term":[{"taxonomy":"product_brand","embeddable":true,"href":"https:\/\/muziek-karine.be\/fr\/wp-json\/wp\/v2\/product_brand?post=1539"},{"taxonomy":"product_cat","embeddable":true,"href":"https:\/\/muziek-karine.be\/fr\/wp-json\/wp\/v2\/product_cat?post=1539"},{"taxonomy":"product_tag","embeddable":true,"href":"https:\/\/muziek-karine.be\/fr\/wp-json\/wp\/v2\/product_tag?post=1539"},{"taxonomy":"merken","embeddable":true,"href":"https:\/\/muziek-karine.be\/fr\/wp-json\/wp\/v2\/merken?post=1539"}],"curies":[{"name":"wp","href":"https:\/\/api.w.org\/{rel}","templated":true}]}}