{"id":1541,"date":"2022-12-06T20:48:23","date_gmt":"2022-12-06T20:48:23","guid":{"rendered":"https:\/\/muziek-karine.be\/product\/12-world-famous-malando-tangos\/"},"modified":"2024-03-22T10:38:43","modified_gmt":"2024-03-22T10:38:43","slug":"12-world-famous-malando-tangos","status":"publish","type":"product","link":"https:\/\/muziek-karine.be\/fr\/produit\/12-world-famous-malando-tangos\/","title":{"rendered":"12 world famous malando tangos"},"content":{"rendered":"<p>Inhoud<\/p>\n<p>            Moeilijkheidsgraad: 3<\/p>\n<p>\tA\u00f1oranza<br \/>\n\tBonita Ni\u00f1a<br \/>\n\tCampianillas<br \/>\n\tCon sentimiento<br \/>\n\tGuapita<br \/>\n\tLa mentirosa<br \/>\n\tLas floristas<br \/>\n\tLuna llena<br \/>\n\tNoche de estrellas<br \/>\n\tOl\u00e9 guapa<br \/>\n\tPor que te vas?<br \/>\n\tVida<\/p>\n","protected":false},"excerpt":{"rendered":"<p>Inhoud Moeilijkheidsgraad: 3 A\u00f1oranza Bonita Ni\u00f1a Campianillas Con sentimiento Guapita La mentirosa Las floristas Luna llena Noche de estrellas Ol\u00e9 guapa Por que te vas? Vida<\/p>\n","protected":false},"featured_media":1542,"comment_status":"closed","ping_status":"closed","template":"","meta":[],"product_brand":[],"product_cat":[23,34],"product_tag":[],"merken":[],"class_list":{"0":"post-1541","1":"product","2":"type-product","3":"status-publish","4":"has-post-thumbnail","6":"product_cat-boeken","7":"product_cat-accordeon","9":"first","10":"instock","11":"taxable","12":"shipping-taxable","13":"purchasable","14":"product-type-simple"},"_links":{"self":[{"href":"https:\/\/muziek-karine.be\/fr\/wp-json\/wp\/v2\/product\/1541","targetHints":{"allow":["GET"]}}],"collection":[{"href":"https:\/\/muziek-karine.be\/fr\/wp-json\/wp\/v2\/product"}],"about":[{"href":"https:\/\/muziek-karine.be\/fr\/wp-json\/wp\/v2\/types\/product"}],"replies":[{"embeddable":true,"href":"https:\/\/muziek-karine.be\/fr\/wp-json\/wp\/v2\/comments?post=1541"}],"wp:featuredmedia":[{"embeddable":true,"href":"https:\/\/muziek-karine.be\/fr\/wp-json\/wp\/v2\/media\/1542"}],"wp:attachment":[{"href":"https:\/\/muziek-karine.be\/fr\/wp-json\/wp\/v2\/media?parent=1541"}],"wp:term":[{"taxonomy":"product_brand","embeddable":true,"href":"https:\/\/muziek-karine.be\/fr\/wp-json\/wp\/v2\/product_brand?post=1541"},{"taxonomy":"product_cat","embeddable":true,"href":"https:\/\/muziek-karine.be\/fr\/wp-json\/wp\/v2\/product_cat?post=1541"},{"taxonomy":"product_tag","embeddable":true,"href":"https:\/\/muziek-karine.be\/fr\/wp-json\/wp\/v2\/product_tag?post=1541"},{"taxonomy":"merken","embeddable":true,"href":"https:\/\/muziek-karine.be\/fr\/wp-json\/wp\/v2\/merken?post=1541"}],"curies":[{"name":"wp","href":"https:\/\/api.w.org\/{rel}","templated":true}]}}