{"id":1571,"date":"2022-12-06T20:48:49","date_gmt":"2022-12-06T20:48:49","guid":{"rendered":"https:\/\/muziek-karine.be\/product\/easy-famous-tunes-incl-cd\/"},"modified":"2023-12-13T00:02:28","modified_gmt":"2023-12-13T00:02:28","slug":"easy-famous-tunes-incl-cd","status":"publish","type":"product","link":"https:\/\/muziek-karine.be\/fr\/produit\/easy-famous-tunes-incl-cd\/","title":{"rendered":"Easy Famous Tunes (Incl. CD)"},"content":{"rendered":"<p>Inhoud<\/p>\n<p>            Moeilijkheidsgraad: 1-2<\/p>\n<p>Een bonte verzameling van 30 leuke melodie\u00ebn uit Nederland, Duitsland en Engeland. Ze zijn allemaal min of meer polyfoon van opzet; daarbij wordt de bastechniek goed ontwikkeld. De mooie, afwisselende en soms grappige voorbeelden en begeleidingen op de cd vergemakkelijken het studeren; zo gaat het leren spelenderwijs.<\/p>\n<p>Het uitgangspunt in dit boek is de standaardbas, waarbij alleen gebruik wordt gemaakt van de grondbassenrij en de tertsbassenrij; de bijgeschreven vingerzetting is dan ook hiervoor bedoeld.<\/p>\n<p>Natuurlijk kun je ook uit Easy Famous Tunes spelen op een instrument met baritonbas (melodiebas). De toonomvang is daarom gelaten zoals die op baritonbas zou klinken.<\/p>\n<p>Alleen de majeurtoonsoorten C, G, D en F komen aan bod, evenals de mineurtoonsoorten a en e. In een enkel geval is binnen een modulatie ook de toonsoort d aangestipt. De vingerzetting is daar in de betreffende toonsoort aangeduid.<\/p>\n<p>Ce livre contient trente m\u00e9lodies d\u00e9licieusement color\u00e9es venues d&rsquo;Allemagne, d&rsquo;Angleterre et des Pays-Bas. La plupart des arrangements sont polyphoniques pour assurer un meilleur d\u00e9veloppement du jeu de basses. Sur le compact disc, vous trouverez des charmantes versions \u00e0 titre d&rsquo;exemple et des versions d&rsquo;accompagnement pleines d&rsquo;imagination qui rendent la pratique quotidienne beaucoup plus sympathique.<\/p>\n<p>Le basse standard (basse Stradella) est au coeur de ce recueil. Seules la rang\u00e9e de basse fondamentale et la basse en tierces sont utilis\u00e9es. Les doigt\u00e9s sont adapt\u00e9s en cons\u00e9quence.<\/p>\n<p>Easy Famous tunes convient \u00e9galement \u00e0 l&rsquo;accord\u00e9on basse libre (ou basse m\u00e9lodique). De ce fait, le registre se trouve dans celui des basses baryton.<\/p>\n<p>Les pi\u00e8ces de ce recueil sont \u00e9crites dans les tonalit\u00e9s de Do, Sol, R\u00e9 et Fa Majeur ainsi que dans les tonalit\u00e9s de La et Mi Mineur. On trouve la tonalit\u00e9 de R\u00e9 mineur dans quelques rares passages avec modulation. Les doigt\u00e9s sont indiqu\u00e9es en cons\u00e9quence.<\/p>\n","protected":false},"excerpt":{"rendered":"<p>Inhoud Moeilijkheidsgraad: 1-2 Een bonte verzameling van 30 leuke melodie\u00ebn uit Nederland, Duitsland en Engeland. Ze zijn allemaal min of meer polyfoon van opzet; daarbij wordt de bastechniek goed ontwikkeld. De mooie, afwisselende en soms grappige voorbeelden en begeleidingen op de cd vergemakkelijken het studeren; zo gaat het leren spelenderwijs. Het uitgangspunt in dit boek [&hellip;]<\/p>\n","protected":false},"featured_media":1572,"comment_status":"closed","ping_status":"closed","template":"","meta":[],"product_brand":[],"product_cat":[23,34],"product_tag":[],"merken":[],"class_list":{"0":"post-1571","1":"product","2":"type-product","3":"status-publish","4":"has-post-thumbnail","6":"product_cat-boeken","7":"product_cat-accordeon","9":"first","10":"instock","11":"taxable","12":"shipping-taxable","13":"purchasable","14":"product-type-simple"},"_links":{"self":[{"href":"https:\/\/muziek-karine.be\/fr\/wp-json\/wp\/v2\/product\/1571","targetHints":{"allow":["GET"]}}],"collection":[{"href":"https:\/\/muziek-karine.be\/fr\/wp-json\/wp\/v2\/product"}],"about":[{"href":"https:\/\/muziek-karine.be\/fr\/wp-json\/wp\/v2\/types\/product"}],"replies":[{"embeddable":true,"href":"https:\/\/muziek-karine.be\/fr\/wp-json\/wp\/v2\/comments?post=1571"}],"wp:featuredmedia":[{"embeddable":true,"href":"https:\/\/muziek-karine.be\/fr\/wp-json\/wp\/v2\/media\/1572"}],"wp:attachment":[{"href":"https:\/\/muziek-karine.be\/fr\/wp-json\/wp\/v2\/media?parent=1571"}],"wp:term":[{"taxonomy":"product_brand","embeddable":true,"href":"https:\/\/muziek-karine.be\/fr\/wp-json\/wp\/v2\/product_brand?post=1571"},{"taxonomy":"product_cat","embeddable":true,"href":"https:\/\/muziek-karine.be\/fr\/wp-json\/wp\/v2\/product_cat?post=1571"},{"taxonomy":"product_tag","embeddable":true,"href":"https:\/\/muziek-karine.be\/fr\/wp-json\/wp\/v2\/product_tag?post=1571"},{"taxonomy":"merken","embeddable":true,"href":"https:\/\/muziek-karine.be\/fr\/wp-json\/wp\/v2\/merken?post=1571"}],"curies":[{"name":"wp","href":"https:\/\/api.w.org\/{rel}","templated":true}]}}