{"id":1579,"date":"2022-12-06T20:48:49","date_gmt":"2022-12-06T20:48:49","guid":{"rendered":"https:\/\/muziek-karine.be\/product\/appenzeller-hits-fur-steirische-harmonika-incl-cd\/"},"modified":"2023-01-10T09:54:25","modified_gmt":"2023-01-10T09:54:25","slug":"appenzeller-hits-fur-steirische-harmonika-incl-cd","status":"publish","type":"product","link":"https:\/\/muziek-karine.be\/fr\/produit\/appenzeller-hits-fur-steirische-harmonika-incl-cd\/","title":{"rendered":"Appenzeller Hits f\u00fcr Steirische Harmonika (Incl. CD)"},"content":{"rendered":"<p>Inhoud<\/p>\n<p>            Niet geschikt voor chromatische accordeons!<\/p>\n<p>Bekannte Appenzeller St\u00fccke f\u00fcr Steirische Harmonika in Griffschrift<\/p>\n<p>in de\u00a0stemmingen B-Es-As-Des en\u00a0G-C-F-B<\/p>\n<p>Inhoud:\u00a0<\/p>\n<p>\tRond om de S\u00e4ntis, Walzer<br \/>\n\tBirewegge-Polka<br \/>\n\tDe Seppetoneli<br \/>\n\tDe Appezeller-Bl\u00e4ss<br \/>\n\tBabeli-Polka<br \/>\n\tDe Senn uf em Tanzbode<br \/>\n\tFr\u00e4nzeli-Schottisch<br \/>\n\tDe Appezeller | |Biberflade<br \/>\n\tR\u00e4sse Ch\u00e4s<br \/>\n\tEm Bartli syn<br \/>\n\t\u00c4 Stob\u00e4 voll Goof\u00e4<\/p>\n","protected":false},"excerpt":{"rendered":"<p>Inhoud Niet geschikt voor chromatische accordeons! Bekannte Appenzeller St\u00fccke f\u00fcr Steirische Harmonika in Griffschrift in de\u00a0stemmingen B-Es-As-Des en\u00a0G-C-F-B Inhoud:\u00a0 Rond om de S\u00e4ntis, Walzer Birewegge-Polka De Seppetoneli De Appezeller-Bl\u00e4ss Babeli-Polka De Senn uf em Tanzbode Fr\u00e4nzeli-Schottisch De Appezeller | |Biberflade R\u00e4sse Ch\u00e4s Em Bartli syn \u00c4 Stob\u00e4 voll Goof\u00e4<\/p>\n","protected":false},"featured_media":1580,"comment_status":"closed","ping_status":"closed","template":"","meta":[],"product_brand":[],"product_cat":[34,23],"product_tag":[],"merken":[],"class_list":{"0":"post-1579","1":"product","2":"type-product","3":"status-publish","4":"has-post-thumbnail","6":"product_cat-accordeon","7":"product_cat-boeken","9":"first","10":"instock","11":"taxable","12":"shipping-taxable","13":"purchasable","14":"product-type-simple"},"_links":{"self":[{"href":"https:\/\/muziek-karine.be\/fr\/wp-json\/wp\/v2\/product\/1579","targetHints":{"allow":["GET"]}}],"collection":[{"href":"https:\/\/muziek-karine.be\/fr\/wp-json\/wp\/v2\/product"}],"about":[{"href":"https:\/\/muziek-karine.be\/fr\/wp-json\/wp\/v2\/types\/product"}],"replies":[{"embeddable":true,"href":"https:\/\/muziek-karine.be\/fr\/wp-json\/wp\/v2\/comments?post=1579"}],"wp:featuredmedia":[{"embeddable":true,"href":"https:\/\/muziek-karine.be\/fr\/wp-json\/wp\/v2\/media\/1580"}],"wp:attachment":[{"href":"https:\/\/muziek-karine.be\/fr\/wp-json\/wp\/v2\/media?parent=1579"}],"wp:term":[{"taxonomy":"product_brand","embeddable":true,"href":"https:\/\/muziek-karine.be\/fr\/wp-json\/wp\/v2\/product_brand?post=1579"},{"taxonomy":"product_cat","embeddable":true,"href":"https:\/\/muziek-karine.be\/fr\/wp-json\/wp\/v2\/product_cat?post=1579"},{"taxonomy":"product_tag","embeddable":true,"href":"https:\/\/muziek-karine.be\/fr\/wp-json\/wp\/v2\/product_tag?post=1579"},{"taxonomy":"merken","embeddable":true,"href":"https:\/\/muziek-karine.be\/fr\/wp-json\/wp\/v2\/merken?post=1579"}],"curies":[{"name":"wp","href":"https:\/\/api.w.org\/{rel}","templated":true}]}}