{"id":1595,"date":"2022-12-06T20:48:49","date_gmt":"2022-12-06T20:48:49","guid":{"rendered":"https:\/\/muziek-karine.be\/product\/dwalen-door-frankrijk-musettes-en-javas-in-een-eenvoudige-zetting\/"},"modified":"2024-06-13T08:12:08","modified_gmt":"2024-06-13T08:12:08","slug":"dwalen-door-frankrijk-musettes-en-javas-in-een-eenvoudige-zetting","status":"publish","type":"product","link":"https:\/\/muziek-karine.be\/fr\/produit\/dwalen-door-frankrijk-musettes-en-javas-in-een-eenvoudige-zetting\/","title":{"rendered":"Dwalen door Frankrijk &#8211; Musettes en java&rsquo;s in een eenvoudige zetting"},"content":{"rendered":"<p>Inhoud<\/p>\n<p>            Moeilijkheidsgraad: 2<\/p>\n<p>\tDorpje in de Dordogne<br \/>\n\tSterren van Saint-Tropez<br \/>\n\tMireille uit Marseille<br \/>\n\tDe vissers van Saint-Brieuc<br \/>\n\tMont Saint-Michel<br \/>\n\tDruiven plukken in de Bourgogne<br \/>\n\tAvond in Avignon<br \/>\n\tFietsen door Bretagne<br \/>\n\tCr\u00e8pe Suzette<br \/>\n\tKastelen langs de Loire<br \/>\n\tZonnen aan de M\u00e9diterran\u00e9e<\/p>\n","protected":false},"excerpt":{"rendered":"<p>Inhoud Moeilijkheidsgraad: 2 Dorpje in de Dordogne Sterren van Saint-Tropez Mireille uit Marseille De vissers van Saint-Brieuc Mont Saint-Michel Druiven plukken in de Bourgogne Avond in Avignon Fietsen door Bretagne Cr\u00e8pe Suzette Kastelen langs de Loire Zonnen aan de M\u00e9diterran\u00e9e<\/p>\n","protected":false},"featured_media":1596,"comment_status":"closed","ping_status":"closed","template":"","meta":[],"product_brand":[],"product_cat":[82],"product_tag":[],"merken":[],"class_list":{"0":"post-1595","1":"product","2":"type-product","3":"status-publish","4":"has-post-thumbnail","6":"product_cat-geen-onderdeel-van-een-categorie","8":"first","9":"instock","10":"taxable","11":"shipping-taxable","12":"purchasable","13":"product-type-simple"},"_links":{"self":[{"href":"https:\/\/muziek-karine.be\/fr\/wp-json\/wp\/v2\/product\/1595","targetHints":{"allow":["GET"]}}],"collection":[{"href":"https:\/\/muziek-karine.be\/fr\/wp-json\/wp\/v2\/product"}],"about":[{"href":"https:\/\/muziek-karine.be\/fr\/wp-json\/wp\/v2\/types\/product"}],"replies":[{"embeddable":true,"href":"https:\/\/muziek-karine.be\/fr\/wp-json\/wp\/v2\/comments?post=1595"}],"wp:featuredmedia":[{"embeddable":true,"href":"https:\/\/muziek-karine.be\/fr\/wp-json\/wp\/v2\/media\/1596"}],"wp:attachment":[{"href":"https:\/\/muziek-karine.be\/fr\/wp-json\/wp\/v2\/media?parent=1595"}],"wp:term":[{"taxonomy":"product_brand","embeddable":true,"href":"https:\/\/muziek-karine.be\/fr\/wp-json\/wp\/v2\/product_brand?post=1595"},{"taxonomy":"product_cat","embeddable":true,"href":"https:\/\/muziek-karine.be\/fr\/wp-json\/wp\/v2\/product_cat?post=1595"},{"taxonomy":"product_tag","embeddable":true,"href":"https:\/\/muziek-karine.be\/fr\/wp-json\/wp\/v2\/product_tag?post=1595"},{"taxonomy":"merken","embeddable":true,"href":"https:\/\/muziek-karine.be\/fr\/wp-json\/wp\/v2\/merken?post=1595"}],"curies":[{"name":"wp","href":"https:\/\/api.w.org\/{rel}","templated":true}]}}