{"id":1607,"date":"2022-12-06T20:48:49","date_gmt":"2022-12-06T20:48:49","guid":{"rendered":"https:\/\/muziek-karine.be\/product\/friesland-in-liedjes-accordeon-keyboard\/"},"modified":"2023-12-13T00:17:08","modified_gmt":"2023-12-13T00:17:08","slug":"friesland-in-liedjes-accordeon-keyboard","status":"publish","type":"product","link":"https:\/\/muziek-karine.be\/fr\/produit\/friesland-in-liedjes-accordeon-keyboard\/","title":{"rendered":"Friesland in liedjes"},"content":{"rendered":"<p>Inhoud<\/p>\n<p>            Moeilijkheidsgraad: 2<\/p>\n<p>\tAs om &lsquo;e toer<br \/>\n\tBonkefeart<br \/>\n\tBreidzje<br \/>\n\tDe Boalserter Merke<br \/>\n\tDe Maitijd<br \/>\n\tDe winter is fertige<br \/>\n\tEala fria Fresena<br \/>\n\tFlaggeliet<br \/>\n\tFriezeliet<br \/>\n\tFrysk folksliet<br \/>\n\tGrouster Weagen<br \/>\n\tIk kom \u00fat Frysl\u00e2n<br \/>\n\tIt \u00e2ldersh\u00fbs<br \/>\n\tIt antlit<br \/>\n\tIt Dokkumer Lokaaltsje<br \/>\n\tIt feintsje fan Menaam<br \/>\n\tIt froalike famke<br \/>\n\tIt Heitel\u00e4n<br \/>\n\tOan &lsquo;e kaay yn<br \/>\n\tHarns Roeiersliet<br \/>\n\tSilerssankje<br \/>\n\tSimmerj\u00fbn<br \/>\n\tSimmermoarn<br \/>\n\tSk\u00fbtsjesilen<br \/>\n\tSkipperssankje<br \/>\n\tTe maaie<br \/>\n\tUs pake&rsquo;klok<br \/>\n\tW\u00e2ldsang<br \/>\n\tWidzesang fan &lsquo;t seemanswiif<br \/>\n\tYn&rsquo;e lijte by de seedyk<\/p>\n","protected":false},"excerpt":{"rendered":"<p>Inhoud Moeilijkheidsgraad: 2 As om &lsquo;e toer Bonkefeart Breidzje De Boalserter Merke De Maitijd De winter is fertige Eala fria Fresena Flaggeliet Friezeliet Frysk folksliet Grouster Weagen Ik kom \u00fat Frysl\u00e2n It \u00e2ldersh\u00fbs It antlit It Dokkumer Lokaaltsje It feintsje fan Menaam It froalike famke It Heitel\u00e4n Oan &lsquo;e kaay yn Harns Roeiersliet Silerssankje Simmerj\u00fbn [&hellip;]<\/p>\n","protected":false},"featured_media":1608,"comment_status":"closed","ping_status":"closed","template":"","meta":[],"product_brand":[],"product_cat":[23,34,35],"product_tag":[],"merken":[],"class_list":{"0":"post-1607","1":"product","2":"type-product","3":"status-publish","4":"has-post-thumbnail","6":"product_cat-boeken","7":"product_cat-accordeon","8":"product_cat-keyboard","10":"first","11":"instock","12":"taxable","13":"shipping-taxable","14":"purchasable","15":"product-type-simple"},"_links":{"self":[{"href":"https:\/\/muziek-karine.be\/fr\/wp-json\/wp\/v2\/product\/1607","targetHints":{"allow":["GET"]}}],"collection":[{"href":"https:\/\/muziek-karine.be\/fr\/wp-json\/wp\/v2\/product"}],"about":[{"href":"https:\/\/muziek-karine.be\/fr\/wp-json\/wp\/v2\/types\/product"}],"replies":[{"embeddable":true,"href":"https:\/\/muziek-karine.be\/fr\/wp-json\/wp\/v2\/comments?post=1607"}],"wp:featuredmedia":[{"embeddable":true,"href":"https:\/\/muziek-karine.be\/fr\/wp-json\/wp\/v2\/media\/1608"}],"wp:attachment":[{"href":"https:\/\/muziek-karine.be\/fr\/wp-json\/wp\/v2\/media?parent=1607"}],"wp:term":[{"taxonomy":"product_brand","embeddable":true,"href":"https:\/\/muziek-karine.be\/fr\/wp-json\/wp\/v2\/product_brand?post=1607"},{"taxonomy":"product_cat","embeddable":true,"href":"https:\/\/muziek-karine.be\/fr\/wp-json\/wp\/v2\/product_cat?post=1607"},{"taxonomy":"product_tag","embeddable":true,"href":"https:\/\/muziek-karine.be\/fr\/wp-json\/wp\/v2\/product_tag?post=1607"},{"taxonomy":"merken","embeddable":true,"href":"https:\/\/muziek-karine.be\/fr\/wp-json\/wp\/v2\/merken?post=1607"}],"curies":[{"name":"wp","href":"https:\/\/api.w.org\/{rel}","templated":true}]}}