{"id":1631,"date":"2022-12-06T20:49:09","date_gmt":"2022-12-06T20:49:09","guid":{"rendered":"https:\/\/muziek-karine.be\/product\/een-terrasje-op-montmartre\/"},"modified":"2025-10-24T22:05:48","modified_gmt":"2025-10-24T22:05:48","slug":"een-terrasje-op-montmartre","status":"publish","type":"product","link":"https:\/\/muziek-karine.be\/fr\/produit\/een-terrasje-op-montmartre\/","title":{"rendered":"Een terrasje op Montmartre"},"content":{"rendered":"<p>Inhoud<\/p>\n<p>            Moeilijkheidsgraad: 2<\/p>\n<p>De kunstenaars van het Place du Tertre<\/p>\n<p>De lichtjes van Place Pigalle<\/p>\n<p>De trappen van de Sacr\u00e9-Coeur<\/p>\n<p>De wijnkelder van Vieux Jacob<\/p>\n<p>Drie dagen in het Louvre<\/p>\n<p>Flaneren op de Champs-Elys\u00e9es<\/p>\n<p>Gare du Nord<\/p>\n<p>In een bootje op de Seine<\/p>\n<p>Muzikanten in de Metro<\/p>\n<p>Onder de Eiffeltoren<\/p>\n<p>Petit d\u00e9jeuner<\/p>\n<p>Verse croissantjes<\/p>\n","protected":false},"excerpt":{"rendered":"<p>Inhoud Moeilijkheidsgraad: 2 De kunstenaars van het Place du Tertre De lichtjes van Place Pigalle De trappen van de Sacr\u00e9-Coeur De wijnkelder van Vieux Jacob Drie dagen in het Louvre Flaneren op de Champs-Elys\u00e9es Gare du Nord In een bootje op de Seine Muzikanten in de Metro Onder de Eiffeltoren Petit d\u00e9jeuner Verse croissantjes<\/p>\n","protected":false},"featured_media":1632,"comment_status":"closed","ping_status":"closed","template":"","meta":[],"product_brand":[],"product_cat":[82],"product_tag":[],"merken":[],"class_list":{"0":"post-1631","1":"product","2":"type-product","3":"status-publish","4":"has-post-thumbnail","6":"product_cat-geen-onderdeel-van-een-categorie","8":"first","9":"instock","10":"taxable","11":"shipping-taxable","12":"purchasable","13":"product-type-simple"},"_links":{"self":[{"href":"https:\/\/muziek-karine.be\/fr\/wp-json\/wp\/v2\/product\/1631","targetHints":{"allow":["GET"]}}],"collection":[{"href":"https:\/\/muziek-karine.be\/fr\/wp-json\/wp\/v2\/product"}],"about":[{"href":"https:\/\/muziek-karine.be\/fr\/wp-json\/wp\/v2\/types\/product"}],"replies":[{"embeddable":true,"href":"https:\/\/muziek-karine.be\/fr\/wp-json\/wp\/v2\/comments?post=1631"}],"wp:featuredmedia":[{"embeddable":true,"href":"https:\/\/muziek-karine.be\/fr\/wp-json\/wp\/v2\/media\/1632"}],"wp:attachment":[{"href":"https:\/\/muziek-karine.be\/fr\/wp-json\/wp\/v2\/media?parent=1631"}],"wp:term":[{"taxonomy":"product_brand","embeddable":true,"href":"https:\/\/muziek-karine.be\/fr\/wp-json\/wp\/v2\/product_brand?post=1631"},{"taxonomy":"product_cat","embeddable":true,"href":"https:\/\/muziek-karine.be\/fr\/wp-json\/wp\/v2\/product_cat?post=1631"},{"taxonomy":"product_tag","embeddable":true,"href":"https:\/\/muziek-karine.be\/fr\/wp-json\/wp\/v2\/product_tag?post=1631"},{"taxonomy":"merken","embeddable":true,"href":"https:\/\/muziek-karine.be\/fr\/wp-json\/wp\/v2\/merken?post=1631"}],"curies":[{"name":"wp","href":"https:\/\/api.w.org\/{rel}","templated":true}]}}