{"id":1701,"date":"2022-12-06T20:49:59","date_gmt":"2022-12-06T20:49:59","guid":{"rendered":"https:\/\/muziek-karine.be\/product\/das-grosse-akkordeon-buch-volume-one\/"},"modified":"2022-12-15T09:00:39","modified_gmt":"2022-12-15T09:00:39","slug":"das-grosse-akkordeon-buch-volume-one","status":"publish","type":"product","link":"https:\/\/muziek-karine.be\/fr\/produit\/das-grosse-akkordeon-buch-volume-one\/","title":{"rendered":"Das Grosse Akkordeon-Buch &#8211; Volume One"},"content":{"rendered":"<p>Inhoud<\/p>\n<p>            Moeilijkheidsgraad: 2<\/p>\n<p>Ach, so fromm<\/p>\n<p>Ade zur guten Nachten<\/p>\n<p>Albumblatt \u00ab\u00a0F\u00fcr Elise\u00a0\u00bb<\/p>\n<p>Alle V\u00f6gel sind schon da<\/p>\n<p>Aloha O\u00eb<\/p>\n<p>Alouette<\/p>\n<p>Amboss-Polka<\/p>\n<p>Am Brunnen vor dem Tore<\/p>\n<p>Auf de Schw\u00e4b&rsquo;sche Eisebahne<\/p>\n<p>Aure Lee<\/p>\n<p>Beautiful Dreamer<\/p>\n<p>Bela Bimba<\/p>\n<p>Cancan (aus der Oper \u00ab\u00a0Orpheus in der Unterwelt\u00a0\u00bb)<\/p>\n<p>Caramba, Caracho, ein Whisky<\/p>\n<p>Careless Love<\/p>\n<p>Carlotta-Walzer (aus der Operette \u00ab\u00a0Gasparone\u00a0\u00bb)<\/p>\n<p>Comedian Polka<\/p>\n<p>Da streiten sich die Leut&rsquo;herum (Hobellied)<\/p>\n<p>De Hamborger Veermaster<\/p>\n<p>Der alte Peter<\/p>\n<p>Der Klarinettenmuckl<\/p>\n<p>Der Schlittschufhl\u00e4ufer<\/p>\n<p>Die diebische Elster<\/p>\n<p>Die Post im Walde<\/p>\n<p>Dixie<\/p>\n<p>Doch im Wald, da sind die R\u00e4uber<\/p>\n<p>Drunten im Unterland<\/p>\n<p>Ein J\u00e4ger aus Kurpfalz<\/p>\n<p>Ein Prosit (Trinklied)<\/p>\n<p>Ein Schifflein sah ich fahren<\/p>\n<p>Es Geht nichts \u00fcber die Gem\u00fctlichkeit<\/p>\n<p>Espa\u00f1a-Walzer<\/p>\n<p>Fatanitza-Marsch<\/p>\n<p>Freut euch des Lebens<\/p>\n<p>Fr\u00f6hlicher Landmann<\/p>\n<p>Galopp (Aus der Operette \u00ab\u00a0Pariser Leben\u00a0\u00bb)<\/p>\n<p>Galopp (Aus der Ouverture \u00ab\u00a0Leichte Kavallerie\u00a0\u00bb)<\/p>\n<p>Gavotte<\/p>\n<p>Glory, Glory, Hallelujah (The Battle Hymn of the Republic)<\/p>\n<p>Gloryland<\/p>\n<p>Good-Night Ladies<\/p>\n<p>Go Tell It On the Mountain<\/p>\n<p>Greensleeves<\/p>\n<p>Grossm\u00fctterchen<\/p>\n<p>Happy Birthday<\/p>\n<p>Heidschi Bumbeidschi<\/p>\n<p>Hinaus in die Ferne<\/p>\n<p>Holzschuhtanz (Aus der Oper \u00ab\u00a0Zar und Zimmermann\u00a0\u00bb)<\/p>\n<p>I bin a Steirerbua<\/p>\n<p>Im Kahlenbergerd\u00f6rfel<\/p>\n<p>I was Born About Ten Thousand Years Ago<\/p>\n<p>Jingle Bells<\/p>\n<p>Joshua Fought the Battle Of Jericho<\/p>\n<p>Karneval in Venedig<\/p>\n<p>Komm in die Gondel (Aus der Operette \u00ab\u00a0Eine Nacht in Venedig\u00a0\u00bb)<\/p>\n<p>Kosaken-Parade<\/p>\n<p>La cucaracha<\/p>\n<p>Lang, Lang ist&rsquo;s her (Long, long ago)<\/p>\n<p>La Paloma<\/p>\n<p>La Raspa<\/p>\n<p>La Sorella<\/p>\n<p>Lass&rsquo; dir Zeit (Aus der Operette \u00ab\u00a0Der Kellermeister\u00a0\u00bb)<\/p>\n<p>Little Brown Jug<\/p>\n<p>Londonderry Air<\/p>\n<p>Mariechen sass weinend im Garten<\/p>\n<p>Mary Ann<\/p>\n<p>Mein Lebenslauf ist Lieb&rsquo; und Lust<\/p>\n<p>Melodie in F<\/p>\n<p>Menuett (J.S.Bach)<\/p>\n<p>Mexikanischer Hut-Tanz (Jarabe Tapiato)<\/p>\n<p>Michael, Row the Boat<\/p>\n<p>Mozart 40<\/p>\n<p>N\u00e4chte in Moskau<\/p>\n<p>O alte Burschenherrlichkeit<\/p>\n<p>O du lieber Augustin<\/p>\n<p>Oh, My Darling, Clementine<\/p>\n<p>Oh! Susanna<\/p>\n<p>Pilgerchor (Aus der Oper \u00ab\u00a0Tannh\u00e4user\u00a0\u00bb)<\/p>\n<p>Po\u00e8me<\/p>\n<p>Polka (o je, o je wie r\u00fchrt mich das) (Aus der Operette \u00ab\u00a0Die Fliedermaus\u00a0\u00bb)<\/p>\n<p>Radetzky-Marsch<\/p>\n<p>Red River Valley<\/p>\n<p>Romanze (aus \u00ab\u00a0Eine kleine Nachtmusik\u00a0\u00bb)<\/p>\n<p>Santa Lucia<\/p>\n<p>Schenkt mann sich Rosen in Tirol<\/p>\n<p>Schiffsjungentanz<\/p>\n<p>Schlafe, mein Prinzchen, schlaf ein<\/p>\n<p>Schneewalzer<\/p>\n<p>Sch\u00f6n ist die Jugend<\/p>\n<p>Schwarzbraun ist die Haselnuss<\/p>\n<p>Schwarze Augen (Occhi neri)<\/p>\n<p>Sloop John B.<\/p>\n<p>Stephanie Gavotte<\/p>\n<p>Stosst an (Trinklied)<\/p>\n<p>Taiga-Melodie<\/p>\n<p>The Drunken Sailor<\/p>\n<p>The Entertainer (Theme from the film \u00ab\u00a0The Sting\u00a0\u00bb)<\/p>\n<p>The House Of the Rising Sun<\/p>\n<p>Thema (aus der Oper \u00ab\u00a0La Traviata\u00a0\u00bb)<\/p>\n<p>Tirol, Tirol, Tirol<\/p>\n<p>Tr\u00e4umerei<\/p>\n<p>Triump-Marsch (aus der Oper \u00ab\u00a0Aida\u00a0\u00bb)<\/p>\n<p>Tschau-Tschau-Tschau (Ciao, Ciao, Ciao)<\/p>\n<p>Vermeland<\/p>\n<p>Vien sulla barchetta<\/p>\n<p>Walzer (Aus dem Ballett \u00ab\u00a0Coppelia\u00a0\u00bb)<\/p>\n<p>Wer uns getraut? (Aus der Operette \u00ab\u00a0Der Zigeunerbaron\u00a0\u00bb)<\/p>\n","protected":false},"excerpt":{"rendered":"<p>Inhoud Moeilijkheidsgraad: 2 Ach, so fromm Ade zur guten Nachten Albumblatt \u00ab\u00a0F\u00fcr Elise\u00a0\u00bb Alle V\u00f6gel sind schon da Aloha O\u00eb Alouette Amboss-Polka Am Brunnen vor dem Tore Auf de Schw\u00e4b&rsquo;sche Eisebahne Aure Lee Beautiful Dreamer Bela Bimba Cancan (aus der Oper \u00ab\u00a0Orpheus in der Unterwelt\u00a0\u00bb) Caramba, Caracho, ein Whisky Careless Love Carlotta-Walzer (aus der Operette [&hellip;]<\/p>\n","protected":false},"featured_media":1702,"comment_status":"closed","ping_status":"closed","template":"","meta":[],"product_brand":[],"product_cat":[23,34],"product_tag":[],"merken":[],"class_list":{"0":"post-1701","1":"product","2":"type-product","3":"status-publish","4":"has-post-thumbnail","6":"product_cat-boeken","7":"product_cat-accordeon","9":"first","10":"instock","11":"taxable","12":"shipping-taxable","13":"purchasable","14":"product-type-simple"},"_links":{"self":[{"href":"https:\/\/muziek-karine.be\/fr\/wp-json\/wp\/v2\/product\/1701","targetHints":{"allow":["GET"]}}],"collection":[{"href":"https:\/\/muziek-karine.be\/fr\/wp-json\/wp\/v2\/product"}],"about":[{"href":"https:\/\/muziek-karine.be\/fr\/wp-json\/wp\/v2\/types\/product"}],"replies":[{"embeddable":true,"href":"https:\/\/muziek-karine.be\/fr\/wp-json\/wp\/v2\/comments?post=1701"}],"wp:featuredmedia":[{"embeddable":true,"href":"https:\/\/muziek-karine.be\/fr\/wp-json\/wp\/v2\/media\/1702"}],"wp:attachment":[{"href":"https:\/\/muziek-karine.be\/fr\/wp-json\/wp\/v2\/media?parent=1701"}],"wp:term":[{"taxonomy":"product_brand","embeddable":true,"href":"https:\/\/muziek-karine.be\/fr\/wp-json\/wp\/v2\/product_brand?post=1701"},{"taxonomy":"product_cat","embeddable":true,"href":"https:\/\/muziek-karine.be\/fr\/wp-json\/wp\/v2\/product_cat?post=1701"},{"taxonomy":"product_tag","embeddable":true,"href":"https:\/\/muziek-karine.be\/fr\/wp-json\/wp\/v2\/product_tag?post=1701"},{"taxonomy":"merken","embeddable":true,"href":"https:\/\/muziek-karine.be\/fr\/wp-json\/wp\/v2\/merken?post=1701"}],"curies":[{"name":"wp","href":"https:\/\/api.w.org\/{rel}","templated":true}]}}