{"id":1707,"date":"2022-12-06T20:49:59","date_gmt":"2022-12-06T20:49:59","guid":{"rendered":"https:\/\/muziek-karine.be\/product\/akkordeon-collection-2-easy-arrangements\/"},"modified":"2023-04-04T11:53:18","modified_gmt":"2023-04-04T11:53:18","slug":"akkordeon-collection-2-easy-arrangements","status":"publish","type":"product","link":"https:\/\/muziek-karine.be\/fr\/produit\/akkordeon-collection-2-easy-arrangements\/","title":{"rendered":"Akkordeon Collection 2 Easy Arrangements"},"content":{"rendered":"<p>Inhoud<\/p>\n<p>            Moeilijkheidsgraad: 2<\/p>\n<p>\tAn der sch\u00f6nen blauen Donau<br \/>\n\tCarneval in Venedig<br \/>\n\tLustig ist das Zigeunerleben<br \/>\n\tDer Mond ist aufgegangen<br \/>\n\tAls der Gro\u00dfvater die Gro\u00dfmutter nahm<br \/>\n\tVindobona, du herrliche Stadt<br \/>\n\tOh! Susanna<br \/>\n\tEdelwei\u00dflied<br \/>\n\tOh, bury me out on the Prairie<br \/>\n\tMariechen sass weinend im Garten<br \/>\n\tWohlan, die Zeit ist kommen<br \/>\n\tLiebestraum nach dem Balle<br \/>\n\tBingo<br \/>\n\tGreensleeves<br \/>\n\tOh, when the Saints<br \/>\n\tHei\u00dfa, Kathreinerle<br \/>\n\tHome on the Range<br \/>\n\tKaiserwalzer<br \/>\n\tO du wundersch\u00f6ner deutscher Rhein<br \/>\n\tBandltanz<br \/>\n\tDaisy-Walzer<br \/>\n\tSchenkt man sich Rosen in Tirol<br \/>\n\tCamptown Races<br \/>\n\tFiakerlied<br \/>\n\tThe yellow Rose of Texas<br \/>\n\tLang, lang ist\u00b4s her<br \/>\n\tVo Luzern uf W\u00e4ggis zua<br \/>\n\tSolang der alte Peter<br \/>\n\t\u00dcber den Wellen<br \/>\n\tBobby Shaftoe<br \/>\n\tStephanie-Gavotte<br \/>\n\tBella Bimba<br \/>\n\tSabinchen war ein Frauenzimmer<br \/>\n\tMexikanisches Tanzlied<br \/>\n\tNein, nein, nein aber nein<br \/>\n\ts&rsquo; Baurab\u00fcble<br \/>\n\tSlawisches Volkslied<br \/>\n\tWalzermelodie<br \/>\n\tThema aus \u00ab\u00a0Capriccio Italien\u00a0\u00bb<br \/>\n\tAch, ich hab&rsquo; sie ja nur<br \/>\n\tGl\u00fccklich ist, wer vergi\u00dft<br \/>\n\tAuf der Alm, da gibt&rsquo;s koa S\u00fcnd&rsquo;<br \/>\n\tMorgen will mein Schatz verreisen<br \/>\n\tBeim Kronenwirt<br \/>\n\tWalzer aus der Oper \u00ab\u00a0Der Freisch\u00fctz\u00a0\u00bb<br \/>\n\tBlumenlied<br \/>\n\tLetzte Rose<br \/>\n\tTiritomba<br \/>\n\tMenuett aus der Oper \u00ab\u00a0Don Juan\u00a0\u00bb<br \/>\n\tTiroler Holzhackerbuab&rsquo;n<br \/>\n\tAlter J\u00e4germarsch<br \/>\n\tSchwarze Augen<br \/>\n\tSilver threads among the gold<br \/>\n\tBer\u00fchmtes Menuett<br \/>\n\tWie mei Ahnl zwanzig Jahr<br \/>\n\tIn Mueters St\u00fcbele<br \/>\n\tSo tanzt man in Oberbayern<br \/>\n\tHab&rsquo; ich nur Deine Liebe<br \/>\n\tDie Tiroler sind lustig<br \/>\n\tDroben in Oberland<br \/>\n\tDie Loreley<br \/>\n\tWenn der Auerhahn balzt<br \/>\n\tWei\u00dft du, wieviel Sternlein stehen<br \/>\n\tJohn Brown&rsquo;s body<br \/>\n\tDie Vogelhochzeit<br \/>\n\tSanta Lucia<br \/>\n\tHaera Ra<br \/>\n\tDer J\u00e4ger aus Kurpfalz<br \/>\n\tM\u00e4rchen<br \/>\n\tAu is&rsquo;s mit mir<br \/>\n\tLondonderry Air<br \/>\n\tFeuerwehr-Galopp<br \/>\n\tKu\u00df-Walzer<br \/>\n\tHolzschuhtanz aus der Oper \u00ab\u00a0Zar und Zimmermann\u00a0\u00bb<br \/>\n\tJ\u00e4gerchor aus der Oper \u00ab\u00a0Der Freisch\u00fctz\u00a0\u00bb<br \/>\n\tWem Gott will rechte Gunst erweisen<br \/>\n\tMy Bonnie lies over the Ocean<br \/>\n\tHeidschi, Bumbeidschi<br \/>\n\tGro\u00dfm\u00fctterchen<br \/>\n\tDer Strohschneider<br \/>\n\tEin Prosit der Gm\u00fctlichkeit<br \/>\n\tEspana-Walzer<br \/>\n\tDown by the Riverside<br \/>\n\tDer Vogelbeerbaum<br \/>\n\tDer fr\u00f6hliche Landmann<br \/>\n\tCielito Lindo<br \/>\n\tDer treue Husar<br \/>\n\tThema aus der \u00ab\u00a0Unvollendeten Symphonie\u00a0\u00bb<br \/>\n\tBeh\u00fct dich Gott<br \/>\n\tBer\u00fchmter Walzer<br \/>\n\tSur le pont d&rsquo; Avignon<br \/>\n\tDonauwellen<br \/>\n\tCarry me back to old Virginny<br \/>\n\tTriumphmarsch aus \u00ab\u00a0Aida\u00a0\u00bb<br \/>\n\tNarcissus<br \/>\n\tJodler<br \/>\n\tMoskauer N\u00e4chte<br \/>\n\tAmboss-Polka<br \/>\n\tSolvejghs Lied<br \/>\n\tWer uns getraut<br \/>\n\tWenn das so weitergeht<br \/>\n\tMy old Kentucky home<br \/>\n\tMelodie<br \/>\n\tTe Deum (Eurovisions-Melodie)<br \/>\n\tEnglischer Schiffsjungentanz<br \/>\n\tLa Cucaracha<br \/>\n\tVerlassen, verlassen<br \/>\n\tErzherzog Johann<br \/>\n\t\u00d6sterreichische Bundeshymne<br \/>\n\tGefangenen-Chor aus \u00ab\u00a0Nabucco\u00a0\u00bb<br \/>\n\tLa Marseillaise (Franz\u00f6sische Nationalhymne)<br \/>\n\tLuegit, vo Berg und Tal<br \/>\n\tSchweizerpsalm<br \/>\n\tDeutschlandlied<br \/>\n\tDie Post im Waldea<\/p>\n","protected":false},"excerpt":{"rendered":"<p>Inhoud Moeilijkheidsgraad: 2 An der sch\u00f6nen blauen Donau Carneval in Venedig Lustig ist das Zigeunerleben Der Mond ist aufgegangen Als der Gro\u00dfvater die Gro\u00dfmutter nahm Vindobona, du herrliche Stadt Oh! Susanna Edelwei\u00dflied Oh, bury me out on the Prairie Mariechen sass weinend im Garten Wohlan, die Zeit ist kommen Liebestraum nach dem Balle Bingo Greensleeves [&hellip;]<\/p>\n","protected":false},"featured_media":1708,"comment_status":"closed","ping_status":"closed","template":"","meta":[],"product_brand":[],"product_cat":[23,34],"product_tag":[],"merken":[],"class_list":{"0":"post-1707","1":"product","2":"type-product","3":"status-publish","4":"has-post-thumbnail","6":"product_cat-boeken","7":"product_cat-accordeon","9":"first","10":"instock","11":"taxable","12":"shipping-taxable","13":"purchasable","14":"product-type-simple"},"_links":{"self":[{"href":"https:\/\/muziek-karine.be\/fr\/wp-json\/wp\/v2\/product\/1707","targetHints":{"allow":["GET"]}}],"collection":[{"href":"https:\/\/muziek-karine.be\/fr\/wp-json\/wp\/v2\/product"}],"about":[{"href":"https:\/\/muziek-karine.be\/fr\/wp-json\/wp\/v2\/types\/product"}],"replies":[{"embeddable":true,"href":"https:\/\/muziek-karine.be\/fr\/wp-json\/wp\/v2\/comments?post=1707"}],"wp:featuredmedia":[{"embeddable":true,"href":"https:\/\/muziek-karine.be\/fr\/wp-json\/wp\/v2\/media\/1708"}],"wp:attachment":[{"href":"https:\/\/muziek-karine.be\/fr\/wp-json\/wp\/v2\/media?parent=1707"}],"wp:term":[{"taxonomy":"product_brand","embeddable":true,"href":"https:\/\/muziek-karine.be\/fr\/wp-json\/wp\/v2\/product_brand?post=1707"},{"taxonomy":"product_cat","embeddable":true,"href":"https:\/\/muziek-karine.be\/fr\/wp-json\/wp\/v2\/product_cat?post=1707"},{"taxonomy":"product_tag","embeddable":true,"href":"https:\/\/muziek-karine.be\/fr\/wp-json\/wp\/v2\/product_tag?post=1707"},{"taxonomy":"merken","embeddable":true,"href":"https:\/\/muziek-karine.be\/fr\/wp-json\/wp\/v2\/merken?post=1707"}],"curies":[{"name":"wp","href":"https:\/\/api.w.org\/{rel}","templated":true}]}}