{"id":1727,"date":"2022-12-06T20:49:59","date_gmt":"2022-12-06T20:49:59","guid":{"rendered":"https:\/\/muziek-karine.be\/product\/heimwee-naar-portugal-accordeon-keyboard\/"},"modified":"2023-12-13T00:25:59","modified_gmt":"2023-12-13T00:25:59","slug":"heimwee-naar-portugal-accordeon-keyboard","status":"publish","type":"product","link":"https:\/\/muziek-karine.be\/fr\/produit\/heimwee-naar-portugal-accordeon-keyboard\/","title":{"rendered":"Heimwee naar Portugal"},"content":{"rendered":"<p>Inhoud<\/p>\n<p>            Moeilijkheidsgraad: overwegend 2, soms 3<\/p>\n<p>14 eenvoudig speelbare stukken voor accordeon\/keyboard<\/p>\n<p>\tCoimbra<br \/>\n\tCheira a Lisboa<br \/>\n\tSantar\u00e8m<br \/>\n\tLembran\u00e7as<br \/>\n\tOndas do mar<br \/>\n\tAve de arriba\u00e7\u00e3o<br \/>\n\tCanta Lisboa<br \/>\n\tUma casa portuguesa<br \/>\n\tAmores de estudante<br \/>\n\tO passarinho<br \/>\n\tO meu pais natal<br \/>\n\tOs marinheiros<br \/>\n\tVinho verde<br \/>\n\tS\u00f3 n\u00f3s dois<\/p>\n","protected":false},"excerpt":{"rendered":"<p>Inhoud Moeilijkheidsgraad: overwegend 2, soms 3 14 eenvoudig speelbare stukken voor accordeon\/keyboard Coimbra Cheira a Lisboa Santar\u00e8m Lembran\u00e7as Ondas do mar Ave de arriba\u00e7\u00e3o Canta Lisboa Uma casa portuguesa Amores de estudante O passarinho O meu pais natal Os marinheiros Vinho verde S\u00f3 n\u00f3s dois<\/p>\n","protected":false},"featured_media":1728,"comment_status":"closed","ping_status":"closed","template":"","meta":[],"product_brand":[],"product_cat":[23,34,35],"product_tag":[],"merken":[],"class_list":{"0":"post-1727","1":"product","2":"type-product","3":"status-publish","4":"has-post-thumbnail","6":"product_cat-boeken","7":"product_cat-accordeon","8":"product_cat-keyboard","10":"first","11":"instock","12":"taxable","13":"shipping-taxable","14":"purchasable","15":"product-type-simple"},"_links":{"self":[{"href":"https:\/\/muziek-karine.be\/fr\/wp-json\/wp\/v2\/product\/1727","targetHints":{"allow":["GET"]}}],"collection":[{"href":"https:\/\/muziek-karine.be\/fr\/wp-json\/wp\/v2\/product"}],"about":[{"href":"https:\/\/muziek-karine.be\/fr\/wp-json\/wp\/v2\/types\/product"}],"replies":[{"embeddable":true,"href":"https:\/\/muziek-karine.be\/fr\/wp-json\/wp\/v2\/comments?post=1727"}],"wp:featuredmedia":[{"embeddable":true,"href":"https:\/\/muziek-karine.be\/fr\/wp-json\/wp\/v2\/media\/1728"}],"wp:attachment":[{"href":"https:\/\/muziek-karine.be\/fr\/wp-json\/wp\/v2\/media?parent=1727"}],"wp:term":[{"taxonomy":"product_brand","embeddable":true,"href":"https:\/\/muziek-karine.be\/fr\/wp-json\/wp\/v2\/product_brand?post=1727"},{"taxonomy":"product_cat","embeddable":true,"href":"https:\/\/muziek-karine.be\/fr\/wp-json\/wp\/v2\/product_cat?post=1727"},{"taxonomy":"product_tag","embeddable":true,"href":"https:\/\/muziek-karine.be\/fr\/wp-json\/wp\/v2\/product_tag?post=1727"},{"taxonomy":"merken","embeddable":true,"href":"https:\/\/muziek-karine.be\/fr\/wp-json\/wp\/v2\/merken?post=1727"}],"curies":[{"name":"wp","href":"https:\/\/api.w.org\/{rel}","templated":true}]}}