{"id":1737,"date":"2022-12-06T20:50:17","date_gmt":"2022-12-06T20:50:17","guid":{"rendered":"https:\/\/muziek-karine.be\/product\/accordeon-progression-2\/"},"modified":"2025-12-18T16:14:42","modified_gmt":"2025-12-18T16:14:42","slug":"accordeon-progression-2","status":"publish","type":"product","link":"https:\/\/muziek-karine.be\/fr\/produit\/accordeon-progression-2\/","title":{"rendered":"Accordeon progression 2"},"content":{"rendered":"<p>Inhoud<\/p>\n<p>            Lesboek voor accordeon.<\/p>\n<p>Moeilijkheidsgraad: 2<\/p>\n<p>\tValse de concert<br \/>\n\tInterm\u00e8de &#8211; Intermezzo &#8211; Interlude<br \/>\n\tR\u00e9cr\u00e9ation<br \/>\n\tRomance<br \/>\n\tGavotte<br \/>\n\tPetite ouverture<br \/>\n\tEsquisse rythmique<\/p>\n","protected":false},"excerpt":{"rendered":"<p>Inhoud Lesboek voor accordeon. Moeilijkheidsgraad: 2 Valse de concert Interm\u00e8de &#8211; Intermezzo &#8211; Interlude R\u00e9cr\u00e9ation Romance Gavotte Petite ouverture Esquisse rythmique<\/p>\n","protected":false},"featured_media":1738,"comment_status":"closed","ping_status":"closed","template":"","meta":[],"product_brand":[],"product_cat":[23,34],"product_tag":[],"merken":[],"class_list":{"0":"post-1737","1":"product","2":"type-product","3":"status-publish","4":"has-post-thumbnail","6":"product_cat-boeken","7":"product_cat-accordeon","9":"first","10":"instock","11":"taxable","12":"shipping-taxable","13":"purchasable","14":"product-type-simple"},"_links":{"self":[{"href":"https:\/\/muziek-karine.be\/fr\/wp-json\/wp\/v2\/product\/1737","targetHints":{"allow":["GET"]}}],"collection":[{"href":"https:\/\/muziek-karine.be\/fr\/wp-json\/wp\/v2\/product"}],"about":[{"href":"https:\/\/muziek-karine.be\/fr\/wp-json\/wp\/v2\/types\/product"}],"replies":[{"embeddable":true,"href":"https:\/\/muziek-karine.be\/fr\/wp-json\/wp\/v2\/comments?post=1737"}],"wp:featuredmedia":[{"embeddable":true,"href":"https:\/\/muziek-karine.be\/fr\/wp-json\/wp\/v2\/media\/1738"}],"wp:attachment":[{"href":"https:\/\/muziek-karine.be\/fr\/wp-json\/wp\/v2\/media?parent=1737"}],"wp:term":[{"taxonomy":"product_brand","embeddable":true,"href":"https:\/\/muziek-karine.be\/fr\/wp-json\/wp\/v2\/product_brand?post=1737"},{"taxonomy":"product_cat","embeddable":true,"href":"https:\/\/muziek-karine.be\/fr\/wp-json\/wp\/v2\/product_cat?post=1737"},{"taxonomy":"product_tag","embeddable":true,"href":"https:\/\/muziek-karine.be\/fr\/wp-json\/wp\/v2\/product_tag?post=1737"},{"taxonomy":"merken","embeddable":true,"href":"https:\/\/muziek-karine.be\/fr\/wp-json\/wp\/v2\/merken?post=1737"}],"curies":[{"name":"wp","href":"https:\/\/api.w.org\/{rel}","templated":true}]}}