{"id":1741,"date":"2022-12-06T20:50:17","date_gmt":"2022-12-06T20:50:17","guid":{"rendered":"https:\/\/muziek-karine.be\/product\/akkordeon-virtuos-musette-3\/"},"modified":"2022-12-14T19:02:16","modified_gmt":"2022-12-14T19:02:16","slug":"akkordeon-virtuos-musette-3","status":"publish","type":"product","link":"https:\/\/muziek-karine.be\/fr\/produit\/akkordeon-virtuos-musette-3\/","title":{"rendered":"Akkordeon Virtuos &#8211; Musette 3"},"content":{"rendered":"<p>Inhoud<\/p>\n<p>            Moeilijkheidsgraad: 2-3<\/p>\n<p>Ballade \u00e0 Nogent<\/p>\n<p>Belle Sevranaise<\/p>\n<p>Com\u00e8t&rsquo; Valse<\/p>\n<p>Confidences<\/p>\n<p>Deux Clefs<\/p>\n<p>Fantaisie-Polka<\/p>\n<p>Galopade<\/p>\n<p>Gracieuse<\/p>\n<p>Les Bluets<\/p>\n<p>L&rsquo;Infid\u00e8le<\/p>\n<p>Mascotte-Musette<\/p>\n<p>Napolitanitta<\/p>\n<p>R\u00eave d&rsquo;Accord\u00e9oniste<\/p>\n<p>R\u00e9veil Musette<\/p>\n<p>Valse des As<\/p>\n<p>15e Avenue<\/p>\n","protected":false},"excerpt":{"rendered":"<p>Inhoud Moeilijkheidsgraad: 2-3 Ballade \u00e0 Nogent Belle Sevranaise Com\u00e8t&rsquo; Valse Confidences Deux Clefs Fantaisie-Polka Galopade Gracieuse Les Bluets L&rsquo;Infid\u00e8le Mascotte-Musette Napolitanitta R\u00eave d&rsquo;Accord\u00e9oniste R\u00e9veil Musette Valse des As 15e Avenue<\/p>\n","protected":false},"featured_media":1742,"comment_status":"closed","ping_status":"closed","template":"","meta":[],"product_brand":[],"product_cat":[23,34],"product_tag":[],"merken":[],"class_list":{"0":"post-1741","1":"product","2":"type-product","3":"status-publish","4":"has-post-thumbnail","6":"product_cat-boeken","7":"product_cat-accordeon","9":"first","10":"instock","11":"taxable","12":"shipping-taxable","13":"purchasable","14":"product-type-simple"},"_links":{"self":[{"href":"https:\/\/muziek-karine.be\/fr\/wp-json\/wp\/v2\/product\/1741","targetHints":{"allow":["GET"]}}],"collection":[{"href":"https:\/\/muziek-karine.be\/fr\/wp-json\/wp\/v2\/product"}],"about":[{"href":"https:\/\/muziek-karine.be\/fr\/wp-json\/wp\/v2\/types\/product"}],"replies":[{"embeddable":true,"href":"https:\/\/muziek-karine.be\/fr\/wp-json\/wp\/v2\/comments?post=1741"}],"wp:featuredmedia":[{"embeddable":true,"href":"https:\/\/muziek-karine.be\/fr\/wp-json\/wp\/v2\/media\/1742"}],"wp:attachment":[{"href":"https:\/\/muziek-karine.be\/fr\/wp-json\/wp\/v2\/media?parent=1741"}],"wp:term":[{"taxonomy":"product_brand","embeddable":true,"href":"https:\/\/muziek-karine.be\/fr\/wp-json\/wp\/v2\/product_brand?post=1741"},{"taxonomy":"product_cat","embeddable":true,"href":"https:\/\/muziek-karine.be\/fr\/wp-json\/wp\/v2\/product_cat?post=1741"},{"taxonomy":"product_tag","embeddable":true,"href":"https:\/\/muziek-karine.be\/fr\/wp-json\/wp\/v2\/product_tag?post=1741"},{"taxonomy":"merken","embeddable":true,"href":"https:\/\/muziek-karine.be\/fr\/wp-json\/wp\/v2\/merken?post=1741"}],"curies":[{"name":"wp","href":"https:\/\/api.w.org\/{rel}","templated":true}]}}