{"id":1753,"date":"2022-12-06T20:50:17","date_gmt":"2022-12-06T20:50:17","guid":{"rendered":"https:\/\/muziek-karine.be\/product\/bravour-stucke-2\/"},"modified":"2022-12-14T19:02:34","modified_gmt":"2022-12-14T19:02:34","slug":"bravour-stucke-2","status":"publish","type":"product","link":"https:\/\/muziek-karine.be\/fr\/produit\/bravour-stucke-2\/","title":{"rendered":"Bravour St\u00fccke 2"},"content":{"rendered":"<p>Inhoud<\/p>\n<p>            Moeilijkheidsgraad: 2-3<\/p>\n<p>\tWild Cat Blues<br \/>\n\tS\u00e4beltanz<br \/>\n\tVerflixte Finger<br \/>\n\tT\u00fcrkischer Marsch<br \/>\n\tJazz-Hochzeit im Zillertal<br \/>\n\tLa Cumparsita<br \/>\n\tFr\u00fchlingsstimmen-Walzer<br \/>\n\tPetite Petra<br \/>\n\tAmerican Patrol<br \/>\n\tCan Can<\/p>\n","protected":false},"excerpt":{"rendered":"<p>Inhoud Moeilijkheidsgraad: 2-3 Wild Cat Blues S\u00e4beltanz Verflixte Finger T\u00fcrkischer Marsch Jazz-Hochzeit im Zillertal La Cumparsita Fr\u00fchlingsstimmen-Walzer Petite Petra American Patrol Can Can<\/p>\n","protected":false},"featured_media":1754,"comment_status":"closed","ping_status":"closed","template":"","meta":[],"product_brand":[],"product_cat":[23,34],"product_tag":[],"merken":[],"class_list":{"0":"post-1753","1":"product","2":"type-product","3":"status-publish","4":"has-post-thumbnail","6":"product_cat-boeken","7":"product_cat-accordeon","9":"first","10":"instock","11":"taxable","12":"shipping-taxable","13":"purchasable","14":"product-type-simple"},"_links":{"self":[{"href":"https:\/\/muziek-karine.be\/fr\/wp-json\/wp\/v2\/product\/1753","targetHints":{"allow":["GET"]}}],"collection":[{"href":"https:\/\/muziek-karine.be\/fr\/wp-json\/wp\/v2\/product"}],"about":[{"href":"https:\/\/muziek-karine.be\/fr\/wp-json\/wp\/v2\/types\/product"}],"replies":[{"embeddable":true,"href":"https:\/\/muziek-karine.be\/fr\/wp-json\/wp\/v2\/comments?post=1753"}],"wp:featuredmedia":[{"embeddable":true,"href":"https:\/\/muziek-karine.be\/fr\/wp-json\/wp\/v2\/media\/1754"}],"wp:attachment":[{"href":"https:\/\/muziek-karine.be\/fr\/wp-json\/wp\/v2\/media?parent=1753"}],"wp:term":[{"taxonomy":"product_brand","embeddable":true,"href":"https:\/\/muziek-karine.be\/fr\/wp-json\/wp\/v2\/product_brand?post=1753"},{"taxonomy":"product_cat","embeddable":true,"href":"https:\/\/muziek-karine.be\/fr\/wp-json\/wp\/v2\/product_cat?post=1753"},{"taxonomy":"product_tag","embeddable":true,"href":"https:\/\/muziek-karine.be\/fr\/wp-json\/wp\/v2\/product_tag?post=1753"},{"taxonomy":"merken","embeddable":true,"href":"https:\/\/muziek-karine.be\/fr\/wp-json\/wp\/v2\/merken?post=1753"}],"curies":[{"name":"wp","href":"https:\/\/api.w.org\/{rel}","templated":true}]}}