{"id":1787,"date":"2022-12-06T20:50:42","date_gmt":"2022-12-06T20:50:42","guid":{"rendered":"https:\/\/muziek-karine.be\/product\/musik-der-welt-band-ii\/"},"modified":"2022-12-14T19:01:33","modified_gmt":"2022-12-14T19:01:33","slug":"musik-der-welt-band-ii","status":"publish","type":"product","link":"https:\/\/muziek-karine.be\/fr\/produit\/musik-der-welt-band-ii\/","title":{"rendered":"Musik der Welt &#8211; Band II"},"content":{"rendered":"<p>Inhoud<\/p>\n<p>            Moeilijkheidsgraad: 2<\/p>\n<p>Leuk boekje met veel bekende nummers voor weinig geld.<\/p>\n<p>\tAupr\u00e8s de ma blonde (Frankrijk)<br \/>\n\tKalinka\u00a0(Rusland)<br \/>\n\tEs Bureb\u00fcebli (Zwitserland)<br \/>\n\tLied der Yangtse-Schiffer (China)<br \/>\n\tZ\u00fcrcher Sechsel\u00e4uten Marsch (Zwitserland)<br \/>\n\tGuantanamera\u00a0(Cuba)<br \/>\n\tBlowin&rsquo; in the wind\u00a0(USA)<br \/>\n\tDie Gedanken sind frei (Duitsland)<br \/>\n\tBella Bimba\u00a0(Itali\u00eb)<br \/>\n\tAm un len (Roemeni\u00eb)<br \/>\n\tEine Seefahrt, die ist lustig<br \/>\n\tTiroler Holzhackerbuab&rsquo;n-Marsch\u00a0<br \/>\n\tHevenu shalom aleichem (Isra\u00ebl)<br \/>\n\tCotton Field (Jamaica)<br \/>\n\tDer Sittich (Nederland)<br \/>\n\tLa perla de Mazatl\u00e1n (Mexico)<br \/>\n\tSisi twa saidina (Oost-Afrika)<br \/>\n\tPolka (Zweden)<br \/>\n\tMy Bonnie is over the ocean\u00a0(UK)<br \/>\n\tA g\u00f6zkoczi hot kereke (Hongarije)<\/p>\n","protected":false},"excerpt":{"rendered":"<p>Inhoud Moeilijkheidsgraad: 2 Leuk boekje met veel bekende nummers voor weinig geld. Aupr\u00e8s de ma blonde (Frankrijk) Kalinka\u00a0(Rusland) Es Bureb\u00fcebli (Zwitserland) Lied der Yangtse-Schiffer (China) Z\u00fcrcher Sechsel\u00e4uten Marsch (Zwitserland) Guantanamera\u00a0(Cuba) Blowin&rsquo; in the wind\u00a0(USA) Die Gedanken sind frei (Duitsland) Bella Bimba\u00a0(Itali\u00eb) Am un len (Roemeni\u00eb) Eine Seefahrt, die ist lustig Tiroler Holzhackerbuab&rsquo;n-Marsch\u00a0 Hevenu shalom aleichem [&hellip;]<\/p>\n","protected":false},"featured_media":1788,"comment_status":"closed","ping_status":"closed","template":"","meta":[],"product_brand":[],"product_cat":[23,34],"product_tag":[],"merken":[],"class_list":{"0":"post-1787","1":"product","2":"type-product","3":"status-publish","4":"has-post-thumbnail","6":"product_cat-boeken","7":"product_cat-accordeon","9":"first","10":"instock","11":"taxable","12":"shipping-taxable","13":"purchasable","14":"product-type-simple"},"_links":{"self":[{"href":"https:\/\/muziek-karine.be\/fr\/wp-json\/wp\/v2\/product\/1787","targetHints":{"allow":["GET"]}}],"collection":[{"href":"https:\/\/muziek-karine.be\/fr\/wp-json\/wp\/v2\/product"}],"about":[{"href":"https:\/\/muziek-karine.be\/fr\/wp-json\/wp\/v2\/types\/product"}],"replies":[{"embeddable":true,"href":"https:\/\/muziek-karine.be\/fr\/wp-json\/wp\/v2\/comments?post=1787"}],"wp:featuredmedia":[{"embeddable":true,"href":"https:\/\/muziek-karine.be\/fr\/wp-json\/wp\/v2\/media\/1788"}],"wp:attachment":[{"href":"https:\/\/muziek-karine.be\/fr\/wp-json\/wp\/v2\/media?parent=1787"}],"wp:term":[{"taxonomy":"product_brand","embeddable":true,"href":"https:\/\/muziek-karine.be\/fr\/wp-json\/wp\/v2\/product_brand?post=1787"},{"taxonomy":"product_cat","embeddable":true,"href":"https:\/\/muziek-karine.be\/fr\/wp-json\/wp\/v2\/product_cat?post=1787"},{"taxonomy":"product_tag","embeddable":true,"href":"https:\/\/muziek-karine.be\/fr\/wp-json\/wp\/v2\/product_tag?post=1787"},{"taxonomy":"merken","embeddable":true,"href":"https:\/\/muziek-karine.be\/fr\/wp-json\/wp\/v2\/merken?post=1787"}],"curies":[{"name":"wp","href":"https:\/\/api.w.org\/{rel}","templated":true}]}}