{"id":1789,"date":"2022-12-06T20:50:42","date_gmt":"2022-12-06T20:50:42","guid":{"rendered":"https:\/\/muziek-karine.be\/product\/akkordeon-gefallt-mir-2-50-chart-film-hits-excl-cd\/"},"modified":"2025-09-02T14:49:58","modified_gmt":"2025-09-02T14:49:58","slug":"akkordeon-gefallt-mir-2-50-chart-film-hits-excl-cd","status":"publish","type":"product","link":"https:\/\/muziek-karine.be\/fr\/produit\/akkordeon-gefallt-mir-2-50-chart-film-hits-excl-cd\/","title":{"rendered":"Akkordeon gef\u00e4llt mir 2 &#8211; 50 chart &#038; film hits (excl. CD)"},"content":{"rendered":"<p>Inhoud<\/p>\n<p>            Moeilijkheidsgraad: overwegend 2<\/p>\n<p>ZONDER CD (Product ook verkrijgbaar met CD op onze webshop)<\/p>\n<p>\tAll Summer Long (Kid Rock)<br \/>\n\tAlmost Lover (A Fine Frenzy)<br \/>\n\tBalada (Gusttavo Limo)<br \/>\n\tBurn lt Down (Linkin Park)<br \/>\n\tCall Me Maybe (Carly Rae Jepsen)<br \/>\n\tDrive By (Train)<br \/>\n\tEarth Song (Michael Jackson)<br \/>\n\tEasy (The Commodores)<br \/>\n\tEuphoria (Loreen)<br \/>\n\tFly (from the film &lsquo;Ziemlich Beste Freunde&rsquo;)<br \/>\n\tGeronimo (Aura Dione)<br \/>\n\tGrenade (Bruno Mars)<br \/>\n\tHijo De La Luna (Loona)<br \/>\n\tHinterm Horizont geht&rsquo;s weiter (Udo Lindenberg)<br \/>\n\tHung Up (Madonna)<br \/>\n\tI Follow Rivers (Lykke Li)<br \/>\n\tI Guess That&rsquo;s Why They Call It The Blues (Elton John)<br \/>\n\tIch bereue nichts (Silbermond)<br \/>\n\tJar Of Hearts (Christina Perri)<br \/>\n\tKiss The Rain (Yiruma)<br \/>\n\tK\u00fcss mich, halt mich, lieb mich (from the film &lsquo;Drei Haseln\u00fcsse f\u00fcr<br \/>\n\tAschenbr\u00f6del&rsquo;)<br \/>\n\tLet It Be (The Beatles)<br \/>\n\tlf I Ain&rsquo;t Got You (Alicia Keys)<br \/>\n\tMercy (Duffy)<br \/>\n\tMusic (John Miles)<br \/>\n\tNext To Me (Emeli Sande)<br \/>\n\tNovember Rain (Guns N&rsquo; Roses)<br \/>\n\tPassion Of Love (Hans-G\u00fcnter Heumann)<br \/>\n\tPayphone (Maroon 5 Feat. Wiz Khalifa)<br \/>\n\tPeople Help The People (Birdy)<br \/>\n\tPoker Face (Lady Gaga)<br \/>\n\tRomantic Pop Prelude (Hans-G\u00fcnter Heumann)<br \/>\n\tSkyfall (Adele)<br \/>\n\tSo wie du warst (Unheilig)<br \/>\n\tStanding Still (Roman Lob)<br \/>\n\tSummer Paradise (Simple Plan Feat. Sean Paul)<br \/>\n\tSummertime Sadness (Lana Del Rey)<br \/>\n\tTage wie diese (Die Toten Hosen)<br \/>\n\tThe Black Pearl (from the film &lsquo;Pirates Of The Caribbean&rsquo;)<br \/>\n\tThe Climb (from the film &lsquo;Hannah Montana&rsquo;)<br \/>\n\tThe Rose (Bette Midler)<br \/>\n\tThe Scientist (Coldplay)<br \/>\n\tTheme From Mission Impossible (from the film &lsquo;Mission Impossible&rsquo;)<br \/>\n\tToo Close (Alex Clare)<br \/>\n\tTurning Tables (Adele)<br \/>\n\tUna Mattina (from the film &lsquo;Ziemlich Beste Freunde&rsquo;)<br \/>\n\tUnfaithful (Rihanna)<br \/>\n\tWhistle (Flo Rida)<br \/>\n\tWill You Still Love Me Tomorrow (Carole King\/Amy Winehouse)<br \/>\n\tWorld ln Our Hands (Taio Cruz)<\/p>\n","protected":false},"excerpt":{"rendered":"<p>Inhoud Moeilijkheidsgraad: overwegend 2 ZONDER CD (Product ook verkrijgbaar met CD op onze webshop) All Summer Long (Kid Rock) Almost Lover (A Fine Frenzy) Balada (Gusttavo Limo) Burn lt Down (Linkin Park) Call Me Maybe (Carly Rae Jepsen) Drive By (Train) Earth Song (Michael Jackson) Easy (The Commodores) Euphoria (Loreen) Fly (from the film &lsquo;Ziemlich [&hellip;]<\/p>\n","protected":false},"featured_media":1790,"comment_status":"closed","ping_status":"closed","template":"","meta":[],"product_brand":[],"product_cat":[23,34],"product_tag":[],"merken":[],"class_list":{"0":"post-1789","1":"product","2":"type-product","3":"status-publish","4":"has-post-thumbnail","6":"product_cat-boeken","7":"product_cat-accordeon","9":"first","10":"instock","11":"taxable","12":"shipping-taxable","13":"purchasable","14":"product-type-simple"},"_links":{"self":[{"href":"https:\/\/muziek-karine.be\/fr\/wp-json\/wp\/v2\/product\/1789","targetHints":{"allow":["GET"]}}],"collection":[{"href":"https:\/\/muziek-karine.be\/fr\/wp-json\/wp\/v2\/product"}],"about":[{"href":"https:\/\/muziek-karine.be\/fr\/wp-json\/wp\/v2\/types\/product"}],"replies":[{"embeddable":true,"href":"https:\/\/muziek-karine.be\/fr\/wp-json\/wp\/v2\/comments?post=1789"}],"wp:featuredmedia":[{"embeddable":true,"href":"https:\/\/muziek-karine.be\/fr\/wp-json\/wp\/v2\/media\/1790"}],"wp:attachment":[{"href":"https:\/\/muziek-karine.be\/fr\/wp-json\/wp\/v2\/media?parent=1789"}],"wp:term":[{"taxonomy":"product_brand","embeddable":true,"href":"https:\/\/muziek-karine.be\/fr\/wp-json\/wp\/v2\/product_brand?post=1789"},{"taxonomy":"product_cat","embeddable":true,"href":"https:\/\/muziek-karine.be\/fr\/wp-json\/wp\/v2\/product_cat?post=1789"},{"taxonomy":"product_tag","embeddable":true,"href":"https:\/\/muziek-karine.be\/fr\/wp-json\/wp\/v2\/product_tag?post=1789"},{"taxonomy":"merken","embeddable":true,"href":"https:\/\/muziek-karine.be\/fr\/wp-json\/wp\/v2\/merken?post=1789"}],"curies":[{"name":"wp","href":"https:\/\/api.w.org\/{rel}","templated":true}]}}