{"id":1805,"date":"2022-12-06T20:50:42","date_gmt":"2022-12-06T20:50:42","guid":{"rendered":"https:\/\/muziek-karine.be\/product\/musette-recueil-de-110-succes-deel-4\/"},"modified":"2023-12-13T01:11:40","modified_gmt":"2023-12-13T01:11:40","slug":"musette-recueil-de-110-succes-deel-4","status":"publish","type":"product","link":"https:\/\/muziek-karine.be\/fr\/produit\/musette-recueil-de-110-succes-deel-4\/","title":{"rendered":"Musette Recueil de 110 succ\u00e8s (Deel 4)"},"content":{"rendered":"<p>Inhoud<\/p>\n<p>            Moeilijkheidsgraad: overwegend 2<\/p>\n<p>Adios Pepita &#8211; A Fond La Caisse &#8211; A la Brubeck &#8211; Accolade au musette &#8211; Allez ! roulez &#8211; Allez, glissez &#8211; Allons-y les valseurs &#8211; Anniversaire &#8211; Appellation control\u00e9e &#8211; Au rendez-vous des souvenirs &#8211; Au sommet du Cervin &#8211; Aupr\u00e8s de mon vieux clocher &#8211; Baby Star &#8211; Bal \u00e0 la java &#8211; Barcarolle antique &#8211; Bell&rsquo;Aria &#8211; Boussacaise &#8211; Branquignole &#8211; Brin d&rsquo;amour &#8211; Brise picarde &#8211; Cable musette &#8211; Camerone &#8211; Carnaval polka &#8211; C&rsquo;est toi ma musique &#8211; Championne &#8211; Clair de lune tyrolien &#8211; Concerto boh\u00eame &#8211; Couleurs accord\u00e9on &#8211; Coup de fil &#8211; Deux chevaux dans le soleil &#8211; Divine Musette &#8211; Don&rsquo;t you Mammy &#8211; Dorina &#8211; Du lit au cr\u00e8me &#8211; Dynamic &#8211; Electric carrousel &#8211; Farandole biguine &#8211; Far West &#8211; Feux d&rsquo;artifice &#8211; Fiesta &#8211; Fradino &#8211; Frivolidad &#8211; Gare du Nord &#8211; Gazelle bleue &#8211; Gugus-Marche &#8211; Incomprise &#8211; Joyeux va et vient &#8211; L&rsquo;Africain &#8211; La Complainte auvergnate &#8211; La F\u00eate \u00e0 Bilbao &#8211; La Fille du soleil &#8211; La Grande Ronde &#8211; La Guigne &#8211; La Polka d&rsquo;Jeannot &#8211; La Tr\u00e9pidante &#8211; La Tricotante &#8211; La Valse de l&rsquo;Europe &#8211; La Valse du chasseur &#8211; Le Retour des cigognes &#8211; Le Tango select&rsquo; &#8211; Les Grisonnants &#8211; Les Roses de Marrakech &#8211; L&rsquo;Infid\u00e8le &#8211; Lucien tango &#8211; Majorette musette &#8211; Marche du bonheur &#8211; Marche du Dauphin\u00e9 lib\u00e9r\u00e9 &#8211; Mario di Napoli &#8211; Mazurka en vadrouille &#8211; M\u00e9lodie pour madame &#8211; M\u00e9lodie pour Sarah &#8211; Mensonges &#8211; M\u00e9tro express R.E.R. Mon p&rsquo;tit lundi &#8211; Montparnasse &#8211; Musette plus &#8211; Nationale 89 &#8211; Paqueline &#8211; Paris &#8211; Barcelone &#8211; Paris musette &#8211; Pasillo &#8211; Perle de Paris &#8211; Philippines &#8211; Polka du Valais &#8211; Quai de la Somme &#8211; Recuerdo &#8211; Rendez-vous \u00e0 la coda &#8211; Romanesque &#8211; Ronchonnette &#8211; Rooling valse &#8211; Rumba mia &#8211; Saint germain des foss\u00e9s &#8211; Sa Majest\u00e9 l&rsquo;accord\u00e9on &#8211; Samba rusticana &#8211; Schneewalzer &#8211; Senorita Rosita &#8211; Septante neuf &#8211; Show paso &#8211; Simple tango &#8211; Souvenirs, chers souvenirs &#8211; Symphonie musette &#8211; Tarentelle &#8211; Tendre Rumba &#8211; Tes Bras &#8211; Toi mon copain l&rsquo;accord\u00e9on &#8211; Tracassine &#8211; Trois tours de piste &#8211; Valse m\u00e9rovingienne &#8211; Variations auvergnates &#8211; Very musette<\/p>\n","protected":false},"excerpt":{"rendered":"<p>Inhoud Moeilijkheidsgraad: overwegend 2 Adios Pepita &#8211; A Fond La Caisse &#8211; A la Brubeck &#8211; Accolade au musette &#8211; Allez ! roulez &#8211; Allez, glissez &#8211; Allons-y les valseurs &#8211; Anniversaire &#8211; Appellation control\u00e9e &#8211; Au rendez-vous des souvenirs &#8211; Au sommet du Cervin &#8211; Aupr\u00e8s de mon vieux clocher &#8211; Baby Star &#8211; [&hellip;]<\/p>\n","protected":false},"featured_media":1806,"comment_status":"closed","ping_status":"closed","template":"","meta":[],"product_brand":[],"product_cat":[23,34],"product_tag":[],"merken":[],"class_list":{"0":"post-1805","1":"product","2":"type-product","3":"status-publish","4":"has-post-thumbnail","6":"product_cat-boeken","7":"product_cat-accordeon","9":"first","10":"instock","11":"taxable","12":"shipping-taxable","13":"purchasable","14":"product-type-simple"},"_links":{"self":[{"href":"https:\/\/muziek-karine.be\/fr\/wp-json\/wp\/v2\/product\/1805","targetHints":{"allow":["GET"]}}],"collection":[{"href":"https:\/\/muziek-karine.be\/fr\/wp-json\/wp\/v2\/product"}],"about":[{"href":"https:\/\/muziek-karine.be\/fr\/wp-json\/wp\/v2\/types\/product"}],"replies":[{"embeddable":true,"href":"https:\/\/muziek-karine.be\/fr\/wp-json\/wp\/v2\/comments?post=1805"}],"wp:featuredmedia":[{"embeddable":true,"href":"https:\/\/muziek-karine.be\/fr\/wp-json\/wp\/v2\/media\/1806"}],"wp:attachment":[{"href":"https:\/\/muziek-karine.be\/fr\/wp-json\/wp\/v2\/media?parent=1805"}],"wp:term":[{"taxonomy":"product_brand","embeddable":true,"href":"https:\/\/muziek-karine.be\/fr\/wp-json\/wp\/v2\/product_brand?post=1805"},{"taxonomy":"product_cat","embeddable":true,"href":"https:\/\/muziek-karine.be\/fr\/wp-json\/wp\/v2\/product_cat?post=1805"},{"taxonomy":"product_tag","embeddable":true,"href":"https:\/\/muziek-karine.be\/fr\/wp-json\/wp\/v2\/product_tag?post=1805"},{"taxonomy":"merken","embeddable":true,"href":"https:\/\/muziek-karine.be\/fr\/wp-json\/wp\/v2\/merken?post=1805"}],"curies":[{"name":"wp","href":"https:\/\/api.w.org\/{rel}","templated":true}]}}