{"id":1807,"date":"2022-12-06T20:50:42","date_gmt":"2022-12-06T20:50:42","guid":{"rendered":"https:\/\/muziek-karine.be\/product\/musette-recueil-de-110-succes-deel-3\/"},"modified":"2023-12-13T01:11:53","modified_gmt":"2023-12-13T01:11:53","slug":"musette-recueil-de-110-succes-deel-3","status":"publish","type":"product","link":"https:\/\/muziek-karine.be\/fr\/produit\/musette-recueil-de-110-succes-deel-3\/","title":{"rendered":"Musette Recueil de 110 succ\u00e8s (Deel 3)"},"content":{"rendered":"<p>Inhoud<\/p>\n<p>            Moeilijkheidsgraad: overwegend 2<\/p>\n<p>15e avenue &#8211; 9 rue de Lappe &#8211; A la d\u00e9rive &#8211; Adios Sevilla &#8211; Americano &#8211; Amertume &#8211; As de Copas &#8211; Au coeur de la valse &#8211; Au petit bal de Nogent &#8211; Balajo &#8211; Ballade \u00e0 Nogent &#8211; Berceuse tendre (Il fait si bon pr\u00e8s de &#8211; Biguine ananas &#8211; Bois de Boulogne &#8211; Brazil accord\u00e9on &#8211; Brise sablaise &#8211; Caravane Rabouine &#8211; Castagnettes et seguedilles &#8211; Chispazo &#8211; Coeur vagabond &#8211; Dancing r\u00e9tro &#8211; Don Jesus &#8211; Donne-moi un tibo &#8211; Douce joie &#8211; Du jour au lendemain &#8211; El Blotto &#8211; El Godillo &#8211; En amateur &#8211; Etoile d&rsquo;Auvergne &#8211; Fantaisie samba &#8211; Feria Sevillana &#8211; Fr\u00e9n\u00e9sie musette &#8211; Gracieuzette &#8211; Hold-up au musette &#8211; Impasse des vertus &#8211; Impressions nocturnes &#8211; Indiff\u00e9rence &#8211; Isula di sognu (\u00eele de r\u00eave) &#8211; Javaccord\u00e9on &#8211; Javette &#8211; Jazz Waltz &#8211; Je vous salue bien &#8211; Jeannette &#8211; Joli perroquet &#8211; Joyeux vagabond &#8211; La Chaine &#8211; La Chanson du v\u00e9lo &#8211; La Douloureuse &#8211; La Frivole &#8211; La Java 43 &#8211; La Java-Java &#8211; La Malnoue &#8211; La Rabouine &#8211; La Valse \u00e0 Momo &#8211; La Valse des Niglos &#8211; La Zone &#8211; L&rsquo;Accord\u00e9on espi\u00e8gle &#8211; Le D\u00e9nicheur &#8211; Le Grand Fris\u00e9 &#8211; Le temps est loin &#8211; Le Tricheur &#8211; Les Doigts velours &#8211; Les Pigeons de Paris &#8211; Les Temps finis &#8211; Lunero &#8211; Ma&#8230;Nouche &#8211; Mantilla blanca &#8211; Marche de Lievin &#8211; Marche des routiers &#8211; Marche des sapeurs-pompiers &#8211; M\u00e9prise &#8211; Mineur-Polka &#8211; Mitzi &#8211; Moustache &#8211; Mujer de Sevilla &#8211; Musette en goguette &#8211; Nany &#8211; Ninette-java &#8211; Novembre &#8211; On danse \u00e0 la Villette &#8211; Orly &#8211; Papa vient d&rsquo;\u00e9pouser la bonne &#8211; Papillons noirs &#8211; Para siempre (Pour toujours) &#8211; Partir &#8211; P\u00e9p\u00e9e &#8211; Perles de cristal &#8211; Petit d\u00e9lit &#8211; Poussin bleu &#8211; Promenade musette &#8211; Quai de La Jatte &#8211; Retour aux champs &#8211; R\u00eave boh\u00e9mien &#8211; R\u00e9veil musette &#8211; Rosa de Valencia &#8211; Rythme d&rsquo;Asie &#8211; Sentimentale &#8211; Si je gagne au loto &#8211; Soir de Paris &#8211; Solo &#8211; Souvenir du Balajo &#8211; Tivoli bar &#8211; Ton sourire &#8211; Tu m&rsquo;as menti &#8211; Vacances madril\u00e8nes &#8211; Valse villageoise (La Villageoise) &#8211; Viens pr\u00e8s de moi &#8211; Volubilis &#8211; Week-end au Balajo &#8211; Zig-Zag<\/p>\n","protected":false},"excerpt":{"rendered":"<p>Inhoud Moeilijkheidsgraad: overwegend 2 15e avenue &#8211; 9 rue de Lappe &#8211; A la d\u00e9rive &#8211; Adios Sevilla &#8211; Americano &#8211; Amertume &#8211; As de Copas &#8211; Au coeur de la valse &#8211; Au petit bal de Nogent &#8211; Balajo &#8211; Ballade \u00e0 Nogent &#8211; Berceuse tendre (Il fait si bon pr\u00e8s de &#8211; Biguine [&hellip;]<\/p>\n","protected":false},"featured_media":1808,"comment_status":"closed","ping_status":"closed","template":"","meta":[],"product_brand":[],"product_cat":[23,34],"product_tag":[],"merken":[],"class_list":{"0":"post-1807","1":"product","2":"type-product","3":"status-publish","4":"has-post-thumbnail","6":"product_cat-boeken","7":"product_cat-accordeon","9":"first","10":"instock","11":"taxable","12":"shipping-taxable","13":"purchasable","14":"product-type-simple"},"_links":{"self":[{"href":"https:\/\/muziek-karine.be\/fr\/wp-json\/wp\/v2\/product\/1807","targetHints":{"allow":["GET"]}}],"collection":[{"href":"https:\/\/muziek-karine.be\/fr\/wp-json\/wp\/v2\/product"}],"about":[{"href":"https:\/\/muziek-karine.be\/fr\/wp-json\/wp\/v2\/types\/product"}],"replies":[{"embeddable":true,"href":"https:\/\/muziek-karine.be\/fr\/wp-json\/wp\/v2\/comments?post=1807"}],"wp:featuredmedia":[{"embeddable":true,"href":"https:\/\/muziek-karine.be\/fr\/wp-json\/wp\/v2\/media\/1808"}],"wp:attachment":[{"href":"https:\/\/muziek-karine.be\/fr\/wp-json\/wp\/v2\/media?parent=1807"}],"wp:term":[{"taxonomy":"product_brand","embeddable":true,"href":"https:\/\/muziek-karine.be\/fr\/wp-json\/wp\/v2\/product_brand?post=1807"},{"taxonomy":"product_cat","embeddable":true,"href":"https:\/\/muziek-karine.be\/fr\/wp-json\/wp\/v2\/product_cat?post=1807"},{"taxonomy":"product_tag","embeddable":true,"href":"https:\/\/muziek-karine.be\/fr\/wp-json\/wp\/v2\/product_tag?post=1807"},{"taxonomy":"merken","embeddable":true,"href":"https:\/\/muziek-karine.be\/fr\/wp-json\/wp\/v2\/merken?post=1807"}],"curies":[{"name":"wp","href":"https:\/\/api.w.org\/{rel}","templated":true}]}}