{"id":1809,"date":"2022-12-06T20:51:01","date_gmt":"2022-12-06T20:51:01","guid":{"rendered":"https:\/\/muziek-karine.be\/product\/musette-recueil-de-110-succes-deel-2\/"},"modified":"2023-12-13T01:11:08","modified_gmt":"2023-12-13T01:11:08","slug":"musette-recueil-de-110-succes-deel-2","status":"publish","type":"product","link":"https:\/\/muziek-karine.be\/fr\/produit\/musette-recueil-de-110-succes-deel-2\/","title":{"rendered":"Musette Recueil de 110 succ\u00e8s (Deel 2)"},"content":{"rendered":"<p>Inhoud<\/p>\n<p>            Moeilijkheidsgraad: overwegend 2<\/p>\n<p>22 carats &#8211; A la Bambilla &#8211; A l&rsquo;ambassade d&rsquo;Auvergne &#8211; Adios Toledo &#8211; Aragon et Castille &#8211; Arc-en-ciel &#8211; Auvergne et Bretagne &#8211; Avec relais &#8211; Ay Corazon &#8211; B.O.V. &#8211; Back To Bach &#8211; Banderillos &#8211; Berg\u00e8re des Pyr\u00e9n\u00e9es &#8211; Bien solos &#8211; Bilbao &#8211; Bouchon \u00e0 la Bastille &#8211; Bouclette &#8211; Brise v\u00e9nitienne &#8211; Calinerie &#8211; Caprice de f\u00e9tiche &#8211; Capricieuse &#8211; Cassoulet toulousain &#8211; C&rsquo;est bon d&rsquo;aimer &#8211; Chanson du coucou &#8211; Chistera &#8211; Cielo de Sevilla &#8211; Claironnante &#8211; Confidences &#8211; Coup de t\u00eate &#8211; Croix de Malte &#8211; Croma Duet &#8211; D\u00e9fil\u00e9 de majorettes &#8211; D\u00e9luge valse &#8211; D\u00e9part des hirondelles &#8211; D&rsquo;la valse dans ma musette &#8211; Douces vacances &#8211; Entrainante &#8211; Envol\u00e9e d&rsquo;\u00e9toiles &#8211; Eug\u00e9nie de la Bastille &#8211; Express polka &#8211; Farandole-polka &#8211; Fascinante &#8211; F\u00eate au Tyrol &#8211; F\u00eate du musette &#8211; Feux follets &#8211; Fleur du Tyrol &#8211; Fleurs d&rsquo;Andalousie &#8211; Gar\u00e7on, remettez-nous \u00e7a &#8211; Insaisissable &#8211; Internacional Tango &#8211; Java javanaise &#8211; Je n&rsquo;veux pas souffler dans le ballon &#8211; La Bicherie &#8211; La Bombilla &#8211; La Bragarde &#8211; La Capa &#8211; La Cigoula &#8211; La Mangave &#8211; La Montmartroise &#8211; La Mouff&rsquo; &#8211; La Natchave &#8211; La Quiche lorraine &#8211; La Valsajo &#8211; La Valse \u00e0 Pierrot &#8211; La Valse \u00e0 Roseneau &#8211; La Varenne &#8211; La Vraie Valse musette &#8211; Le Bal de la marine &#8211; Le Canari &#8211; Le Merle danse &#8211; Le Moustique &#8211; Les Bluets &#8211; Les Cadets d&rsquo;Albi &#8211; Les Deux Moineaux &#8211; Ma rose d&rsquo;Alsace &#8211; Marche des patineurs &#8211; Martelette &#8211; Merle enchanteur &#8211; Mignonnette &#8211; Mille feux &#8211; Milou de Paname &#8211; Minouche &#8211; Mon tour de France &#8211; Musette \u00e0 tout va &#8211; Nous devions nous aimer &#8211; Nuits calines &#8211; Parade viennoise &#8211; Patricia &#8211; Perles d&rsquo;accord\u00e9on &#8211; Plaisir des bois &#8211; Polkinette &#8211; Revoir son pays &#8211; Rio Panuco &#8211; Ronde musette &#8211; Salade ni\u00e7oise &#8211; Senor Mendi &#8211; Soir d&rsquo;automne &#8211; Soir de cafard &#8211; Sous bois &#8211; Toi qui vas en Auvergne &#8211; Tonnerre d&rsquo;amour &#8211; Tour Montparnasse &#8211; Trottinette &#8211; Tyrolien virtuose &#8211; Valse auvergnate &#8211; Vent d&rsquo;automne &#8211; Vevette musette &#8211; Viens m&#8217;embrasser &#8211; Vive les catcheurs ! &#8211; Y viva la jota<\/p>\n","protected":false},"excerpt":{"rendered":"<p>Inhoud Moeilijkheidsgraad: overwegend 2 22 carats &#8211; A la Bambilla &#8211; A l&rsquo;ambassade d&rsquo;Auvergne &#8211; Adios Toledo &#8211; Aragon et Castille &#8211; Arc-en-ciel &#8211; Auvergne et Bretagne &#8211; Avec relais &#8211; Ay Corazon &#8211; B.O.V. &#8211; Back To Bach &#8211; Banderillos &#8211; Berg\u00e8re des Pyr\u00e9n\u00e9es &#8211; Bien solos &#8211; Bilbao &#8211; Bouchon \u00e0 la Bastille [&hellip;]<\/p>\n","protected":false},"featured_media":1810,"comment_status":"closed","ping_status":"closed","template":"","meta":[],"product_brand":[],"product_cat":[23,34],"product_tag":[],"merken":[],"class_list":{"0":"post-1809","1":"product","2":"type-product","3":"status-publish","4":"has-post-thumbnail","6":"product_cat-boeken","7":"product_cat-accordeon","9":"first","10":"instock","11":"taxable","12":"shipping-taxable","13":"purchasable","14":"product-type-simple"},"_links":{"self":[{"href":"https:\/\/muziek-karine.be\/fr\/wp-json\/wp\/v2\/product\/1809","targetHints":{"allow":["GET"]}}],"collection":[{"href":"https:\/\/muziek-karine.be\/fr\/wp-json\/wp\/v2\/product"}],"about":[{"href":"https:\/\/muziek-karine.be\/fr\/wp-json\/wp\/v2\/types\/product"}],"replies":[{"embeddable":true,"href":"https:\/\/muziek-karine.be\/fr\/wp-json\/wp\/v2\/comments?post=1809"}],"wp:featuredmedia":[{"embeddable":true,"href":"https:\/\/muziek-karine.be\/fr\/wp-json\/wp\/v2\/media\/1810"}],"wp:attachment":[{"href":"https:\/\/muziek-karine.be\/fr\/wp-json\/wp\/v2\/media?parent=1809"}],"wp:term":[{"taxonomy":"product_brand","embeddable":true,"href":"https:\/\/muziek-karine.be\/fr\/wp-json\/wp\/v2\/product_brand?post=1809"},{"taxonomy":"product_cat","embeddable":true,"href":"https:\/\/muziek-karine.be\/fr\/wp-json\/wp\/v2\/product_cat?post=1809"},{"taxonomy":"product_tag","embeddable":true,"href":"https:\/\/muziek-karine.be\/fr\/wp-json\/wp\/v2\/product_tag?post=1809"},{"taxonomy":"merken","embeddable":true,"href":"https:\/\/muziek-karine.be\/fr\/wp-json\/wp\/v2\/merken?post=1809"}],"curies":[{"name":"wp","href":"https:\/\/api.w.org\/{rel}","templated":true}]}}