{"id":1811,"date":"2022-12-06T20:51:01","date_gmt":"2022-12-06T20:51:01","guid":{"rendered":"https:\/\/muziek-karine.be\/product\/musette-recueil-de-110-succes-deel-1\/"},"modified":"2023-12-13T01:11:25","modified_gmt":"2023-12-13T01:11:25","slug":"musette-recueil-de-110-succes-deel-1","status":"publish","type":"product","link":"https:\/\/muziek-karine.be\/fr\/produit\/musette-recueil-de-110-succes-deel-1\/","title":{"rendered":"Musette Recueil de 110 succ\u00e8s (Deel 1)"},"content":{"rendered":"<p>Inhoud<\/p>\n<p>            Moeilijkheidsgraad: overwegend 2<\/p>\n<p>Percussion,\u00a0Scottish \u00e0 Titi, Scottish G\u00e9n\u00e9pi, Bol d&rsquo;air, Larid\u00e9, Tour n\u00b01, Tour n\u00b02,\u00a0Accord\u00e9on-polka &#8211; Accord\u00e9on-samba &#8211; Amis du musette &#8211; Amour pi\u00e9montais &#8211; Aubade charmeuse &#8211; Aubade d&rsquo;oiseaux &#8211; Auteuil-Longchamp &#8211; Baraldinette &#8211; Barnum-Circus &#8211; Belle sevranaise &#8211; Bigoudi &#8211; Boh\u00e9mienne &#8211; Bouquet d&rsquo;\u00e9tincelles &#8211; Bourrasque &#8211; Brasier d&rsquo;or &#8211; Brise napolitaine &#8211; Ca gaze &#8211; Cascades &#8211; C&rsquo;est une tyrolienne accord\u00e9on &#8211; Chantaline &#8211; Chiquita &#8211; Clavietta musette &#8211; Cocorico-polka &#8211; Comet&rsquo; valse &#8211; Convoitise &#8211; De Picpus au palais d&rsquo;Angkor &#8211; D\u00e9d\u00e9 de Montmartre &#8211; D\u00e9fil\u00e9 des accord\u00e9onistes &#8211; D\u00e9fil\u00e9 d&rsquo;oiseaux &#8211; Douche \u00e9cossaise &#8211; El Caballero (Le Cavalier) &#8211; El Galliego &#8211; En coup de vent &#8211; En vitesse &#8211; Envol\u00e9e d&rsquo;oiseaux &#8211; Escamillo &#8211; Escapade &#8211; Espoirs perdus &#8211; Fantaisie polka &#8211; F\u00e9tiche &#8211; Fl\u00e8che d&rsquo;or &#8211; Fleur de Paris &#8211; Fuego de toros &#8211; Galopade &#8211; Germaine &#8211; Gracieuse &#8211; Idylle inconsciente &#8211; Java du printemps &#8211; Java-pavane &#8211; Joyeux canari &#8211; Kermesse alsacienne &#8211; La F\u00eate des as &#8211; La Godasse &#8211; La Java bleue &#8211; La Java des as &#8211; La Java des piafs &#8211; La Saint-Hubert &#8211; La Sautillante &#8211; La Sportive &#8211; Le Bengali amoureux &#8211; Le Pas de la Mule &#8211; Le R\u00e9veil de la for\u00eat &#8211; Le R\u00e9veil du square &#8211; Le Virtuose des bois &#8211; Les Triolets &#8211; L&rsquo;Infid\u00e8le &#8211; L&rsquo;Interdite &#8211; L&rsquo;Oasis &#8211; Marche aux \u00e9toiles (Sternenmarsch) &#8211; Marivaudages &#8211; Mascotte musette &#8211; Mazurka des champions &#8211; Mazurka italiano &#8211; Napolitanitta &#8211; Paris &#8211; Bastille &#8211; Pistonnade &#8211; Plaisance-fox &#8211; Polka chinoise &#8211; Polka des as &#8211; Polka militaire &#8211; Polkinetta &#8211; Princesse-accord\u00e9on &#8211; Printemps d&rsquo;oiseaux &#8211; Querelles d&rsquo;oiseaux &#8211; Radio-valse &#8211; Rapid&rsquo; &#8211; Reine de musette &#8211; Retour des hirondelles &#8211; R\u00eave d&rsquo;accord\u00e9oniste &#8211; R\u00eaves d&rsquo;oiseaux &#8211; Rivalite &#8211; Rose de No\u00ebl &#8211; Roses d&rsquo;automne &#8211; San Sebastiano &#8211; Scintillante &#8211; Sevilla en fiesta &#8211; Souvenir de Bonifacio &#8211; Souvenir de Montreuil &#8211; Souvenir de Parme &#8211; Style musette &#8211; Symphonie d&rsquo;oiseaux &#8211; Trompette-musette &#8211; Tyrol &#8211; Un caprice &#8211; Valse \u00e0 Deddy &#8211; Valse \u00e0 r\u00e9action &#8211; Valse bleue &#8211; Valse brune &#8211; Valse de l&rsquo;abbaye &#8211; Valse militaire<\/p>\n","protected":false},"excerpt":{"rendered":"<p>Inhoud Moeilijkheidsgraad: overwegend 2 Percussion,\u00a0Scottish \u00e0 Titi, Scottish G\u00e9n\u00e9pi, Bol d&rsquo;air, Larid\u00e9, Tour n\u00b01, Tour n\u00b02,\u00a0Accord\u00e9on-polka &#8211; Accord\u00e9on-samba &#8211; Amis du musette &#8211; Amour pi\u00e9montais &#8211; Aubade charmeuse &#8211; Aubade d&rsquo;oiseaux &#8211; Auteuil-Longchamp &#8211; Baraldinette &#8211; Barnum-Circus &#8211; Belle sevranaise &#8211; Bigoudi &#8211; Boh\u00e9mienne &#8211; Bouquet d&rsquo;\u00e9tincelles &#8211; Bourrasque &#8211; Brasier d&rsquo;or &#8211; Brise napolitaine [&hellip;]<\/p>\n","protected":false},"featured_media":1812,"comment_status":"closed","ping_status":"closed","template":"","meta":[],"product_brand":[],"product_cat":[23,34],"product_tag":[],"merken":[],"class_list":{"0":"post-1811","1":"product","2":"type-product","3":"status-publish","4":"has-post-thumbnail","6":"product_cat-boeken","7":"product_cat-accordeon","9":"first","10":"instock","11":"taxable","12":"shipping-taxable","13":"purchasable","14":"product-type-simple"},"_links":{"self":[{"href":"https:\/\/muziek-karine.be\/fr\/wp-json\/wp\/v2\/product\/1811","targetHints":{"allow":["GET"]}}],"collection":[{"href":"https:\/\/muziek-karine.be\/fr\/wp-json\/wp\/v2\/product"}],"about":[{"href":"https:\/\/muziek-karine.be\/fr\/wp-json\/wp\/v2\/types\/product"}],"replies":[{"embeddable":true,"href":"https:\/\/muziek-karine.be\/fr\/wp-json\/wp\/v2\/comments?post=1811"}],"wp:featuredmedia":[{"embeddable":true,"href":"https:\/\/muziek-karine.be\/fr\/wp-json\/wp\/v2\/media\/1812"}],"wp:attachment":[{"href":"https:\/\/muziek-karine.be\/fr\/wp-json\/wp\/v2\/media?parent=1811"}],"wp:term":[{"taxonomy":"product_brand","embeddable":true,"href":"https:\/\/muziek-karine.be\/fr\/wp-json\/wp\/v2\/product_brand?post=1811"},{"taxonomy":"product_cat","embeddable":true,"href":"https:\/\/muziek-karine.be\/fr\/wp-json\/wp\/v2\/product_cat?post=1811"},{"taxonomy":"product_tag","embeddable":true,"href":"https:\/\/muziek-karine.be\/fr\/wp-json\/wp\/v2\/product_tag?post=1811"},{"taxonomy":"merken","embeddable":true,"href":"https:\/\/muziek-karine.be\/fr\/wp-json\/wp\/v2\/merken?post=1811"}],"curies":[{"name":"wp","href":"https:\/\/api.w.org\/{rel}","templated":true}]}}