{"id":1815,"date":"2022-12-06T20:51:01","date_gmt":"2022-12-06T20:51:01","guid":{"rendered":"https:\/\/muziek-karine.be\/product\/jo-privat-20-titres\/"},"modified":"2023-12-13T00:55:55","modified_gmt":"2023-12-13T00:55:55","slug":"jo-privat-20-titres","status":"publish","type":"product","link":"https:\/\/muziek-karine.be\/fr\/produit\/jo-privat-20-titres\/","title":{"rendered":"Jo Privat &#8211; 20 titres"},"content":{"rendered":"<p>Inhoud<\/p>\n<p>            Moeilijkheidsgraad: 2-3<\/p>\n<p>\tAL CAPONE<br \/>\n\tAVALANCHE<br \/>\n\tBALAJO<br \/>\n\tLE BLUES DU MUSETTE<br \/>\n\tCAUCHEMAR<br \/>\n\tDIA-CHROMA<br \/>\n\tEN DENTELLE<br \/>\n\tJAZZ WALTZ<br \/>\n\tMYST\u00c9RIEUSE<br \/>\n\tNUIT BLANCHE<br \/>\n\tPAPILLONS NOIRS<br \/>\n\tR\u00caVE BOH\u00c9MIEN<br \/>\n\tRYTHME MUSETTE<br \/>\n\tSA PR\u00c9F\u00c9R\u00c9E<br \/>\n\tLA SORCI\u00c8RE<br \/>\n\tSOUVENIR DU BALAJO<br \/>\n\tLA TOUPIE<br \/>\n\tTURBULENTE<br \/>\n\tUN TZIGANE AU MUSETTE<br \/>\n\tLA ZINGARA<\/p>\n","protected":false},"excerpt":{"rendered":"<p>Inhoud Moeilijkheidsgraad: 2-3 AL CAPONE AVALANCHE BALAJO LE BLUES DU MUSETTE CAUCHEMAR DIA-CHROMA EN DENTELLE JAZZ WALTZ MYST\u00c9RIEUSE NUIT BLANCHE PAPILLONS NOIRS R\u00caVE BOH\u00c9MIEN RYTHME MUSETTE SA PR\u00c9F\u00c9R\u00c9E LA SORCI\u00c8RE SOUVENIR DU BALAJO LA TOUPIE TURBULENTE UN TZIGANE AU MUSETTE LA ZINGARA<\/p>\n","protected":false},"featured_media":1816,"comment_status":"closed","ping_status":"closed","template":"","meta":[],"product_brand":[],"product_cat":[23,34],"product_tag":[],"merken":[],"class_list":{"0":"post-1815","1":"product","2":"type-product","3":"status-publish","4":"has-post-thumbnail","6":"product_cat-boeken","7":"product_cat-accordeon","9":"first","10":"instock","11":"taxable","12":"shipping-taxable","13":"purchasable","14":"product-type-simple"},"_links":{"self":[{"href":"https:\/\/muziek-karine.be\/fr\/wp-json\/wp\/v2\/product\/1815","targetHints":{"allow":["GET"]}}],"collection":[{"href":"https:\/\/muziek-karine.be\/fr\/wp-json\/wp\/v2\/product"}],"about":[{"href":"https:\/\/muziek-karine.be\/fr\/wp-json\/wp\/v2\/types\/product"}],"replies":[{"embeddable":true,"href":"https:\/\/muziek-karine.be\/fr\/wp-json\/wp\/v2\/comments?post=1815"}],"wp:featuredmedia":[{"embeddable":true,"href":"https:\/\/muziek-karine.be\/fr\/wp-json\/wp\/v2\/media\/1816"}],"wp:attachment":[{"href":"https:\/\/muziek-karine.be\/fr\/wp-json\/wp\/v2\/media?parent=1815"}],"wp:term":[{"taxonomy":"product_brand","embeddable":true,"href":"https:\/\/muziek-karine.be\/fr\/wp-json\/wp\/v2\/product_brand?post=1815"},{"taxonomy":"product_cat","embeddable":true,"href":"https:\/\/muziek-karine.be\/fr\/wp-json\/wp\/v2\/product_cat?post=1815"},{"taxonomy":"product_tag","embeddable":true,"href":"https:\/\/muziek-karine.be\/fr\/wp-json\/wp\/v2\/product_tag?post=1815"},{"taxonomy":"merken","embeddable":true,"href":"https:\/\/muziek-karine.be\/fr\/wp-json\/wp\/v2\/merken?post=1815"}],"curies":[{"name":"wp","href":"https:\/\/api.w.org\/{rel}","templated":true}]}}