{"id":3053,"date":"2023-11-27T15:23:12","date_gmt":"2023-11-27T15:23:12","guid":{"rendered":"https:\/\/muziek-karine.be\/?post_type=product&#038;p=3053"},"modified":"2025-05-31T14:05:31","modified_gmt":"2025-05-31T14:05:31","slug":"johann-sebastian-bach-18-pezzi-facili-per-fisarmonica-sistema-pianoforte-e-cromatico","status":"publish","type":"product","link":"https:\/\/muziek-karine.be\/fr\/produit\/johann-sebastian-bach-18-pezzi-facili-per-fisarmonica-sistema-pianoforte-e-cromatico\/","title":{"rendered":"Johann Sebastian Bach &#8211; 18 pezzi facili per fisarmonica sistema pianoforte e cromatico"},"content":{"rendered":"<ol>\n<li>Minuetto<\/li>\n<li>Minuetto<\/li>\n<li>Minuetto<\/li>\n<li>Minuetto<\/li>\n<li>Polacca<\/li>\n<li>Minuetto<\/li>\n<li>Marcia<\/li>\n<li>Menuetto<\/li>\n<li>Minuetto<\/li>\n<li>Bourr\u00e9e<\/li>\n<li>Bour\u00e9e<\/li>\n<li>Bourr\u00e9e<\/li>\n<li>Minuetto<\/li>\n<li>Bourr\u00e9e<\/li>\n<li>Minuetto<\/li>\n<li>Polacca<\/li>\n<li>Minuetto<\/li>\n<li>Preludio<\/li>\n<\/ol>\n","protected":false},"excerpt":{"rendered":"<p>Minuetto Minuetto Minuetto Minuetto Polacca Minuetto Marcia Menuetto Minuetto Bourr\u00e9e Bour\u00e9e Bourr\u00e9e Minuetto Bourr\u00e9e Minuetto Polacca Minuetto Preludio<\/p>\n","protected":false},"featured_media":3054,"comment_status":"open","ping_status":"closed","template":"","meta":[],"product_brand":[],"product_cat":[23,34],"product_tag":[],"merken":[],"class_list":{"0":"post-3053","1":"product","2":"type-product","3":"status-publish","4":"has-post-thumbnail","6":"product_cat-boeken","7":"product_cat-accordeon","9":"first","10":"instock","11":"taxable","12":"shipping-taxable","13":"purchasable","14":"product-type-simple"},"_links":{"self":[{"href":"https:\/\/muziek-karine.be\/fr\/wp-json\/wp\/v2\/product\/3053","targetHints":{"allow":["GET"]}}],"collection":[{"href":"https:\/\/muziek-karine.be\/fr\/wp-json\/wp\/v2\/product"}],"about":[{"href":"https:\/\/muziek-karine.be\/fr\/wp-json\/wp\/v2\/types\/product"}],"replies":[{"embeddable":true,"href":"https:\/\/muziek-karine.be\/fr\/wp-json\/wp\/v2\/comments?post=3053"}],"wp:featuredmedia":[{"embeddable":true,"href":"https:\/\/muziek-karine.be\/fr\/wp-json\/wp\/v2\/media\/3054"}],"wp:attachment":[{"href":"https:\/\/muziek-karine.be\/fr\/wp-json\/wp\/v2\/media?parent=3053"}],"wp:term":[{"taxonomy":"product_brand","embeddable":true,"href":"https:\/\/muziek-karine.be\/fr\/wp-json\/wp\/v2\/product_brand?post=3053"},{"taxonomy":"product_cat","embeddable":true,"href":"https:\/\/muziek-karine.be\/fr\/wp-json\/wp\/v2\/product_cat?post=3053"},{"taxonomy":"product_tag","embeddable":true,"href":"https:\/\/muziek-karine.be\/fr\/wp-json\/wp\/v2\/product_tag?post=3053"},{"taxonomy":"merken","embeddable":true,"href":"https:\/\/muziek-karine.be\/fr\/wp-json\/wp\/v2\/merken?post=3053"}],"curies":[{"name":"wp","href":"https:\/\/api.w.org\/{rel}","templated":true}]}}