{"id":4595,"date":"2024-03-06T10:49:50","date_gmt":"2024-03-06T10:49:50","guid":{"rendered":"https:\/\/muziek-karine.be\/product\/the-red-bike-punanen-polkupyora-petri-makkonen\/"},"modified":"2024-03-06T10:49:50","modified_gmt":"2024-03-06T10:49:50","slug":"the-red-bike-punanen-polkupyora-petri-makkonen","status":"publish","type":"product","link":"https:\/\/muziek-karine.be\/fr\/produit\/the-red-bike-punanen-polkupyora-petri-makkonen\/","title":{"rendered":"The Red Bike (Punanen polkupy\u00f6r\u00e4 &#8211; Petri Makkonen)"},"content":{"rendered":"<p>Contenu:<\/p>\n<ul>\n<li>Ranttalipopokka<\/li>\n<li>Kaamosvalssi<\/li>\n<li>Hirven h\u00f6lkk\u00e4\u00e4<\/li>\n<li>Lintulirkutusmasurkka<\/li>\n<li>Etydi<\/li>\n<li>H\u00e4\u00e4lalulu<\/li>\n<li>Punanen polkupy\u00f6ra<\/li>\n<li>Valssahtava emootio<\/li>\n<li>u.s.w<\/li>\n<\/ul>\n","protected":false},"excerpt":{"rendered":"<p>Contenu: Ranttalipopokka Kaamosvalssi Hirven h\u00f6lkk\u00e4\u00e4 Lintulirkutusmasurkka Etydi H\u00e4\u00e4lalulu Punanen polkupy\u00f6ra Valssahtava emootio u.s.w<\/p>\n","protected":false},"featured_media":4539,"comment_status":"open","ping_status":"closed","template":"","meta":[],"product_brand":[],"product_cat":[34,23],"product_tag":[],"merken":[],"class_list":{"0":"post-4595","1":"product","2":"type-product","3":"status-publish","4":"has-post-thumbnail","6":"product_cat-accordeon","7":"product_cat-boeken","9":"first","10":"instock","11":"taxable","12":"shipping-taxable","13":"purchasable","14":"product-type-simple"},"_links":{"self":[{"href":"https:\/\/muziek-karine.be\/fr\/wp-json\/wp\/v2\/product\/4595","targetHints":{"allow":["GET"]}}],"collection":[{"href":"https:\/\/muziek-karine.be\/fr\/wp-json\/wp\/v2\/product"}],"about":[{"href":"https:\/\/muziek-karine.be\/fr\/wp-json\/wp\/v2\/types\/product"}],"replies":[{"embeddable":true,"href":"https:\/\/muziek-karine.be\/fr\/wp-json\/wp\/v2\/comments?post=4595"}],"wp:featuredmedia":[{"embeddable":true,"href":"https:\/\/muziek-karine.be\/fr\/wp-json\/wp\/v2\/media\/4539"}],"wp:attachment":[{"href":"https:\/\/muziek-karine.be\/fr\/wp-json\/wp\/v2\/media?parent=4595"}],"wp:term":[{"taxonomy":"product_brand","embeddable":true,"href":"https:\/\/muziek-karine.be\/fr\/wp-json\/wp\/v2\/product_brand?post=4595"},{"taxonomy":"product_cat","embeddable":true,"href":"https:\/\/muziek-karine.be\/fr\/wp-json\/wp\/v2\/product_cat?post=4595"},{"taxonomy":"product_tag","embeddable":true,"href":"https:\/\/muziek-karine.be\/fr\/wp-json\/wp\/v2\/product_tag?post=4595"},{"taxonomy":"merken","embeddable":true,"href":"https:\/\/muziek-karine.be\/fr\/wp-json\/wp\/v2\/merken?post=4595"}],"curies":[{"name":"wp","href":"https:\/\/api.w.org\/{rel}","templated":true}]}}