{"id":4604,"date":"2024-02-08T16:50:53","date_gmt":"2024-02-08T16:50:53","guid":{"rendered":"https:\/\/muziek-karine.be\/product\/la-vie-est-belle-andre-rieu-piano\/"},"modified":"2024-02-08T16:50:53","modified_gmt":"2024-02-08T16:50:53","slug":"la-vie-est-belle-andre-rieu-piano","status":"publish","type":"product","link":"https:\/\/muziek-karine.be\/fr\/produit\/la-vie-est-belle-andre-rieu-piano\/","title":{"rendered":"La vie est belle &#8211; Andr\u00e9 Rieu (piano)"},"content":{"rendered":"<p>Difficult\u00e9: 2-3<\/p>\n<p>Recueil s\u00e9par\u00e9 avec seconde voix pour piano ou autre instrument en ut.<\/p>\n<ul>\n<li>Aan de Amsterdamse grachten<\/li>\n<li>Amazing Grace<\/li>\n<li>Auld lang syne<\/li>\n<li>Chianti lied<\/li>\n<li>Cielito lindo<\/li>\n<li>Clavelitos<\/li>\n<li>Der Nonnenchor<\/li>\n<li>Donau-Wellen<\/li>\n<li>Draussen in Sievering<\/li>\n<li>Hava Naguila<\/li>\n<li>Her die Hand &#8211; O habet Acht<\/li>\n<li>Ich tanze mit dir in den Himmel hinein<\/li>\n<li>Kalinka<\/li>\n<li>Stenka Rasin<\/li>\n<li>Wer uns getraut<\/li>\n<\/ul>\n","protected":false},"excerpt":{"rendered":"<p>Difficult\u00e9: 2-3 Recueil s\u00e9par\u00e9 avec seconde voix pour piano ou autre instrument en ut. Aan de Amsterdamse grachten Amazing Grace Auld lang syne Chianti lied Cielito lindo Clavelitos Der Nonnenchor Donau-Wellen Draussen in Sievering Hava Naguila Her die Hand &#8211; O habet Acht Ich tanze mit dir in den Himmel hinein Kalinka Stenka Rasin Wer [&hellip;]<\/p>\n","protected":false},"featured_media":4527,"comment_status":"open","ping_status":"closed","template":"","meta":[],"product_brand":[],"product_cat":[23,37],"product_tag":[],"merken":[],"class_list":{"0":"post-4604","1":"product","2":"type-product","3":"status-publish","4":"has-post-thumbnail","6":"product_cat-boeken","7":"product_cat-piano","9":"first","10":"instock","11":"taxable","12":"shipping-taxable","13":"purchasable","14":"product-type-simple"},"_links":{"self":[{"href":"https:\/\/muziek-karine.be\/fr\/wp-json\/wp\/v2\/product\/4604","targetHints":{"allow":["GET"]}}],"collection":[{"href":"https:\/\/muziek-karine.be\/fr\/wp-json\/wp\/v2\/product"}],"about":[{"href":"https:\/\/muziek-karine.be\/fr\/wp-json\/wp\/v2\/types\/product"}],"replies":[{"embeddable":true,"href":"https:\/\/muziek-karine.be\/fr\/wp-json\/wp\/v2\/comments?post=4604"}],"wp:featuredmedia":[{"embeddable":true,"href":"https:\/\/muziek-karine.be\/fr\/wp-json\/wp\/v2\/media\/4527"}],"wp:attachment":[{"href":"https:\/\/muziek-karine.be\/fr\/wp-json\/wp\/v2\/media?parent=4604"}],"wp:term":[{"taxonomy":"product_brand","embeddable":true,"href":"https:\/\/muziek-karine.be\/fr\/wp-json\/wp\/v2\/product_brand?post=4604"},{"taxonomy":"product_cat","embeddable":true,"href":"https:\/\/muziek-karine.be\/fr\/wp-json\/wp\/v2\/product_cat?post=4604"},{"taxonomy":"product_tag","embeddable":true,"href":"https:\/\/muziek-karine.be\/fr\/wp-json\/wp\/v2\/product_tag?post=4604"},{"taxonomy":"merken","embeddable":true,"href":"https:\/\/muziek-karine.be\/fr\/wp-json\/wp\/v2\/merken?post=4604"}],"curies":[{"name":"wp","href":"https:\/\/api.w.org\/{rel}","templated":true}]}}