{"id":4605,"date":"2024-02-08T16:44:29","date_gmt":"2024-02-08T16:44:29","guid":{"rendered":"https:\/\/muziek-karine.be\/product\/zo-word-je-singer-songwriter\/"},"modified":"2024-03-19T00:27:38","modified_gmt":"2024-03-19T00:27:38","slug":"zo-word-je-singer-songwriter","status":"publish","type":"product","link":"https:\/\/muziek-karine.be\/fr\/produit\/zo-word-je-singer-songwriter\/","title":{"rendered":"Zo word je singer\/songwriter"},"content":{"rendered":"<p>Enfin un livre qui vous aidera \u00e0 \u00e9crire vos propres chansons et \u00e0 les mettre en valeur. Eric Zijderveld explique en quelques \u00e9tapes claires tout ce que vous devez savoir, de la premi\u00e8re \u00e9tincelle d&rsquo;inspiration jusqu&rsquo;\u00e0 la prestation professionnelle devant un public.<\/p>\n","protected":false},"excerpt":{"rendered":"<p>Enfin un livre qui vous aidera \u00e0 \u00e9crire vos propres chansons et \u00e0 les mettre en valeur. Eric Zijderveld explique en quelques \u00e9tapes claires tout ce que vous devez savoir, de la premi\u00e8re \u00e9tincelle d&rsquo;inspiration jusqu&rsquo;\u00e0 la prestation professionnelle devant un public.<\/p>\n","protected":false},"featured_media":4526,"comment_status":"open","ping_status":"closed","template":"","meta":[],"product_brand":[],"product_cat":[87,94,90,91,93,86,88,92],"product_tag":[],"merken":[],"class_list":{"0":"post-4605","1":"product","2":"type-product","3":"status-publish","4":"has-post-thumbnail","6":"product_cat-accordeon-fr","7":"product_cat-chant","8":"product_cat-clavier","9":"product_cat-guitare","10":"product_cat-lharmonica","11":"product_cat-partitions","12":"product_cat-piano-fr","13":"product_cat-ukulele-fr","15":"first","16":"instock","17":"taxable","18":"shipping-taxable","19":"purchasable","20":"product-type-simple"},"_links":{"self":[{"href":"https:\/\/muziek-karine.be\/fr\/wp-json\/wp\/v2\/product\/4605","targetHints":{"allow":["GET"]}}],"collection":[{"href":"https:\/\/muziek-karine.be\/fr\/wp-json\/wp\/v2\/product"}],"about":[{"href":"https:\/\/muziek-karine.be\/fr\/wp-json\/wp\/v2\/types\/product"}],"replies":[{"embeddable":true,"href":"https:\/\/muziek-karine.be\/fr\/wp-json\/wp\/v2\/comments?post=4605"}],"wp:featuredmedia":[{"embeddable":true,"href":"https:\/\/muziek-karine.be\/fr\/wp-json\/wp\/v2\/media\/4526"}],"wp:attachment":[{"href":"https:\/\/muziek-karine.be\/fr\/wp-json\/wp\/v2\/media?parent=4605"}],"wp:term":[{"taxonomy":"product_brand","embeddable":true,"href":"https:\/\/muziek-karine.be\/fr\/wp-json\/wp\/v2\/product_brand?post=4605"},{"taxonomy":"product_cat","embeddable":true,"href":"https:\/\/muziek-karine.be\/fr\/wp-json\/wp\/v2\/product_cat?post=4605"},{"taxonomy":"product_tag","embeddable":true,"href":"https:\/\/muziek-karine.be\/fr\/wp-json\/wp\/v2\/product_tag?post=4605"},{"taxonomy":"merken","embeddable":true,"href":"https:\/\/muziek-karine.be\/fr\/wp-json\/wp\/v2\/merken?post=4605"}],"curies":[{"name":"wp","href":"https:\/\/api.w.org\/{rel}","templated":true}]}}