{"id":4607,"date":"2024-02-08T14:35:24","date_gmt":"2024-02-08T14:35:24","guid":{"rendered":"https:\/\/muziek-karine.be\/product\/mengascini-preferita-373\/"},"modified":"2024-03-19T00:31:26","modified_gmt":"2024-03-19T00:31:26","slug":"mengascini-preferita-373","status":"publish","type":"product","link":"https:\/\/muziek-karine.be\/fr\/produit\/mengascini-preferita-373\/","title":{"rendered":"Mengascini Preferita 373"},"content":{"rendered":"<p>Ce mod\u00e8le compact \u00e0 trois voix ne p\u00e8se que 9 kg.<\/p>\n<p>Fabriqu\u00e9 en standard avec des anches Durall, mais peut en option \u00e9galement \u00eatre fabriqu\u00e9 avec des anches a mano ou une \u00ab sourdine \u00bb.<\/p>\n","protected":false},"excerpt":{"rendered":"<p>Ce mod\u00e8le compact \u00e0 trois voix ne p\u00e8se que 9 kg. Fabriqu\u00e9 en standard avec des anches Durall, mais peut en option \u00e9galement \u00eatre fabriqu\u00e9 avec des anches a mano ou une \u00ab sourdine \u00bb.<\/p>\n","protected":false},"featured_media":4513,"comment_status":"open","ping_status":"closed","template":"","meta":[],"product_brand":[],"product_cat":[84,89],"product_tag":[],"merken":[122],"class_list":{"0":"post-4607","1":"product","2":"type-product","3":"status-publish","4":"has-post-thumbnail","6":"product_cat-accordeons-fr","7":"product_cat-instruments","8":"merken-mengascini-fr","10":"first","11":"instock","12":"taxable","13":"shipping-taxable","14":"product-type-simple"},"_links":{"self":[{"href":"https:\/\/muziek-karine.be\/fr\/wp-json\/wp\/v2\/product\/4607","targetHints":{"allow":["GET"]}}],"collection":[{"href":"https:\/\/muziek-karine.be\/fr\/wp-json\/wp\/v2\/product"}],"about":[{"href":"https:\/\/muziek-karine.be\/fr\/wp-json\/wp\/v2\/types\/product"}],"replies":[{"embeddable":true,"href":"https:\/\/muziek-karine.be\/fr\/wp-json\/wp\/v2\/comments?post=4607"}],"wp:featuredmedia":[{"embeddable":true,"href":"https:\/\/muziek-karine.be\/fr\/wp-json\/wp\/v2\/media\/4513"}],"wp:attachment":[{"href":"https:\/\/muziek-karine.be\/fr\/wp-json\/wp\/v2\/media?parent=4607"}],"wp:term":[{"taxonomy":"product_brand","embeddable":true,"href":"https:\/\/muziek-karine.be\/fr\/wp-json\/wp\/v2\/product_brand?post=4607"},{"taxonomy":"product_cat","embeddable":true,"href":"https:\/\/muziek-karine.be\/fr\/wp-json\/wp\/v2\/product_cat?post=4607"},{"taxonomy":"product_tag","embeddable":true,"href":"https:\/\/muziek-karine.be\/fr\/wp-json\/wp\/v2\/product_tag?post=4607"},{"taxonomy":"merken","embeddable":true,"href":"https:\/\/muziek-karine.be\/fr\/wp-json\/wp\/v2\/merken?post=4607"}],"curies":[{"name":"wp","href":"https:\/\/api.w.org\/{rel}","templated":true}]}}