{"id":4609,"date":"2024-02-08T15:25:25","date_gmt":"2024-02-08T15:25:25","guid":{"rendered":"https:\/\/muziek-karine.be\/product\/mengascini-preferita-414\/"},"modified":"2024-02-08T15:25:25","modified_gmt":"2024-02-08T15:25:25","slug":"mengascini-preferita-414","status":"publish","type":"product","link":"https:\/\/muziek-karine.be\/fr\/produit\/mengascini-preferita-414\/","title":{"rendered":"Mengascini Preferita 414"},"content":{"rendered":"<p>Cet instrument \u00e0 quatre ch\u0153urs p\u00e8se 10,5 kg<\/p>\n<p>Fabriqu\u00e9 en standard avec des anches Durall, mais peut en option \u00e9galement \u00eatre fabriqu\u00e9 avec des anches a mano ou une \u00ab sourdine \u00bb.<\/p>\n","protected":false},"excerpt":{"rendered":"<p>Cet instrument \u00e0 quatre ch\u0153urs p\u00e8se 10,5 kg Fabriqu\u00e9 en standard avec des anches Durall, mais peut en option \u00e9galement \u00eatre fabriqu\u00e9 avec des anches a mano ou une \u00ab sourdine \u00bb.<\/p>\n","protected":false},"featured_media":4274,"comment_status":"open","ping_status":"closed","template":"","meta":[],"product_brand":[],"product_cat":[84,89],"product_tag":[],"merken":[122],"class_list":{"0":"post-4609","1":"product","2":"type-product","3":"status-publish","4":"has-post-thumbnail","6":"product_cat-accordeons-fr","7":"product_cat-instruments","8":"merken-mengascini-fr","10":"first","11":"instock","12":"taxable","13":"shipping-taxable","14":"product-type-simple"},"_links":{"self":[{"href":"https:\/\/muziek-karine.be\/fr\/wp-json\/wp\/v2\/product\/4609","targetHints":{"allow":["GET"]}}],"collection":[{"href":"https:\/\/muziek-karine.be\/fr\/wp-json\/wp\/v2\/product"}],"about":[{"href":"https:\/\/muziek-karine.be\/fr\/wp-json\/wp\/v2\/types\/product"}],"replies":[{"embeddable":true,"href":"https:\/\/muziek-karine.be\/fr\/wp-json\/wp\/v2\/comments?post=4609"}],"wp:featuredmedia":[{"embeddable":true,"href":"https:\/\/muziek-karine.be\/fr\/wp-json\/wp\/v2\/media\/4274"}],"wp:attachment":[{"href":"https:\/\/muziek-karine.be\/fr\/wp-json\/wp\/v2\/media?parent=4609"}],"wp:term":[{"taxonomy":"product_brand","embeddable":true,"href":"https:\/\/muziek-karine.be\/fr\/wp-json\/wp\/v2\/product_brand?post=4609"},{"taxonomy":"product_cat","embeddable":true,"href":"https:\/\/muziek-karine.be\/fr\/wp-json\/wp\/v2\/product_cat?post=4609"},{"taxonomy":"product_tag","embeddable":true,"href":"https:\/\/muziek-karine.be\/fr\/wp-json\/wp\/v2\/product_tag?post=4609"},{"taxonomy":"merken","embeddable":true,"href":"https:\/\/muziek-karine.be\/fr\/wp-json\/wp\/v2\/merken?post=4609"}],"curies":[{"name":"wp","href":"https:\/\/api.w.org\/{rel}","templated":true}]}}