{"id":4611,"date":"2024-02-08T16:39:50","date_gmt":"2024-02-08T16:39:50","guid":{"rendered":"https:\/\/muziek-karine.be\/product\/maak-indruk-met-muziek-theorie\/"},"modified":"2024-02-08T16:39:50","modified_gmt":"2024-02-08T16:39:50","slug":"maak-indruk-met-muziek-theorie","status":"publish","type":"product","link":"https:\/\/muziek-karine.be\/fr\/produit\/maak-indruk-met-muziek-theorie\/","title":{"rendered":"Maak indruk met&#8230; Muziek Theorie"},"content":{"rendered":"<p>Contient toutes les informations dont vous avez besoin pour avoir une conversation int\u00e9ressante sur la th\u00e9orie musicale. Ce n\u2019est absolument pas une m\u00e9thode standard. A travers des paroles douces et de l&rsquo;humour, vous apprendrez les points essentiels du solf\u00e8ge. Nous parlons entre autres de l&rsquo;entra\u00eenement de l&rsquo;oreille, de l&rsquo;armure et de la structure des accords.<\/p>\n","protected":false},"excerpt":{"rendered":"<p>Contient toutes les informations dont vous avez besoin pour avoir une conversation int\u00e9ressante sur la th\u00e9orie musicale. Ce n\u2019est absolument pas une m\u00e9thode standard. A travers des paroles douces et de l&rsquo;humour, vous apprendrez les points essentiels du solf\u00e8ge. Nous parlons entre autres de l&rsquo;entra\u00eenement de l&rsquo;oreille, de l&rsquo;armure et de la structure des accords.<\/p>\n","protected":false},"featured_media":4525,"comment_status":"open","ping_status":"closed","template":"","meta":[],"product_brand":[],"product_cat":[87,94,90,91,93,86,88,92],"product_tag":[],"merken":[],"class_list":{"0":"post-4611","1":"product","2":"type-product","3":"status-publish","4":"has-post-thumbnail","6":"product_cat-accordeon-fr","7":"product_cat-chant","8":"product_cat-clavier","9":"product_cat-guitare","10":"product_cat-lharmonica","11":"product_cat-partitions","12":"product_cat-piano-fr","13":"product_cat-ukulele-fr","15":"first","16":"instock","17":"taxable","18":"shipping-taxable","19":"purchasable","20":"product-type-simple"},"_links":{"self":[{"href":"https:\/\/muziek-karine.be\/fr\/wp-json\/wp\/v2\/product\/4611","targetHints":{"allow":["GET"]}}],"collection":[{"href":"https:\/\/muziek-karine.be\/fr\/wp-json\/wp\/v2\/product"}],"about":[{"href":"https:\/\/muziek-karine.be\/fr\/wp-json\/wp\/v2\/types\/product"}],"replies":[{"embeddable":true,"href":"https:\/\/muziek-karine.be\/fr\/wp-json\/wp\/v2\/comments?post=4611"}],"wp:featuredmedia":[{"embeddable":true,"href":"https:\/\/muziek-karine.be\/fr\/wp-json\/wp\/v2\/media\/4525"}],"wp:attachment":[{"href":"https:\/\/muziek-karine.be\/fr\/wp-json\/wp\/v2\/media?parent=4611"}],"wp:term":[{"taxonomy":"product_brand","embeddable":true,"href":"https:\/\/muziek-karine.be\/fr\/wp-json\/wp\/v2\/product_brand?post=4611"},{"taxonomy":"product_cat","embeddable":true,"href":"https:\/\/muziek-karine.be\/fr\/wp-json\/wp\/v2\/product_cat?post=4611"},{"taxonomy":"product_tag","embeddable":true,"href":"https:\/\/muziek-karine.be\/fr\/wp-json\/wp\/v2\/product_tag?post=4611"},{"taxonomy":"merken","embeddable":true,"href":"https:\/\/muziek-karine.be\/fr\/wp-json\/wp\/v2\/merken?post=4611"}],"curies":[{"name":"wp","href":"https:\/\/api.w.org\/{rel}","templated":true}]}}