{"id":4642,"date":"2024-01-27T16:00:42","date_gmt":"2024-01-27T16:00:42","guid":{"rendered":"https:\/\/muziek-karine.be\/product\/fratelli-crosio-doccasion-e-3300\/"},"modified":"2024-01-27T16:00:42","modified_gmt":"2024-01-27T16:00:42","slug":"fratelli-crosio-doccasion-e-3300","status":"publish","type":"product","link":"https:\/\/muziek-karine.be\/fr\/produit\/fratelli-crosio-doccasion-e-3300\/","title":{"rendered":"Fratelli Crosio d&rsquo;occasion \u20ac 3300"},"content":{"rendered":"<p>Fratelli Crosio 16+8+8+8 Autrement dit, une musette puissante.<\/p>\n<p>Tr\u00e8s r\u00e9cemment, un accordage complet a \u00e9t\u00e9 effectu\u00e9 avec toutes les peaux et la cire remplac\u00e9es !<\/p>\n","protected":false},"excerpt":{"rendered":"<p>Fratelli Crosio 16+8+8+8 Autrement dit, une musette puissante. Tr\u00e8s r\u00e9cemment, un accordage complet a \u00e9t\u00e9 effectu\u00e9 avec toutes les peaux et la cire remplac\u00e9es !<\/p>\n","protected":false},"featured_media":4507,"comment_status":"open","ping_status":"closed","template":"","meta":[],"product_brand":[],"product_cat":[84,85,89],"product_tag":[],"merken":[],"class_list":{"0":"post-4642","1":"product","2":"type-product","3":"status-publish","4":"has-post-thumbnail","6":"product_cat-accordeons-fr","7":"product_cat-doccasion","8":"product_cat-instruments","10":"first","11":"instock","12":"taxable","13":"shipping-taxable","14":"product-type-simple"},"_links":{"self":[{"href":"https:\/\/muziek-karine.be\/fr\/wp-json\/wp\/v2\/product\/4642","targetHints":{"allow":["GET"]}}],"collection":[{"href":"https:\/\/muziek-karine.be\/fr\/wp-json\/wp\/v2\/product"}],"about":[{"href":"https:\/\/muziek-karine.be\/fr\/wp-json\/wp\/v2\/types\/product"}],"replies":[{"embeddable":true,"href":"https:\/\/muziek-karine.be\/fr\/wp-json\/wp\/v2\/comments?post=4642"}],"wp:featuredmedia":[{"embeddable":true,"href":"https:\/\/muziek-karine.be\/fr\/wp-json\/wp\/v2\/media\/4507"}],"wp:attachment":[{"href":"https:\/\/muziek-karine.be\/fr\/wp-json\/wp\/v2\/media?parent=4642"}],"wp:term":[{"taxonomy":"product_brand","embeddable":true,"href":"https:\/\/muziek-karine.be\/fr\/wp-json\/wp\/v2\/product_brand?post=4642"},{"taxonomy":"product_cat","embeddable":true,"href":"https:\/\/muziek-karine.be\/fr\/wp-json\/wp\/v2\/product_cat?post=4642"},{"taxonomy":"product_tag","embeddable":true,"href":"https:\/\/muziek-karine.be\/fr\/wp-json\/wp\/v2\/product_tag?post=4642"},{"taxonomy":"merken","embeddable":true,"href":"https:\/\/muziek-karine.be\/fr\/wp-json\/wp\/v2\/merken?post=4642"}],"curies":[{"name":"wp","href":"https:\/\/api.w.org\/{rel}","templated":true}]}}