{"id":4643,"date":"2024-01-21T22:55:51","date_gmt":"2024-01-21T22:55:51","guid":{"rendered":"https:\/\/muziek-karine.be\/product\/excelsior-921r\/"},"modified":"2024-01-21T22:55:51","modified_gmt":"2024-01-21T22:55:51","slug":"excelsior-921r","status":"publish","type":"product","link":"https:\/\/muziek-karine.be\/fr\/produit\/excelsior-921r\/","title":{"rendered":"Excelsior 921R"},"content":{"rendered":"<p>Cet accord\u00e9on a 2 voix en cassotto, des anches faites \u00e0 la main et est livr\u00e9 en standard avec un \u00e9tui <em>de luxe<\/em>.<\/p>\n","protected":false},"excerpt":{"rendered":"<p>Cet accord\u00e9on a 2 voix en cassotto, des anches faites \u00e0 la main et est livr\u00e9 en standard avec un \u00e9tui de luxe.<\/p>\n","protected":false},"featured_media":4503,"comment_status":"open","ping_status":"closed","template":"","meta":[],"product_brand":[],"product_cat":[84],"product_tag":[],"merken":[124],"class_list":{"0":"post-4643","1":"product","2":"type-product","3":"status-publish","4":"has-post-thumbnail","6":"product_cat-accordeons-fr","7":"merken-excelsior-fr","9":"first","10":"instock","11":"taxable","12":"shipping-taxable","13":"product-type-simple"},"_links":{"self":[{"href":"https:\/\/muziek-karine.be\/fr\/wp-json\/wp\/v2\/product\/4643","targetHints":{"allow":["GET"]}}],"collection":[{"href":"https:\/\/muziek-karine.be\/fr\/wp-json\/wp\/v2\/product"}],"about":[{"href":"https:\/\/muziek-karine.be\/fr\/wp-json\/wp\/v2\/types\/product"}],"replies":[{"embeddable":true,"href":"https:\/\/muziek-karine.be\/fr\/wp-json\/wp\/v2\/comments?post=4643"}],"wp:featuredmedia":[{"embeddable":true,"href":"https:\/\/muziek-karine.be\/fr\/wp-json\/wp\/v2\/media\/4503"}],"wp:attachment":[{"href":"https:\/\/muziek-karine.be\/fr\/wp-json\/wp\/v2\/media?parent=4643"}],"wp:term":[{"taxonomy":"product_brand","embeddable":true,"href":"https:\/\/muziek-karine.be\/fr\/wp-json\/wp\/v2\/product_brand?post=4643"},{"taxonomy":"product_cat","embeddable":true,"href":"https:\/\/muziek-karine.be\/fr\/wp-json\/wp\/v2\/product_cat?post=4643"},{"taxonomy":"product_tag","embeddable":true,"href":"https:\/\/muziek-karine.be\/fr\/wp-json\/wp\/v2\/product_tag?post=4643"},{"taxonomy":"merken","embeddable":true,"href":"https:\/\/muziek-karine.be\/fr\/wp-json\/wp\/v2\/merken?post=4643"}],"curies":[{"name":"wp","href":"https:\/\/api.w.org\/{rel}","templated":true}]}}