{"id":4672,"date":"2024-03-22T13:50:40","date_gmt":"2024-03-22T13:50:40","guid":{"rendered":"https:\/\/muziek-karine.be\/product\/chariot-daccordeon-en-largeur\/"},"modified":"2024-03-25T15:16:30","modified_gmt":"2024-03-25T15:16:30","slug":"chariot-daccordeon-en-largeur","status":"publish","type":"product","link":"https:\/\/muziek-karine.be\/fr\/produit\/chariot-daccordeon-en-largeur\/","title":{"rendered":"Chariot d&rsquo;accord\u00e9on en largeur"},"content":{"rendered":"<p>Le chariot peut facilement \u00eatre ajust\u00e9 \u00e0 la largeur de la valise.<\/p>\n","protected":false},"excerpt":{"rendered":"<p>Le chariot peut facilement \u00eatre ajust\u00e9 \u00e0 la largeur de la valise.<\/p>\n","protected":false},"featured_media":4670,"comment_status":"open","ping_status":"closed","template":"","meta":[],"product_brand":[],"product_cat":[95,100],"product_tag":[],"merken":[],"class_list":{"0":"post-4672","1":"product","2":"type-product","3":"status-publish","4":"has-post-thumbnail","6":"product_cat-accessoires-fr","7":"product_cat-chariot-pour-accordeon","8":"product_shipping_class-taux-majore","10":"first","11":"instock","12":"taxable","13":"shipping-taxable","14":"purchasable","15":"product-type-simple"},"_links":{"self":[{"href":"https:\/\/muziek-karine.be\/fr\/wp-json\/wp\/v2\/product\/4672","targetHints":{"allow":["GET"]}}],"collection":[{"href":"https:\/\/muziek-karine.be\/fr\/wp-json\/wp\/v2\/product"}],"about":[{"href":"https:\/\/muziek-karine.be\/fr\/wp-json\/wp\/v2\/types\/product"}],"replies":[{"embeddable":true,"href":"https:\/\/muziek-karine.be\/fr\/wp-json\/wp\/v2\/comments?post=4672"}],"wp:featuredmedia":[{"embeddable":true,"href":"https:\/\/muziek-karine.be\/fr\/wp-json\/wp\/v2\/media\/4670"}],"wp:attachment":[{"href":"https:\/\/muziek-karine.be\/fr\/wp-json\/wp\/v2\/media?parent=4672"}],"wp:term":[{"taxonomy":"product_brand","embeddable":true,"href":"https:\/\/muziek-karine.be\/fr\/wp-json\/wp\/v2\/product_brand?post=4672"},{"taxonomy":"product_cat","embeddable":true,"href":"https:\/\/muziek-karine.be\/fr\/wp-json\/wp\/v2\/product_cat?post=4672"},{"taxonomy":"product_tag","embeddable":true,"href":"https:\/\/muziek-karine.be\/fr\/wp-json\/wp\/v2\/product_tag?post=4672"},{"taxonomy":"merken","embeddable":true,"href":"https:\/\/muziek-karine.be\/fr\/wp-json\/wp\/v2\/merken?post=4672"}],"curies":[{"name":"wp","href":"https:\/\/api.w.org\/{rel}","templated":true}]}}