{"id":4779,"date":"2024-01-21T16:32:14","date_gmt":"2024-01-21T16:32:14","guid":{"rendered":"https:\/\/muziek-karine.be\/product\/excelsior-ac-r-continental\/"},"modified":"2024-01-21T16:32:14","modified_gmt":"2024-01-21T16:32:14","slug":"excelsior-ac-r-continental","status":"publish","type":"product","link":"https:\/\/muziek-karine.be\/fr\/produit\/excelsior-ac-r-continental\/","title":{"rendered":"Excelsior AC\/R \u00ab\u00a0Continental\u00a0\u00bb"},"content":{"rendered":"<p>Un accord\u00e9on, \u00e0 deux voix en cassotto, du plus haut niveau. Avec pas moins de six voix dans la main gauche et 7 registres, vous pourrez \u00e9pater n&rsquo;importe qui.<\/p>\n<p>Ici aussi, anches faites \u00e0 la main et <em>\u00e9tui de luxe<\/em>.<\/p>\n<p>Ce mod\u00e8le dispose de touches de 18 mm et est donc 5 cm plus court et 500 grammes plus l\u00e9ger que l&rsquo;Excelsior AC.<\/p>\n","protected":false},"excerpt":{"rendered":"<p>Un accord\u00e9on, \u00e0 deux voix en cassotto, du plus haut niveau. Avec pas moins de six voix dans la main gauche et 7 registres, vous pourrez \u00e9pater n&rsquo;importe qui. Ici aussi, anches faites \u00e0 la main et \u00e9tui de luxe. Ce mod\u00e8le dispose de touches de 18 mm et est donc 5 cm plus court [&hellip;]<\/p>\n","protected":false},"featured_media":4493,"comment_status":"open","ping_status":"closed","template":"","meta":[],"product_brand":[],"product_cat":[84],"product_tag":[],"merken":[124],"class_list":{"0":"post-4779","1":"product","2":"type-product","3":"status-publish","4":"has-post-thumbnail","6":"product_cat-accordeons-fr","7":"merken-excelsior-fr","9":"first","10":"instock","11":"taxable","12":"shipping-taxable","13":"product-type-simple"},"_links":{"self":[{"href":"https:\/\/muziek-karine.be\/fr\/wp-json\/wp\/v2\/product\/4779","targetHints":{"allow":["GET"]}}],"collection":[{"href":"https:\/\/muziek-karine.be\/fr\/wp-json\/wp\/v2\/product"}],"about":[{"href":"https:\/\/muziek-karine.be\/fr\/wp-json\/wp\/v2\/types\/product"}],"replies":[{"embeddable":true,"href":"https:\/\/muziek-karine.be\/fr\/wp-json\/wp\/v2\/comments?post=4779"}],"wp:featuredmedia":[{"embeddable":true,"href":"https:\/\/muziek-karine.be\/fr\/wp-json\/wp\/v2\/media\/4493"}],"wp:attachment":[{"href":"https:\/\/muziek-karine.be\/fr\/wp-json\/wp\/v2\/media?parent=4779"}],"wp:term":[{"taxonomy":"product_brand","embeddable":true,"href":"https:\/\/muziek-karine.be\/fr\/wp-json\/wp\/v2\/product_brand?post=4779"},{"taxonomy":"product_cat","embeddable":true,"href":"https:\/\/muziek-karine.be\/fr\/wp-json\/wp\/v2\/product_cat?post=4779"},{"taxonomy":"product_tag","embeddable":true,"href":"https:\/\/muziek-karine.be\/fr\/wp-json\/wp\/v2\/product_tag?post=4779"},{"taxonomy":"merken","embeddable":true,"href":"https:\/\/muziek-karine.be\/fr\/wp-json\/wp\/v2\/merken?post=4779"}],"curies":[{"name":"wp","href":"https:\/\/api.w.org\/{rel}","templated":true}]}}