{"id":4780,"date":"2024-01-21T15:47:31","date_gmt":"2024-01-21T15:47:31","guid":{"rendered":"https:\/\/muziek-karine.be\/product\/excelsior-990-new-soul\/"},"modified":"2024-01-21T15:47:31","modified_gmt":"2024-01-21T15:47:31","slug":"excelsior-990-new-soul","status":"publish","type":"product","link":"https:\/\/muziek-karine.be\/fr\/produit\/excelsior-990-new-soul\/","title":{"rendered":"Excelsior 990 &lsquo;New Soul&rsquo;"},"content":{"rendered":"<p>Un accord\u00e9on avec toutes les fonctionnalit\u00e9s mais toujours plus l\u00e9ger que le standard, c&rsquo;est possible avec le mod\u00e8le 990.<\/p>\n<p>La diff\u00e9rence est de 2 cm ou un demi-kilo. Dimensions: 47*20cm. Poids: 11,4 kg<\/p>\n<p>Bien s\u00fbr avec des anches faites \u00e0 la main et un <em>\u00e9tui de luxe<\/em>.<\/p>\n<p>&nbsp;<\/p>\n","protected":false},"excerpt":{"rendered":"<p>Un accord\u00e9on avec toutes les fonctionnalit\u00e9s mais toujours plus l\u00e9ger que le standard, c&rsquo;est possible avec le mod\u00e8le 990. La diff\u00e9rence est de 2 cm ou un demi-kilo. Dimensions: 47*20cm. Poids: 11,4 kg Bien s\u00fbr avec des anches faites \u00e0 la main et un \u00e9tui de luxe. &nbsp;<\/p>\n","protected":false},"featured_media":4491,"comment_status":"open","ping_status":"closed","template":"","meta":[],"product_brand":[],"product_cat":[84],"product_tag":[],"merken":[124],"class_list":{"0":"post-4780","1":"product","2":"type-product","3":"status-publish","4":"has-post-thumbnail","6":"product_cat-accordeons-fr","7":"merken-excelsior-fr","9":"first","10":"instock","11":"taxable","12":"shipping-taxable","13":"product-type-simple"},"_links":{"self":[{"href":"https:\/\/muziek-karine.be\/fr\/wp-json\/wp\/v2\/product\/4780","targetHints":{"allow":["GET"]}}],"collection":[{"href":"https:\/\/muziek-karine.be\/fr\/wp-json\/wp\/v2\/product"}],"about":[{"href":"https:\/\/muziek-karine.be\/fr\/wp-json\/wp\/v2\/types\/product"}],"replies":[{"embeddable":true,"href":"https:\/\/muziek-karine.be\/fr\/wp-json\/wp\/v2\/comments?post=4780"}],"wp:featuredmedia":[{"embeddable":true,"href":"https:\/\/muziek-karine.be\/fr\/wp-json\/wp\/v2\/media\/4491"}],"wp:attachment":[{"href":"https:\/\/muziek-karine.be\/fr\/wp-json\/wp\/v2\/media?parent=4780"}],"wp:term":[{"taxonomy":"product_brand","embeddable":true,"href":"https:\/\/muziek-karine.be\/fr\/wp-json\/wp\/v2\/product_brand?post=4780"},{"taxonomy":"product_cat","embeddable":true,"href":"https:\/\/muziek-karine.be\/fr\/wp-json\/wp\/v2\/product_cat?post=4780"},{"taxonomy":"product_tag","embeddable":true,"href":"https:\/\/muziek-karine.be\/fr\/wp-json\/wp\/v2\/product_tag?post=4780"},{"taxonomy":"merken","embeddable":true,"href":"https:\/\/muziek-karine.be\/fr\/wp-json\/wp\/v2\/merken?post=4780"}],"curies":[{"name":"wp","href":"https:\/\/api.w.org\/{rel}","templated":true}]}}