{"id":4781,"date":"2024-01-21T15:25:58","date_gmt":"2024-01-21T15:25:58","guid":{"rendered":"https:\/\/muziek-karine.be\/product\/excelsior-940\/"},"modified":"2024-01-21T15:25:58","modified_gmt":"2024-01-21T15:25:58","slug":"excelsior-940","status":"publish","type":"product","link":"https:\/\/muziek-karine.be\/fr\/produit\/excelsior-940\/","title":{"rendered":"Excelsior 940"},"content":{"rendered":"<p>Le mod\u00e8le 940 est le premier mod\u00e8le Excelsior de la s\u00e9rie avec anches faits \u00e0 la main \u00e9t bo\u00eete de r\u00e9sonance.<\/p>\n<p>La valise <em>de luxe<\/em> est \u00e9galement standard avec ce mod\u00e8le.<\/p>\n<p>Le grand fr\u00e8re est le mod\u00e8le 960, qui poss\u00e8de une voix de plus dans la main droite.<\/p>\n","protected":false},"excerpt":{"rendered":"<p>Le mod\u00e8le 940 est le premier mod\u00e8le Excelsior de la s\u00e9rie avec anches faits \u00e0 la main \u00e9t bo\u00eete de r\u00e9sonance. La valise de luxe est \u00e9galement standard avec ce mod\u00e8le. Le grand fr\u00e8re est le mod\u00e8le 960, qui poss\u00e8de une voix de plus dans la main droite.<\/p>\n","protected":false},"featured_media":4489,"comment_status":"open","ping_status":"closed","template":"","meta":[],"product_brand":[],"product_cat":[84],"product_tag":[],"merken":[124],"class_list":{"0":"post-4781","1":"product","2":"type-product","3":"status-publish","4":"has-post-thumbnail","6":"product_cat-accordeons-fr","7":"merken-excelsior-fr","9":"first","10":"instock","11":"taxable","12":"shipping-taxable","13":"product-type-simple"},"_links":{"self":[{"href":"https:\/\/muziek-karine.be\/fr\/wp-json\/wp\/v2\/product\/4781","targetHints":{"allow":["GET"]}}],"collection":[{"href":"https:\/\/muziek-karine.be\/fr\/wp-json\/wp\/v2\/product"}],"about":[{"href":"https:\/\/muziek-karine.be\/fr\/wp-json\/wp\/v2\/types\/product"}],"replies":[{"embeddable":true,"href":"https:\/\/muziek-karine.be\/fr\/wp-json\/wp\/v2\/comments?post=4781"}],"wp:featuredmedia":[{"embeddable":true,"href":"https:\/\/muziek-karine.be\/fr\/wp-json\/wp\/v2\/media\/4489"}],"wp:attachment":[{"href":"https:\/\/muziek-karine.be\/fr\/wp-json\/wp\/v2\/media?parent=4781"}],"wp:term":[{"taxonomy":"product_brand","embeddable":true,"href":"https:\/\/muziek-karine.be\/fr\/wp-json\/wp\/v2\/product_brand?post=4781"},{"taxonomy":"product_cat","embeddable":true,"href":"https:\/\/muziek-karine.be\/fr\/wp-json\/wp\/v2\/product_cat?post=4781"},{"taxonomy":"product_tag","embeddable":true,"href":"https:\/\/muziek-karine.be\/fr\/wp-json\/wp\/v2\/product_tag?post=4781"},{"taxonomy":"merken","embeddable":true,"href":"https:\/\/muziek-karine.be\/fr\/wp-json\/wp\/v2\/merken?post=4781"}],"curies":[{"name":"wp","href":"https:\/\/api.w.org\/{rel}","templated":true}]}}