{"id":4782,"date":"2024-01-21T15:39:48","date_gmt":"2024-01-21T15:39:48","guid":{"rendered":"https:\/\/muziek-karine.be\/product\/excelsior-960\/"},"modified":"2024-01-21T15:39:48","modified_gmt":"2024-01-21T15:39:48","slug":"excelsior-960","status":"publish","type":"product","link":"https:\/\/muziek-karine.be\/fr\/produit\/excelsior-960\/","title":{"rendered":"Excelsior 960"},"content":{"rendered":"<p>Power &#8211; Power &#8211; Power<\/p>\n<p>Tous ceux qui aiment les accord\u00e9ons d&rsquo;antan se r\u00e9galeront avec ce mod\u00e8le 960 !<\/p>\n<p>Un accord\u00e9on \u00e0 5 voix cont deux voix en cassotto et anches faites \u00e0 la main. Tout cela est transport\u00e9 dans une valise <em>de luxe<\/em>.<\/p>\n","protected":false},"excerpt":{"rendered":"<p>Power &#8211; Power &#8211; Power Tous ceux qui aiment les accord\u00e9ons d&rsquo;antan se r\u00e9galeront avec ce mod\u00e8le 960 ! Un accord\u00e9on \u00e0 5 voix cont deux voix en cassotto et anches faites \u00e0 la main. Tout cela est transport\u00e9 dans une valise de luxe.<\/p>\n","protected":false},"featured_media":4490,"comment_status":"open","ping_status":"closed","template":"","meta":[],"product_brand":[],"product_cat":[84],"product_tag":[],"merken":[124],"class_list":{"0":"post-4782","1":"product","2":"type-product","3":"status-publish","4":"has-post-thumbnail","6":"product_cat-accordeons-fr","7":"merken-excelsior-fr","9":"first","10":"instock","11":"taxable","12":"shipping-taxable","13":"product-type-simple"},"_links":{"self":[{"href":"https:\/\/muziek-karine.be\/fr\/wp-json\/wp\/v2\/product\/4782","targetHints":{"allow":["GET"]}}],"collection":[{"href":"https:\/\/muziek-karine.be\/fr\/wp-json\/wp\/v2\/product"}],"about":[{"href":"https:\/\/muziek-karine.be\/fr\/wp-json\/wp\/v2\/types\/product"}],"replies":[{"embeddable":true,"href":"https:\/\/muziek-karine.be\/fr\/wp-json\/wp\/v2\/comments?post=4782"}],"wp:featuredmedia":[{"embeddable":true,"href":"https:\/\/muziek-karine.be\/fr\/wp-json\/wp\/v2\/media\/4490"}],"wp:attachment":[{"href":"https:\/\/muziek-karine.be\/fr\/wp-json\/wp\/v2\/media?parent=4782"}],"wp:term":[{"taxonomy":"product_brand","embeddable":true,"href":"https:\/\/muziek-karine.be\/fr\/wp-json\/wp\/v2\/product_brand?post=4782"},{"taxonomy":"product_cat","embeddable":true,"href":"https:\/\/muziek-karine.be\/fr\/wp-json\/wp\/v2\/product_cat?post=4782"},{"taxonomy":"product_tag","embeddable":true,"href":"https:\/\/muziek-karine.be\/fr\/wp-json\/wp\/v2\/product_tag?post=4782"},{"taxonomy":"merken","embeddable":true,"href":"https:\/\/muziek-karine.be\/fr\/wp-json\/wp\/v2\/merken?post=4782"}],"curies":[{"name":"wp","href":"https:\/\/api.w.org\/{rel}","templated":true}]}}