{"id":4784,"date":"2024-01-21T15:12:47","date_gmt":"2024-01-21T15:12:47","guid":{"rendered":"https:\/\/muziek-karine.be\/product\/excelsior-704\/"},"modified":"2024-01-21T15:12:47","modified_gmt":"2024-01-21T15:12:47","slug":"excelsior-704","status":"publish","type":"product","link":"https:\/\/muziek-karine.be\/fr\/produit\/excelsior-704\/","title":{"rendered":"Excelsior 704"},"content":{"rendered":"<p>Ce mod\u00e8le a deux voix dans la bo\u00eete de r\u00e9sonance. Poids: 11 kg<\/p>\n","protected":false},"excerpt":{"rendered":"<p>Ce mod\u00e8le a deux voix dans la bo\u00eete de r\u00e9sonance. Poids: 11 kg<\/p>\n","protected":false},"featured_media":4487,"comment_status":"open","ping_status":"closed","template":"","meta":[],"product_brand":[],"product_cat":[84],"product_tag":[],"merken":[124],"class_list":{"0":"post-4784","1":"product","2":"type-product","3":"status-publish","4":"has-post-thumbnail","6":"product_cat-accordeons-fr","7":"merken-excelsior-fr","9":"first","10":"instock","11":"taxable","12":"shipping-taxable","13":"product-type-simple"},"_links":{"self":[{"href":"https:\/\/muziek-karine.be\/fr\/wp-json\/wp\/v2\/product\/4784","targetHints":{"allow":["GET"]}}],"collection":[{"href":"https:\/\/muziek-karine.be\/fr\/wp-json\/wp\/v2\/product"}],"about":[{"href":"https:\/\/muziek-karine.be\/fr\/wp-json\/wp\/v2\/types\/product"}],"replies":[{"embeddable":true,"href":"https:\/\/muziek-karine.be\/fr\/wp-json\/wp\/v2\/comments?post=4784"}],"wp:featuredmedia":[{"embeddable":true,"href":"https:\/\/muziek-karine.be\/fr\/wp-json\/wp\/v2\/media\/4487"}],"wp:attachment":[{"href":"https:\/\/muziek-karine.be\/fr\/wp-json\/wp\/v2\/media?parent=4784"}],"wp:term":[{"taxonomy":"product_brand","embeddable":true,"href":"https:\/\/muziek-karine.be\/fr\/wp-json\/wp\/v2\/product_brand?post=4784"},{"taxonomy":"product_cat","embeddable":true,"href":"https:\/\/muziek-karine.be\/fr\/wp-json\/wp\/v2\/product_cat?post=4784"},{"taxonomy":"product_tag","embeddable":true,"href":"https:\/\/muziek-karine.be\/fr\/wp-json\/wp\/v2\/product_tag?post=4784"},{"taxonomy":"merken","embeddable":true,"href":"https:\/\/muziek-karine.be\/fr\/wp-json\/wp\/v2\/merken?post=4784"}],"curies":[{"name":"wp","href":"https:\/\/api.w.org\/{rel}","templated":true}]}}