{"id":4787,"date":"2024-01-21T14:33:55","date_gmt":"2024-01-21T14:33:55","guid":{"rendered":"https:\/\/muziek-karine.be\/product\/excelsior-596\/"},"modified":"2024-10-27T15:45:40","modified_gmt":"2024-10-27T15:45:40","slug":"excelsior-596","status":"publish","type":"product","link":"https:\/\/muziek-karine.be\/fr\/produit\/excelsior-596\/","title":{"rendered":"Excelsior 596"},"content":{"rendered":"<p>Si vous recherchez de la puissance mais toujours dans un accord\u00e9on l\u00e9ger, alors le mod\u00e8le 596 pourrait \u00eatre fait pour vous.<\/p>\n<p>Cet accord\u00e9on de 11 kg ne poss\u00e8de pas moins de 5 voix et 120 basses. Le faible poids r\u00e9side dans les 37 notes jou\u00e9es \u00e0 droite, qui sont dans un ch\u00e2ssis plus petit que les 41 notes habituelles.<\/p>\n<p>N&rsquo;oubliez pas la belle bo\u00eete de r\u00e9sonance!<\/p>\n","protected":false},"excerpt":{"rendered":"<p>Si vous recherchez de la puissance mais toujours dans un accord\u00e9on l\u00e9ger, alors le mod\u00e8le 596 pourrait \u00eatre fait pour vous. Cet accord\u00e9on de 11 kg ne poss\u00e8de pas moins de 5 voix et 120 basses. Le faible poids r\u00e9side dans les 37 notes jou\u00e9es \u00e0 droite, qui sont dans un ch\u00e2ssis plus petit que [&hellip;]<\/p>\n","protected":false},"featured_media":4486,"comment_status":"open","ping_status":"closed","template":"","meta":[],"product_brand":[],"product_cat":[84],"product_tag":[],"merken":[124],"class_list":{"0":"post-4787","1":"product","2":"type-product","3":"status-publish","4":"has-post-thumbnail","6":"product_cat-accordeons-fr","7":"merken-excelsior-fr","9":"first","10":"instock","11":"taxable","12":"shipping-taxable","13":"product-type-simple"},"_links":{"self":[{"href":"https:\/\/muziek-karine.be\/fr\/wp-json\/wp\/v2\/product\/4787","targetHints":{"allow":["GET"]}}],"collection":[{"href":"https:\/\/muziek-karine.be\/fr\/wp-json\/wp\/v2\/product"}],"about":[{"href":"https:\/\/muziek-karine.be\/fr\/wp-json\/wp\/v2\/types\/product"}],"replies":[{"embeddable":true,"href":"https:\/\/muziek-karine.be\/fr\/wp-json\/wp\/v2\/comments?post=4787"}],"wp:featuredmedia":[{"embeddable":true,"href":"https:\/\/muziek-karine.be\/fr\/wp-json\/wp\/v2\/media\/4486"}],"wp:attachment":[{"href":"https:\/\/muziek-karine.be\/fr\/wp-json\/wp\/v2\/media?parent=4787"}],"wp:term":[{"taxonomy":"product_brand","embeddable":true,"href":"https:\/\/muziek-karine.be\/fr\/wp-json\/wp\/v2\/product_brand?post=4787"},{"taxonomy":"product_cat","embeddable":true,"href":"https:\/\/muziek-karine.be\/fr\/wp-json\/wp\/v2\/product_cat?post=4787"},{"taxonomy":"product_tag","embeddable":true,"href":"https:\/\/muziek-karine.be\/fr\/wp-json\/wp\/v2\/product_tag?post=4787"},{"taxonomy":"merken","embeddable":true,"href":"https:\/\/muziek-karine.be\/fr\/wp-json\/wp\/v2\/merken?post=4787"}],"curies":[{"name":"wp","href":"https:\/\/api.w.org\/{rel}","templated":true}]}}